{"id":14,"date":"2022-10-11T21:28:55","date_gmt":"2022-10-11T18:28:55","guid":{"rendered":"https:\/\/hesas.com.tr\/?page_id=14"},"modified":"2023-03-19T13:49:10","modified_gmt":"2023-03-19T10:49:10","slug":"hakkimizda","status":"publish","type":"page","link":"https:\/\/hesas.com.tr\/en\/hakkimizda\/","title":{"rendered":"About Us"},"content":{"rendered":"<div data-elementor-type=\"wp-page\" data-elementor-id=\"14\" class=\"elementor elementor-14\">\n\t\t\t\t\t\t\t\t\t<section class=\"elementor-section elementor-top-section elementor-element elementor-element-1d16293 elementor-section-boxed elementor-section-height-default elementor-section-height-default\" data-id=\"1d16293\" data-element_type=\"section\">\n\t\t\t\t\t\t<div class=\"elementor-container elementor-column-gap-default\">\n\t\t\t\t\t<div class=\"elementor-column elementor-col-100 elementor-top-column elementor-element elementor-element-74f10f4\" data-id=\"74f10f4\" data-element_type=\"column\">\n\t\t\t<div class=\"elementor-widget-wrap elementor-element-populated\">\n\t\t\t\t\t\t\t\t<div class=\"elementor-element elementor-element-295545cc elementor-widget elementor-widget-heading\" data-id=\"295545cc\" data-element_type=\"widget\" data-widget_type=\"heading.default\">\n\t\t\t\t<div class=\"elementor-widget-container\">\n\t\t\t<style>\/*! elementor - v3.11.5 - 14-03-2023 *\/\n.elementor-heading-title{padding:0;margin:0;line-height:1}.elementor-widget-heading .elementor-heading-title[class*=elementor-size-]>a{color:inherit;font-size:inherit;line-height:inherit}.elementor-widget-heading .elementor-heading-title.elementor-size-small{font-size:15px}.elementor-widget-heading .elementor-heading-title.elementor-size-medium{font-size:19px}.elementor-widget-heading .elementor-heading-title.elementor-size-large{font-size:29px}.elementor-widget-heading .elementor-heading-title.elementor-size-xl{font-size:39px}.elementor-widget-heading .elementor-heading-title.elementor-size-xxl{font-size:59px}<\/style><h1 class=\"elementor-heading-title elementor-size-default\">About Us<\/h1>\t\t<\/div>\n\t\t\t\t<\/div>\n\t\t\t\t<div class=\"elementor-element elementor-element-567dd852 elementor-widget elementor-widget-text-editor\" data-id=\"567dd852\" data-element_type=\"widget\" data-widget_type=\"text-editor.default\">\n\t\t\t\t<div class=\"elementor-widget-container\">\n\t\t\t<style>\/*! elementor - v3.11.5 - 14-03-2023 *\/\n.elementor-widget-text-editor.elementor-drop-cap-view-stacked .elementor-drop-cap{background-color:#818a91;color:#fff}.elementor-widget-text-editor.elementor-drop-cap-view-framed .elementor-drop-cap{color:#818a91;border:3px solid;background-color:transparent}.elementor-widget-text-editor:not(.elementor-drop-cap-view-default) .elementor-drop-cap{margin-top:8px}.elementor-widget-text-editor:not(.elementor-drop-cap-view-default) .elementor-drop-cap-letter{width:1em;height:1em}.elementor-widget-text-editor .elementor-drop-cap{float:left;text-align:center;line-height:1;font-size:50px}.elementor-widget-text-editor .elementor-drop-cap-letter{display:inline-block}<\/style>\t\t\t\t<p>Promotional activities, which are at the top of the methods used by contemporary business efforts such as market development and customer satisfaction, have led to the emergence of a very large and dynamic sector where all businesses and institutions are assumed as the target audience, regardless of sector and scale: Promotion Sector.<\/p>\n<p>The size of this industry, whose borders can hardly be determined when compared in terms of both the diversity of the products and services it offers, as well as the number of target audience and customers, has reached levels that can cause surprise beyond the expectations.<\/p>\n<p>HESA\u015e A.\u015e., which was founded in the 70s and has been operating as a joint stock company since 1982, is the largest company in this sector with investments and portfolio in Turkey and its immediate surroundings, as well as being a company that laid the foundations for the formation of the promotion sector in the national market and sets the trends and standards. is a leader.<\/p>\n<p>Although most of its production is for promotion, it also provides various products to sectors such as automotive, white goods and durable consumer goods with its technical possibilities and quality level and serves as a sub-industry.<\/p>\n<p>HESA\u015e A.S. As a result of its efforts to open up to foreign markets in recent years, it exports to more than twenty countries and can easily compete in the international market in terms of product variety, quality and price. It realizes approximately 40% of its total sales as exports and this rate is increasing rapidly every year. This is an indication that HESA\u015e A.\u015e. is on its way to becoming an international brand, which is one of its goals.<\/p>\n<p class=\" translation-block\">Developing and developing products that are accepted and demanded worldwide in terms of product design that is contemporary and in line with customer expectations, <strong>HESA\u015e A.\u015e.<\/strong> exhibits and promotes its current product portfolio at domestic and international specialized fairs every year. As a requirement of its leading position in the sector, it is a member of international organizations related to the promotion sector such as PSI, PPAI and PROMOTA, and is a founding member of PROMOT\u00dcRK, an association established as a solution platform for the problems of the sector in the country.<\/p>\t\t\t\t\t\t<\/div>\n\t\t\t\t<\/div>\n\t\t\t\t\t<\/div>\n\t\t<\/div>\n\t\t\t\t\t\t\t<\/div>\n\t\t<\/section>\n\t\t\t\t<section class=\"elementor-section elementor-top-section elementor-element elementor-element-bd5ed07 elementor-section-boxed elementor-section-height-default elementor-section-height-default\" data-id=\"bd5ed07\" data-element_type=\"section\">\n\t\t\t\t\t\t<div class=\"elementor-container elementor-column-gap-default\">\n\t\t\t\t\t<div class=\"elementor-column elementor-col-33 elementor-top-column elementor-element elementor-element-6a4d1aa\" data-id=\"6a4d1aa\" data-element_type=\"column\">\n\t\t\t<div class=\"elementor-widget-wrap\">\n\t\t\t\t\t\t\t\t\t<\/div>\n\t\t<\/div>\n\t\t\t\t<div class=\"elementor-column elementor-col-33 elementor-top-column elementor-element elementor-element-9697c4a\" data-id=\"9697c4a\" data-element_type=\"column\">\n\t\t\t<div class=\"elementor-widget-wrap elementor-element-populated\">\n\t\t\t\t\t\t\t\t<div class=\"elementor-element elementor-element-69811f9b elementor-widget elementor-widget-heading\" data-id=\"69811f9b\" data-element_type=\"widget\" data-widget_type=\"heading.default\">\n\t\t\t\t<div class=\"elementor-widget-container\">\n\t\t\t<h3 class=\"elementor-heading-title elementor-size-default\">Contact Us<\/h3>\t\t<\/div>\n\t\t\t\t<\/div>\n\t\t\t\t<div class=\"elementor-element elementor-element-2a12408d elementor-widget elementor-widget-text-editor\" data-id=\"2a12408d\" data-element_type=\"widget\" data-widget_type=\"text-editor.default\">\n\t\t\t\t<div class=\"elementor-widget-container\">\n\t\t\t\t\t\t\t<p>You can contact us at any time.<\/p>\t\t\t\t\t\t<\/div>\n\t\t\t\t<\/div>\n\t\t\t\t<div class=\"elementor-element elementor-element-387a1b53 elementor-align-center elementor-mobile-align-center elementor-widget elementor-widget-button\" data-id=\"387a1b53\" data-element_type=\"widget\" data-widget_type=\"button.default\">\n\t\t\t\t<div class=\"elementor-widget-container\">\n\t\t\t\t\t<div class=\"elementor-button-wrapper\">\n\t\t\t<a href=\"https:\/\/hesas.com.tr\/en\/iletisim\/\" class=\"elementor-button-link elementor-button elementor-size-sm\" role=\"button\">\n\t\t\t\t\t\t<span class=\"elementor-button-content-wrapper\">\n\t\t\t\t\t\t<span class=\"elementor-button-text\">contact us<\/span>\n\t\t<\/span>\n\t\t\t\t\t<\/a>\n\t\t<\/div>\n\t\t\t\t<\/div>\n\t\t\t\t<\/div>\n\t\t\t\t\t<\/div>\n\t\t<\/div>\n\t\t\t\t<div class=\"elementor-column elementor-col-33 elementor-top-column elementor-element elementor-element-a4d38c0\" data-id=\"a4d38c0\" data-element_type=\"column\">\n\t\t\t<div class=\"elementor-widget-wrap\">\n\t\t\t\t\t\t\t\t\t<\/div>\n\t\t<\/div>\n\t\t\t\t\t\t\t<\/div>\n\t\t<\/section>\n\t\t\t\t\t\t\t<\/div>","protected":false},"excerpt":{"rendered":"<p>Hakk\u0131m\u0131zda Pazar geli\u015ftirme ve m\u00fc\u015fteri memnuniyeti gibi \u00e7a\u011fda\u015f i\u015fletmecilik \u00e7abalar\u0131n\u0131n ba\u015fvurdu\u011fu y\u00f6ntemlerin ilk s\u0131ralar\u0131nda yer alan promosyon \u00e7al\u0131\u015fmalar\u0131, sekt\u00f6r ve \u00f6l\u00e7ek ay\u0131rmaks\u0131z\u0131n t\u00fcm i\u015fletme ve kurumlar\u0131n hedef kitle olarak varsay\u0131ld\u0131\u011f\u0131 \u00e7ok b\u00fcy\u00fck ve dinamik bir sekt\u00f6r\u00fcn daha ortaya \u00e7\u0131kmas\u0131n\u0131 sa\u011flam\u0131\u015ft\u0131r: Promosyon Sekt\u00f6r\u00fc. Hem sundu\u011fu \u00fcr\u00fcn ve hizmetlerin \u00e7e\u015fitlili\u011fi, hem de hedef kitle ve m\u00fc\u015fteri say\u0131s\u0131 &#8230; <a title=\"About Us\" class=\"read-more\" href=\"https:\/\/hesas.com.tr\/en\/hakkimizda\/\" aria-label=\"More on Hakk\u0131m\u0131zda\">Read more<\/a><\/p>","protected":false},"author":1,"featured_media":0,"parent":0,"menu_order":0,"comment_status":"closed","ping_status":"closed","template":"elementor_header_footer","meta":[],"acf":[],"_links":{"self":[{"href":"https:\/\/hesas.com.tr\/en\/wp-json\/wp\/v2\/pages\/14"}],"collection":[{"href":"https:\/\/hesas.com.tr\/en\/wp-json\/wp\/v2\/pages"}],"about":[{"href":"https:\/\/hesas.com.tr\/en\/wp-json\/wp\/v2\/types\/page"}],"author":[{"embeddable":true,"href":"https:\/\/hesas.com.tr\/en\/wp-json\/wp\/v2\/users\/1"}],"replies":[{"embeddable":true,"href":"https:\/\/hesas.com.tr\/en\/wp-json\/wp\/v2\/comments?post=14"}],"version-history":[{"count":25,"href":"https:\/\/hesas.com.tr\/en\/wp-json\/wp\/v2\/pages\/14\/revisions"}],"predecessor-version":[{"id":2009,"href":"https:\/\/hesas.com.tr\/en\/wp-json\/wp\/v2\/pages\/14\/revisions\/2009"}],"wp:attachment":[{"href":"https:\/\/hesas.com.tr\/en\/wp-json\/wp\/v2\/media?parent=14"}],"curies":[{"name":"wp","href":"https:\/\/api.w.org\/{rel}","templated":true}]}}