{"id":384,"date":"2022-10-23T18:05:52","date_gmt":"2022-10-23T15:05:52","guid":{"rendered":"https:\/\/hesas.com.tr\/?page_id=384"},"modified":"2023-01-11T20:30:33","modified_gmt":"2023-01-11T17:30:33","slug":"anahtarliklar","status":"publish","type":"page","link":"https:\/\/hesas.com.tr\/en\/anahtarliklar\/","title":{"rendered":"Keyholders"},"content":{"rendered":"<div data-elementor-type=\"wp-page\" data-elementor-id=\"384\" class=\"elementor elementor-384\">\n\t\t\t\t\t\t\t\t\t<section class=\"elementor-section elementor-top-section elementor-element elementor-element-2820fbc elementor-section-boxed elementor-section-height-default elementor-section-height-default\" data-id=\"2820fbc\" data-element_type=\"section\" data-settings=\"{&quot;background_background&quot;:&quot;classic&quot;}\">\n\t\t\t\t\t\t\t<div class=\"elementor-background-overlay\"><\/div>\n\t\t\t\t\t\t\t<div class=\"elementor-container elementor-column-gap-default\">\n\t\t\t\t\t<div class=\"elementor-column elementor-col-50 elementor-top-column elementor-element elementor-element-4f518d2\" data-id=\"4f518d2\" data-element_type=\"column\">\n\t\t\t<div class=\"elementor-widget-wrap elementor-element-populated\">\n\t\t\t\t\t\t\t\t<div class=\"elementor-element elementor-element-821ea0f elementor-widget elementor-widget-image\" data-id=\"821ea0f\" data-element_type=\"widget\" data-widget_type=\"image.default\">\n\t\t\t\t<div class=\"elementor-widget-container\">\n\t\t\t<style>\/*! elementor - v3.11.5 - 14-03-2023 *\/\n.elementor-widget-image{text-align:center}.elementor-widget-image a{display:inline-block}.elementor-widget-image a img[src$=\".svg\"]{width:48px}.elementor-widget-image img{vertical-align:middle;display:inline-block}<\/style>\t\t\t\t\t\t\t\t\t\t\t\t<img decoding=\"async\" width=\"1000\" height=\"600\" src=\"https:\/\/hesas.com.tr\/wp-content\/uploads\/2022\/10\/anahtarlik.png\" class=\"attachment-full size-full wp-image-78\" alt=\"\" loading=\"lazy\" srcset=\"https:\/\/hesas.com.tr\/wp-content\/uploads\/2022\/10\/anahtarlik.png 1000w, https:\/\/hesas.com.tr\/wp-content\/uploads\/2022\/10\/anahtarlik-400x240.png 400w, https:\/\/hesas.com.tr\/wp-content\/uploads\/2022\/10\/anahtarlik-300x180.png 300w, https:\/\/hesas.com.tr\/wp-content\/uploads\/2022\/10\/anahtarlik-768x461.png 768w, https:\/\/hesas.com.tr\/wp-content\/uploads\/2022\/10\/elementor\/thumbs\/anahtarlik-pw460weyy6vh3gj0yzdxq6h7ov6peiqszsirkgllmg.png 500w, https:\/\/hesas.com.tr\/wp-content\/uploads\/2022\/10\/elementor\/thumbs\/anahtarlik-pw460wf061noitr1ngs4fezkko0njx61u6wswogu1c.png 600w\" sizes=\"(max-width: 1000px) 100vw, 1000px\" \/>\t\t\t\t\t\t\t\t\t\t\t\t\t\t\t<\/div>\n\t\t\t\t<\/div>\n\t\t\t\t\t<\/div>\n\t\t<\/div>\n\t\t\t\t<div class=\"elementor-column elementor-col-50 elementor-top-column elementor-element elementor-element-c44d503\" data-id=\"c44d503\" data-element_type=\"column\">\n\t\t\t<div class=\"elementor-widget-wrap elementor-element-populated\">\n\t\t\t\t\t\t\t\t<div class=\"elementor-element elementor-element-e794b12 elementor-widget elementor-widget-heading\" data-id=\"e794b12\" data-element_type=\"widget\" data-widget_type=\"heading.default\">\n\t\t\t\t<div class=\"elementor-widget-container\">\n\t\t\t<style>\/*! elementor - v3.11.5 - 14-03-2023 *\/\n.elementor-heading-title{padding:0;margin:0;line-height:1}.elementor-widget-heading .elementor-heading-title[class*=elementor-size-]>a{color:inherit;font-size:inherit;line-height:inherit}.elementor-widget-heading .elementor-heading-title.elementor-size-small{font-size:15px}.elementor-widget-heading .elementor-heading-title.elementor-size-medium{font-size:19px}.elementor-widget-heading .elementor-heading-title.elementor-size-large{font-size:29px}.elementor-widget-heading .elementor-heading-title.elementor-size-xl{font-size:39px}.elementor-widget-heading .elementor-heading-title.elementor-size-xxl{font-size:59px}<\/style><h2 class=\"elementor-heading-title elementor-size-default\">Keyholders<\/h2>\t\t<\/div>\n\t\t\t\t<\/div>\n\t\t\t\t<div class=\"elementor-element elementor-element-d671d7e elementor-widget elementor-widget-text-editor\" data-id=\"d671d7e\" data-element_type=\"widget\" data-widget_type=\"text-editor.default\">\n\t\t\t\t<div class=\"elementor-widget-container\">\n\t\t\t<style>\/*! elementor - v3.11.5 - 14-03-2023 *\/\n.elementor-widget-text-editor.elementor-drop-cap-view-stacked .elementor-drop-cap{background-color:#818a91;color:#fff}.elementor-widget-text-editor.elementor-drop-cap-view-framed .elementor-drop-cap{color:#818a91;border:3px solid;background-color:transparent}.elementor-widget-text-editor:not(.elementor-drop-cap-view-default) .elementor-drop-cap{margin-top:8px}.elementor-widget-text-editor:not(.elementor-drop-cap-view-default) .elementor-drop-cap-letter{width:1em;height:1em}.elementor-widget-text-editor .elementor-drop-cap{float:left;text-align:center;line-height:1;font-size:50px}.elementor-widget-text-editor .elementor-drop-cap-letter{display:inline-block}<\/style>\t\t\t\t<p>You can take a look at our keyholder series we have designed for you.<\/p>\t\t\t\t\t\t<\/div>\n\t\t\t\t<\/div>\n\t\t\t\t\t<\/div>\n\t\t<\/div>\n\t\t\t\t\t\t\t<\/div>\n\t\t<\/section>\n\t\t\t\t<section class=\"elementor-section elementor-top-section elementor-element elementor-element-fe62a1b elementor-hidden-mobile elementor-section-boxed elementor-section-height-default elementor-section-height-default\" data-id=\"fe62a1b\" data-element_type=\"section\">\n\t\t\t\t\t\t<div class=\"elementor-container elementor-column-gap-default\">\n\t\t\t\t\t<div class=\"elementor-column elementor-col-100 elementor-top-column elementor-element elementor-element-2ebe6db\" data-id=\"2ebe6db\" data-element_type=\"column\">\n\t\t\t<div class=\"elementor-widget-wrap elementor-element-populated\">\n\t\t\t\t\t\t\t\t<div class=\"elementor-element elementor-element-4a5bfce elementor-widget elementor-widget-spacer\" data-id=\"4a5bfce\" data-element_type=\"widget\" data-widget_type=\"spacer.default\">\n\t\t\t\t<div class=\"elementor-widget-container\">\n\t\t\t<style>\/*! elementor - v3.11.5 - 14-03-2023 *\/\n.elementor-column .elementor-spacer-inner{height:var(--spacer-size)}.e-con{--container-widget-width:100%}.e-con-inner>.elementor-widget-spacer,.e-con>.elementor-widget-spacer{width:var(--container-widget-width,var(--spacer-size));--align-self:var(--container-widget-align-self,initial);--flex-shrink:0}.e-con-inner>.elementor-widget-spacer>.elementor-widget-container,.e-con-inner>.elementor-widget-spacer>.elementor-widget-container>.elementor-spacer,.e-con>.elementor-widget-spacer>.elementor-widget-container,.e-con>.elementor-widget-spacer>.elementor-widget-container>.elementor-spacer{height:100%}.e-con-inner>.elementor-widget-spacer>.elementor-widget-container>.elementor-spacer>.elementor-spacer-inner,.e-con>.elementor-widget-spacer>.elementor-widget-container>.elementor-spacer>.elementor-spacer-inner{height:var(--container-widget-height,var(--spacer-size))}<\/style>\t\t<div class=\"elementor-spacer\">\n\t\t\t<div class=\"elementor-spacer-inner\"><\/div>\n\t\t<\/div>\n\t\t\t\t<\/div>\n\t\t\t\t<\/div>\n\t\t\t\t\t<\/div>\n\t\t<\/div>\n\t\t\t\t\t\t\t<\/div>\n\t\t<\/section>\n\t\t\t\t<section class=\"elementor-section elementor-top-section elementor-element elementor-element-08ad8cf elementor-section-boxed elementor-section-height-default elementor-section-height-default\" data-id=\"08ad8cf\" data-element_type=\"section\">\n\t\t\t\t\t\t<div class=\"elementor-container elementor-column-gap-default\">\n\t\t\t\t\t<div class=\"elementor-column elementor-col-100 elementor-top-column elementor-element elementor-element-bb12076\" data-id=\"bb12076\" data-element_type=\"column\">\n\t\t\t<div class=\"elementor-widget-wrap elementor-element-populated\">\n\t\t\t\t\t\t\t\t<div class=\"elementor-element elementor-element-0e9c3a1 elementor-widget elementor-widget-heading\" data-id=\"0e9c3a1\" data-element_type=\"widget\" data-widget_type=\"heading.default\">\n\t\t\t\t<div class=\"elementor-widget-container\">\n\t\t\t<h2 class=\"elementor-heading-title elementor-size-default\">Keyholder Product Groups<\/h2>\t\t<\/div>\n\t\t\t\t<\/div>\n\t\t\t\t\t<\/div>\n\t\t<\/div>\n\t\t\t\t\t\t\t<\/div>\n\t\t<\/section>\n\t\t\t\t<section class=\"elementor-section elementor-top-section elementor-element elementor-element-c7ae34a elementor-section-boxed elementor-section-height-default elementor-section-height-default\" data-id=\"c7ae34a\" data-element_type=\"section\">\n\t\t\t\t\t\t<div class=\"elementor-container elementor-column-gap-default\">\n\t\t\t\t\t<div class=\"elementor-column elementor-col-50 elementor-top-column elementor-element elementor-element-49d454e\" data-id=\"49d454e\" data-element_type=\"column\">\n\t\t\t<div class=\"elementor-widget-wrap elementor-element-populated\">\n\t\t\t\t\t\t\t\t<div class=\"elementor-element elementor-element-8325b29 elementor-position-top elementor-vertical-align-top elementor-widget elementor-widget-image-box\" data-id=\"8325b29\" data-element_type=\"widget\" data-widget_type=\"image-box.default\">\n\t\t\t\t<div class=\"elementor-widget-container\">\n\t\t\t<style>\/*! elementor - v3.11.5 - 14-03-2023 *\/\n.elementor-widget-image-box .elementor-image-box-content{width:100%}@media (min-width:768px){.elementor-widget-image-box.elementor-position-left .elementor-image-box-wrapper,.elementor-widget-image-box.elementor-position-right .elementor-image-box-wrapper{display:flex}.elementor-widget-image-box.elementor-position-right .elementor-image-box-wrapper{text-align:right;flex-direction:row-reverse}.elementor-widget-image-box.elementor-position-left .elementor-image-box-wrapper{text-align:left;flex-direction:row}.elementor-widget-image-box.elementor-position-top .elementor-image-box-img{margin:auto}.elementor-widget-image-box.elementor-vertical-align-top .elementor-image-box-wrapper{align-items:flex-start}.elementor-widget-image-box.elementor-vertical-align-middle .elementor-image-box-wrapper{align-items:center}.elementor-widget-image-box.elementor-vertical-align-bottom .elementor-image-box-wrapper{align-items:flex-end}}@media (max-width:767px){.elementor-widget-image-box .elementor-image-box-img{margin-left:auto!important;margin-right:auto!important;margin-bottom:15px}}.elementor-widget-image-box .elementor-image-box-img{display:inline-block}.elementor-widget-image-box .elementor-image-box-title a{color:inherit}.elementor-widget-image-box .elementor-image-box-wrapper{text-align:center}.elementor-widget-image-box .elementor-image-box-description{margin:0}<\/style><div class=\"elementor-image-box-wrapper\"><figure class=\"elementor-image-box-img\"><a href=\"https:\/\/hesas.com.tr\/en\/anahtarliklar\/metal-anahtarliklar\/\"><img decoding=\"async\" width=\"1000\" height=\"1000\" src=\"https:\/\/hesas.com.tr\/wp-content\/uploads\/2023\/01\/metal-anahtarliklar.jpg\" class=\"attachment-full size-full wp-image-955\" alt=\"\" loading=\"lazy\" srcset=\"https:\/\/hesas.com.tr\/wp-content\/uploads\/2023\/01\/metal-anahtarliklar.jpg 1000w, https:\/\/hesas.com.tr\/wp-content\/uploads\/2023\/01\/metal-anahtarliklar-400x400.jpg 400w, https:\/\/hesas.com.tr\/wp-content\/uploads\/2023\/01\/metal-anahtarliklar-100x100.jpg 100w, https:\/\/hesas.com.tr\/wp-content\/uploads\/2023\/01\/metal-anahtarliklar-300x300.jpg 300w, https:\/\/hesas.com.tr\/wp-content\/uploads\/2023\/01\/metal-anahtarliklar-150x150.jpg 150w, https:\/\/hesas.com.tr\/wp-content\/uploads\/2023\/01\/metal-anahtarliklar-768x768.jpg 768w, https:\/\/hesas.com.tr\/wp-content\/uploads\/2023\/01\/metal-anahtarliklar-12x12.jpg 12w\" sizes=\"(max-width: 1000px) 100vw, 1000px\" \/><\/a><\/figure><div class=\"elementor-image-box-content\"><h3 class=\"elementor-image-box-title\"><a href=\"https:\/\/hesas.com.tr\/en\/anahtarliklar\/metal-anahtarliklar\/\">Metal Keyholders<\/a><\/h3><\/div><\/div>\t\t<\/div>\n\t\t\t\t<\/div>\n\t\t\t\t\t<\/div>\n\t\t<\/div>\n\t\t\t\t<div class=\"elementor-column elementor-col-50 elementor-top-column elementor-element elementor-element-21cd75a\" data-id=\"21cd75a\" data-element_type=\"column\">\n\t\t\t<div class=\"elementor-widget-wrap elementor-element-populated\">\n\t\t\t\t\t\t\t\t<div class=\"elementor-element elementor-element-3a9552a elementor-position-top elementor-vertical-align-top elementor-widget elementor-widget-image-box\" data-id=\"3a9552a\" data-element_type=\"widget\" data-widget_type=\"image-box.default\">\n\t\t\t\t<div class=\"elementor-widget-container\">\n\t\t\t<div class=\"elementor-image-box-wrapper\"><figure class=\"elementor-image-box-img\"><a href=\"https:\/\/hesas.com.tr\/en\/anahtarliklar\/plastik-anahtarliklar\/\"><img decoding=\"async\" width=\"1000\" height=\"1000\" src=\"https:\/\/hesas.com.tr\/wp-content\/uploads\/2023\/01\/plastik-anahtarliklar.jpg\" class=\"attachment-full size-full wp-image-957\" alt=\"\" loading=\"lazy\" srcset=\"https:\/\/hesas.com.tr\/wp-content\/uploads\/2023\/01\/plastik-anahtarliklar.jpg 1000w, https:\/\/hesas.com.tr\/wp-content\/uploads\/2023\/01\/plastik-anahtarliklar-400x400.jpg 400w, https:\/\/hesas.com.tr\/wp-content\/uploads\/2023\/01\/plastik-anahtarliklar-100x100.jpg 100w, https:\/\/hesas.com.tr\/wp-content\/uploads\/2023\/01\/plastik-anahtarliklar-300x300.jpg 300w, https:\/\/hesas.com.tr\/wp-content\/uploads\/2023\/01\/plastik-anahtarliklar-150x150.jpg 150w, https:\/\/hesas.com.tr\/wp-content\/uploads\/2023\/01\/plastik-anahtarliklar-768x768.jpg 768w, https:\/\/hesas.com.tr\/wp-content\/uploads\/2023\/01\/plastik-anahtarliklar-12x12.jpg 12w\" sizes=\"(max-width: 1000px) 100vw, 1000px\" \/><\/a><\/figure><div class=\"elementor-image-box-content\"><h3 class=\"elementor-image-box-title\"><a href=\"https:\/\/hesas.com.tr\/en\/anahtarliklar\/plastik-anahtarliklar\/\">Plastic Keyholders<\/a><\/h3><\/div><\/div>\t\t<\/div>\n\t\t\t\t<\/div>\n\t\t\t\t\t<\/div>\n\t\t<\/div>\n\t\t\t\t\t\t\t<\/div>\n\t\t<\/section>\n\t\t\t\t<section class=\"elementor-section elementor-top-section elementor-element elementor-element-b5e5c93 elementor-section-boxed elementor-section-height-default elementor-section-height-default\" data-id=\"b5e5c93\" data-element_type=\"section\">\n\t\t\t\t\t\t<div class=\"elementor-container elementor-column-gap-default\">\n\t\t\t\t\t<div class=\"elementor-column elementor-col-50 elementor-top-column elementor-element elementor-element-7c417a7\" data-id=\"7c417a7\" data-element_type=\"column\">\n\t\t\t<div class=\"elementor-widget-wrap elementor-element-populated\">\n\t\t\t\t\t\t\t\t<div class=\"elementor-element elementor-element-d0059a3 elementor-position-top elementor-vertical-align-top elementor-widget elementor-widget-image-box\" data-id=\"d0059a3\" data-element_type=\"widget\" data-widget_type=\"image-box.default\">\n\t\t\t\t<div class=\"elementor-widget-container\">\n\t\t\t<div class=\"elementor-image-box-wrapper\"><figure class=\"elementor-image-box-img\"><a href=\"https:\/\/hesas.com.tr\/en\/anahtarliklar\/fonksiyonel-anahtarliklar\/\"><img decoding=\"async\" width=\"600\" height=\"600\" src=\"https:\/\/hesas.com.tr\/wp-content\/uploads\/2022\/11\/11110.jpg\" class=\"attachment-full size-full wp-image-625\" alt=\"\" loading=\"lazy\" srcset=\"https:\/\/hesas.com.tr\/wp-content\/uploads\/2022\/11\/11110.jpg 600w, https:\/\/hesas.com.tr\/wp-content\/uploads\/2022\/11\/11110-400x400.jpg 400w, https:\/\/hesas.com.tr\/wp-content\/uploads\/2022\/11\/11110-100x100.jpg 100w, https:\/\/hesas.com.tr\/wp-content\/uploads\/2022\/11\/11110-300x300.jpg 300w, https:\/\/hesas.com.tr\/wp-content\/uploads\/2022\/11\/11110-150x150.jpg 150w, https:\/\/hesas.com.tr\/wp-content\/uploads\/2022\/11\/11110-12x12.jpg 12w\" sizes=\"(max-width: 600px) 100vw, 600px\" \/><\/a><\/figure><div class=\"elementor-image-box-content\"><h3 class=\"elementor-image-box-title\"><a href=\"https:\/\/hesas.com.tr\/en\/anahtarliklar\/fonksiyonel-anahtarliklar\/\">Functional Keyholders<\/a><\/h3><\/div><\/div>\t\t<\/div>\n\t\t\t\t<\/div>\n\t\t\t\t\t<\/div>\n\t\t<\/div>\n\t\t\t\t<div class=\"elementor-column elementor-col-50 elementor-top-column elementor-element elementor-element-c0fa33b\" data-id=\"c0fa33b\" data-element_type=\"column\">\n\t\t\t<div class=\"elementor-widget-wrap\">\n\t\t\t\t\t\t\t\t\t<\/div>\n\t\t<\/div>\n\t\t\t\t\t\t\t<\/div>\n\t\t<\/section>\n\t\t\t\t\t\t\t<\/div>","protected":false},"excerpt":{"rendered":"<p>Anahtarl\u0131klar Sizler i\u00e7in tasarlad\u0131\u011f\u0131m\u0131z anahtarl\u0131k serilerimize g\u00f6z atabilirsiniz. Anahtarl\u0131k \u00dcr\u00fcn Gruplar Metal Anahtarl\u0131klar Plastik Anahtarl\u0131klar Fonksiyonel Anahtarl\u0131klar<\/p>","protected":false},"author":1,"featured_media":0,"parent":0,"menu_order":0,"comment_status":"closed","ping_status":"closed","template":"elementor_header_footer","meta":[],"acf":[],"_links":{"self":[{"href":"https:\/\/hesas.com.tr\/en\/wp-json\/wp\/v2\/pages\/384"}],"collection":[{"href":"https:\/\/hesas.com.tr\/en\/wp-json\/wp\/v2\/pages"}],"about":[{"href":"https:\/\/hesas.com.tr\/en\/wp-json\/wp\/v2\/types\/page"}],"author":[{"embeddable":true,"href":"https:\/\/hesas.com.tr\/en\/wp-json\/wp\/v2\/users\/1"}],"replies":[{"embeddable":true,"href":"https:\/\/hesas.com.tr\/en\/wp-json\/wp\/v2\/comments?post=384"}],"version-history":[{"count":91,"href":"https:\/\/hesas.com.tr\/en\/wp-json\/wp\/v2\/pages\/384\/revisions"}],"predecessor-version":[{"id":960,"href":"https:\/\/hesas.com.tr\/en\/wp-json\/wp\/v2\/pages\/384\/revisions\/960"}],"wp:attachment":[{"href":"https:\/\/hesas.com.tr\/en\/wp-json\/wp\/v2\/media?parent=384"}],"curies":[{"name":"wp","href":"https:\/\/api.w.org\/{rel}","templated":true}]}}