{"id":603,"date":"2022-11-12T16:19:14","date_gmt":"2022-11-12T13:19:14","guid":{"rendered":"https:\/\/hesas.com.tr\/?page_id=603"},"modified":"2022-11-13T22:42:32","modified_gmt":"2022-11-13T19:42:32","slug":"masaustu-gerecleri","status":"publish","type":"page","link":"https:\/\/hesas.com.tr\/en\/masaustu-gerecleri\/","title":{"rendered":"Desktop Gadgets"},"content":{"rendered":"<div data-elementor-type=\"wp-page\" data-elementor-id=\"603\" class=\"elementor elementor-603\">\n\t\t\t\t\t\t\t\t\t<section class=\"elementor-section elementor-top-section elementor-element elementor-element-506ef9d elementor-section-boxed elementor-section-height-default elementor-section-height-default\" data-id=\"506ef9d\" data-element_type=\"section\" data-settings=\"{&quot;background_background&quot;:&quot;classic&quot;}\">\n\t\t\t\t\t\t\t<div class=\"elementor-background-overlay\"><\/div>\n\t\t\t\t\t\t\t<div class=\"elementor-container elementor-column-gap-default\">\n\t\t\t\t\t<div class=\"elementor-column elementor-col-50 elementor-top-column elementor-element elementor-element-6c61871\" data-id=\"6c61871\" data-element_type=\"column\">\n\t\t\t<div class=\"elementor-widget-wrap elementor-element-populated\">\n\t\t\t\t\t\t\t\t<div class=\"elementor-element elementor-element-2ec6da2 elementor-widget elementor-widget-image\" data-id=\"2ec6da2\" data-element_type=\"widget\" data-widget_type=\"image.default\">\n\t\t\t\t<div class=\"elementor-widget-container\">\n\t\t\t<style>\/*! elementor - v3.11.5 - 14-03-2023 *\/\n.elementor-widget-image{text-align:center}.elementor-widget-image a{display:inline-block}.elementor-widget-image a img[src$=\".svg\"]{width:48px}.elementor-widget-image img{vertical-align:middle;display:inline-block}<\/style>\t\t\t\t\t\t\t\t\t\t\t\t<img decoding=\"async\" width=\"1000\" height=\"600\" src=\"https:\/\/hesas.com.tr\/wp-content\/uploads\/2022\/10\/masaustu-gereceleri.png\" class=\"attachment-full size-full wp-image-80\" alt=\"\" loading=\"lazy\" srcset=\"https:\/\/hesas.com.tr\/wp-content\/uploads\/2022\/10\/masaustu-gereceleri.png 1000w, https:\/\/hesas.com.tr\/wp-content\/uploads\/2022\/10\/masaustu-gereceleri-400x240.png 400w, https:\/\/hesas.com.tr\/wp-content\/uploads\/2022\/10\/masaustu-gereceleri-300x180.png 300w, https:\/\/hesas.com.tr\/wp-content\/uploads\/2022\/10\/masaustu-gereceleri-768x461.png 768w\" sizes=\"(max-width: 1000px) 100vw, 1000px\" \/>\t\t\t\t\t\t\t\t\t\t\t\t\t\t\t<\/div>\n\t\t\t\t<\/div>\n\t\t\t\t\t<\/div>\n\t\t<\/div>\n\t\t\t\t<div class=\"elementor-column elementor-col-50 elementor-top-column elementor-element elementor-element-4bc1101\" data-id=\"4bc1101\" data-element_type=\"column\">\n\t\t\t<div class=\"elementor-widget-wrap elementor-element-populated\">\n\t\t\t\t\t\t\t\t<div class=\"elementor-element elementor-element-be61a5b elementor-widget elementor-widget-heading\" data-id=\"be61a5b\" data-element_type=\"widget\" data-widget_type=\"heading.default\">\n\t\t\t\t<div class=\"elementor-widget-container\">\n\t\t\t<style>\/*! elementor - v3.11.5 - 14-03-2023 *\/\n.elementor-heading-title{padding:0;margin:0;line-height:1}.elementor-widget-heading .elementor-heading-title[class*=elementor-size-]>a{color:inherit;font-size:inherit;line-height:inherit}.elementor-widget-heading .elementor-heading-title.elementor-size-small{font-size:15px}.elementor-widget-heading .elementor-heading-title.elementor-size-medium{font-size:19px}.elementor-widget-heading .elementor-heading-title.elementor-size-large{font-size:29px}.elementor-widget-heading .elementor-heading-title.elementor-size-xl{font-size:39px}.elementor-widget-heading .elementor-heading-title.elementor-size-xxl{font-size:59px}<\/style><h2 class=\"elementor-heading-title elementor-size-default\">Desktop Gadgets<\/h2>\t\t<\/div>\n\t\t\t\t<\/div>\n\t\t\t\t<div class=\"elementor-element elementor-element-cd401c7 elementor-widget elementor-widget-text-editor\" data-id=\"cd401c7\" data-element_type=\"widget\" data-widget_type=\"text-editor.default\">\n\t\t\t\t<div class=\"elementor-widget-container\">\n\t\t\t<style>\/*! elementor - v3.11.5 - 14-03-2023 *\/\n.elementor-widget-text-editor.elementor-drop-cap-view-stacked .elementor-drop-cap{background-color:#818a91;color:#fff}.elementor-widget-text-editor.elementor-drop-cap-view-framed .elementor-drop-cap{color:#818a91;border:3px solid;background-color:transparent}.elementor-widget-text-editor:not(.elementor-drop-cap-view-default) .elementor-drop-cap{margin-top:8px}.elementor-widget-text-editor:not(.elementor-drop-cap-view-default) .elementor-drop-cap-letter{width:1em;height:1em}.elementor-widget-text-editor .elementor-drop-cap{float:left;text-align:center;line-height:1;font-size:50px}.elementor-widget-text-editor .elementor-drop-cap-letter{display:inline-block}<\/style>\t\t\t\t<p>You can take a look at our Desktop Gadgets series we have designed for you.<\/p>\t\t\t\t\t\t<\/div>\n\t\t\t\t<\/div>\n\t\t\t\t\t<\/div>\n\t\t<\/div>\n\t\t\t\t\t\t\t<\/div>\n\t\t<\/section>\n\t\t\t\t<section class=\"elementor-section elementor-top-section elementor-element elementor-element-2a00098 elementor-hidden-mobile elementor-section-boxed elementor-section-height-default elementor-section-height-default\" data-id=\"2a00098\" data-element_type=\"section\">\n\t\t\t\t\t\t<div class=\"elementor-container elementor-column-gap-default\">\n\t\t\t\t\t<div class=\"elementor-column elementor-col-100 elementor-top-column elementor-element elementor-element-9f485f0\" data-id=\"9f485f0\" data-element_type=\"column\">\n\t\t\t<div class=\"elementor-widget-wrap elementor-element-populated\">\n\t\t\t\t\t\t\t\t<div class=\"elementor-element elementor-element-fe28dc9 elementor-widget elementor-widget-spacer\" data-id=\"fe28dc9\" data-element_type=\"widget\" data-widget_type=\"spacer.default\">\n\t\t\t\t<div class=\"elementor-widget-container\">\n\t\t\t<style>\/*! elementor - v3.11.5 - 14-03-2023 *\/\n.elementor-column .elementor-spacer-inner{height:var(--spacer-size)}.e-con{--container-widget-width:100%}.e-con-inner>.elementor-widget-spacer,.e-con>.elementor-widget-spacer{width:var(--container-widget-width,var(--spacer-size));--align-self:var(--container-widget-align-self,initial);--flex-shrink:0}.e-con-inner>.elementor-widget-spacer>.elementor-widget-container,.e-con-inner>.elementor-widget-spacer>.elementor-widget-container>.elementor-spacer,.e-con>.elementor-widget-spacer>.elementor-widget-container,.e-con>.elementor-widget-spacer>.elementor-widget-container>.elementor-spacer{height:100%}.e-con-inner>.elementor-widget-spacer>.elementor-widget-container>.elementor-spacer>.elementor-spacer-inner,.e-con>.elementor-widget-spacer>.elementor-widget-container>.elementor-spacer>.elementor-spacer-inner{height:var(--container-widget-height,var(--spacer-size))}<\/style>\t\t<div class=\"elementor-spacer\">\n\t\t\t<div class=\"elementor-spacer-inner\"><\/div>\n\t\t<\/div>\n\t\t\t\t<\/div>\n\t\t\t\t<\/div>\n\t\t\t\t\t<\/div>\n\t\t<\/div>\n\t\t\t\t\t\t\t<\/div>\n\t\t<\/section>\n\t\t\t\t<section class=\"elementor-section elementor-top-section elementor-element elementor-element-7579587 elementor-section-boxed elementor-section-height-default elementor-section-height-default\" data-id=\"7579587\" data-element_type=\"section\">\n\t\t\t\t\t\t<div class=\"elementor-container elementor-column-gap-default\">\n\t\t\t\t\t<div class=\"elementor-column elementor-col-100 elementor-top-column elementor-element elementor-element-5958bb3\" data-id=\"5958bb3\" data-element_type=\"column\">\n\t\t\t<div class=\"elementor-widget-wrap elementor-element-populated\">\n\t\t\t\t\t\t\t\t<div class=\"elementor-element elementor-element-28d3120 elementor-widget elementor-widget-heading\" data-id=\"28d3120\" data-element_type=\"widget\" data-widget_type=\"heading.default\">\n\t\t\t\t<div class=\"elementor-widget-container\">\n\t\t\t<h2 class=\"elementor-heading-title elementor-size-default\">Desktop Gadgets Product Groups<\/h2>\t\t<\/div>\n\t\t\t\t<\/div>\n\t\t\t\t\t<\/div>\n\t\t<\/div>\n\t\t\t\t\t\t\t<\/div>\n\t\t<\/section>\n\t\t\t\t<section class=\"elementor-section elementor-top-section elementor-element elementor-element-ec53c1e elementor-section-boxed elementor-section-height-default elementor-section-height-default\" data-id=\"ec53c1e\" data-element_type=\"section\">\n\t\t\t\t\t\t<div class=\"elementor-container elementor-column-gap-default\">\n\t\t\t\t\t<div class=\"elementor-column elementor-col-50 elementor-top-column elementor-element elementor-element-c007bad\" data-id=\"c007bad\" data-element_type=\"column\">\n\t\t\t<div class=\"elementor-widget-wrap elementor-element-populated\">\n\t\t\t\t\t\t\t\t<div class=\"elementor-element elementor-element-1a3ab46 elementor-position-top elementor-vertical-align-top elementor-widget elementor-widget-image-box\" data-id=\"1a3ab46\" data-element_type=\"widget\" data-widget_type=\"image-box.default\">\n\t\t\t\t<div class=\"elementor-widget-container\">\n\t\t\t<style>\/*! elementor - v3.11.5 - 14-03-2023 *\/\n.elementor-widget-image-box .elementor-image-box-content{width:100%}@media (min-width:768px){.elementor-widget-image-box.elementor-position-left .elementor-image-box-wrapper,.elementor-widget-image-box.elementor-position-right .elementor-image-box-wrapper{display:flex}.elementor-widget-image-box.elementor-position-right .elementor-image-box-wrapper{text-align:right;flex-direction:row-reverse}.elementor-widget-image-box.elementor-position-left .elementor-image-box-wrapper{text-align:left;flex-direction:row}.elementor-widget-image-box.elementor-position-top .elementor-image-box-img{margin:auto}.elementor-widget-image-box.elementor-vertical-align-top .elementor-image-box-wrapper{align-items:flex-start}.elementor-widget-image-box.elementor-vertical-align-middle .elementor-image-box-wrapper{align-items:center}.elementor-widget-image-box.elementor-vertical-align-bottom .elementor-image-box-wrapper{align-items:flex-end}}@media (max-width:767px){.elementor-widget-image-box .elementor-image-box-img{margin-left:auto!important;margin-right:auto!important;margin-bottom:15px}}.elementor-widget-image-box .elementor-image-box-img{display:inline-block}.elementor-widget-image-box .elementor-image-box-title a{color:inherit}.elementor-widget-image-box .elementor-image-box-wrapper{text-align:center}.elementor-widget-image-box .elementor-image-box-description{margin:0}<\/style><div class=\"elementor-image-box-wrapper\"><figure class=\"elementor-image-box-img\"><a href=\"https:\/\/hesas.com.tr\/en\/masaustu-gerecleri\/masa-saatleri\/\"><img decoding=\"async\" width=\"598\" height=\"598\" src=\"https:\/\/hesas.com.tr\/wp-content\/uploads\/2022\/11\/20724.jpg\" class=\"attachment-full size-full wp-image-876\" alt=\"\" loading=\"lazy\" srcset=\"https:\/\/hesas.com.tr\/wp-content\/uploads\/2022\/11\/20724.jpg 598w, https:\/\/hesas.com.tr\/wp-content\/uploads\/2022\/11\/20724-400x400.jpg 400w, https:\/\/hesas.com.tr\/wp-content\/uploads\/2022\/11\/20724-100x100.jpg 100w, https:\/\/hesas.com.tr\/wp-content\/uploads\/2022\/11\/20724-300x300.jpg 300w, https:\/\/hesas.com.tr\/wp-content\/uploads\/2022\/11\/20724-150x150.jpg 150w, https:\/\/hesas.com.tr\/wp-content\/uploads\/2022\/11\/20724-12x12.jpg 12w\" sizes=\"(max-width: 598px) 100vw, 598px\" \/><\/a><\/figure><div class=\"elementor-image-box-content\"><h3 class=\"elementor-image-box-title\"><a href=\"https:\/\/hesas.com.tr\/en\/masaustu-gerecleri\/masa-saatleri\/\">Desk Clocks<\/a><\/h3><\/div><\/div>\t\t<\/div>\n\t\t\t\t<\/div>\n\t\t\t\t\t<\/div>\n\t\t<\/div>\n\t\t\t\t<div class=\"elementor-column elementor-col-50 elementor-top-column elementor-element elementor-element-13213b9\" data-id=\"13213b9\" data-element_type=\"column\">\n\t\t\t<div class=\"elementor-widget-wrap elementor-element-populated\">\n\t\t\t\t\t\t\t\t<div class=\"elementor-element elementor-element-4f6ff08 elementor-position-top elementor-vertical-align-top elementor-widget elementor-widget-image-box\" data-id=\"4f6ff08\" data-element_type=\"widget\" data-widget_type=\"image-box.default\">\n\t\t\t\t<div class=\"elementor-widget-container\">\n\t\t\t<div class=\"elementor-image-box-wrapper\"><figure class=\"elementor-image-box-img\"><a href=\"https:\/\/hesas.com.tr\/en\/masaustu-gerecleri\/kalemlikler\/\"><img decoding=\"async\" width=\"600\" height=\"600\" src=\"https:\/\/hesas.com.tr\/wp-content\/uploads\/2022\/11\/17040.jpg\" class=\"attachment-full size-full wp-image-878\" alt=\"\" loading=\"lazy\" srcset=\"https:\/\/hesas.com.tr\/wp-content\/uploads\/2022\/11\/17040.jpg 600w, https:\/\/hesas.com.tr\/wp-content\/uploads\/2022\/11\/17040-400x400.jpg 400w, https:\/\/hesas.com.tr\/wp-content\/uploads\/2022\/11\/17040-100x100.jpg 100w, https:\/\/hesas.com.tr\/wp-content\/uploads\/2022\/11\/17040-300x300.jpg 300w, https:\/\/hesas.com.tr\/wp-content\/uploads\/2022\/11\/17040-150x150.jpg 150w, https:\/\/hesas.com.tr\/wp-content\/uploads\/2022\/11\/17040-12x12.jpg 12w\" sizes=\"(max-width: 600px) 100vw, 600px\" \/><\/a><\/figure><div class=\"elementor-image-box-content\"><h3 class=\"elementor-image-box-title\"><a href=\"https:\/\/hesas.com.tr\/en\/masaustu-gerecleri\/kalemlikler\/\">Pencil Holders<\/a><\/h3><\/div><\/div>\t\t<\/div>\n\t\t\t\t<\/div>\n\t\t\t\t\t<\/div>\n\t\t<\/div>\n\t\t\t\t\t\t\t<\/div>\n\t\t<\/section>\n\t\t\t\t<section class=\"elementor-section elementor-top-section elementor-element elementor-element-2312c80 elementor-section-boxed elementor-section-height-default elementor-section-height-default\" data-id=\"2312c80\" data-element_type=\"section\">\n\t\t\t\t\t\t<div class=\"elementor-container elementor-column-gap-default\">\n\t\t\t\t\t<div class=\"elementor-column elementor-col-50 elementor-top-column elementor-element elementor-element-e329115\" data-id=\"e329115\" data-element_type=\"column\">\n\t\t\t<div class=\"elementor-widget-wrap elementor-element-populated\">\n\t\t\t\t\t\t\t\t<div class=\"elementor-element elementor-element-21fb93c elementor-position-top elementor-vertical-align-top elementor-widget elementor-widget-image-box\" data-id=\"21fb93c\" data-element_type=\"widget\" data-widget_type=\"image-box.default\">\n\t\t\t\t<div class=\"elementor-widget-container\">\n\t\t\t<div class=\"elementor-image-box-wrapper\"><figure class=\"elementor-image-box-img\"><a href=\"https:\/\/hesas.com.tr\/en\/masaustu-gerecleri\/para-tabaklari\/\"><img decoding=\"async\" width=\"600\" height=\"600\" src=\"https:\/\/hesas.com.tr\/wp-content\/uploads\/2022\/11\/51245.jpg\" class=\"attachment-full size-full wp-image-879\" alt=\"\" loading=\"lazy\" srcset=\"https:\/\/hesas.com.tr\/wp-content\/uploads\/2022\/11\/51245.jpg 600w, https:\/\/hesas.com.tr\/wp-content\/uploads\/2022\/11\/51245-400x400.jpg 400w, https:\/\/hesas.com.tr\/wp-content\/uploads\/2022\/11\/51245-100x100.jpg 100w, https:\/\/hesas.com.tr\/wp-content\/uploads\/2022\/11\/51245-300x300.jpg 300w, https:\/\/hesas.com.tr\/wp-content\/uploads\/2022\/11\/51245-150x150.jpg 150w, https:\/\/hesas.com.tr\/wp-content\/uploads\/2022\/11\/51245-12x12.jpg 12w\" sizes=\"(max-width: 600px) 100vw, 600px\" \/><\/a><\/figure><div class=\"elementor-image-box-content\"><h3 class=\"elementor-image-box-title\"><a href=\"https:\/\/hesas.com.tr\/en\/masaustu-gerecleri\/para-tabaklari\/\">Money Plates<\/a><\/h3><\/div><\/div>\t\t<\/div>\n\t\t\t\t<\/div>\n\t\t\t\t\t<\/div>\n\t\t<\/div>\n\t\t\t\t<div class=\"elementor-column elementor-col-50 elementor-top-column elementor-element elementor-element-5f5c093\" data-id=\"5f5c093\" data-element_type=\"column\">\n\t\t\t<div class=\"elementor-widget-wrap elementor-element-populated\">\n\t\t\t\t\t\t\t\t<div class=\"elementor-element elementor-element-9aa0cbc elementor-position-top elementor-vertical-align-top elementor-widget elementor-widget-image-box\" data-id=\"9aa0cbc\" data-element_type=\"widget\" data-widget_type=\"image-box.default\">\n\t\t\t\t<div class=\"elementor-widget-container\">\n\t\t\t<div class=\"elementor-image-box-wrapper\"><figure class=\"elementor-image-box-img\"><a href=\"https:\/\/hesas.com.tr\/en\/masaustu-gerecleri\/termometreler\/\"><img decoding=\"async\" width=\"600\" height=\"600\" src=\"https:\/\/hesas.com.tr\/wp-content\/uploads\/2022\/11\/51330.jpg\" class=\"attachment-full size-full wp-image-880\" alt=\"\" loading=\"lazy\" srcset=\"https:\/\/hesas.com.tr\/wp-content\/uploads\/2022\/11\/51330.jpg 600w, https:\/\/hesas.com.tr\/wp-content\/uploads\/2022\/11\/51330-400x400.jpg 400w, https:\/\/hesas.com.tr\/wp-content\/uploads\/2022\/11\/51330-100x100.jpg 100w, https:\/\/hesas.com.tr\/wp-content\/uploads\/2022\/11\/51330-300x300.jpg 300w, https:\/\/hesas.com.tr\/wp-content\/uploads\/2022\/11\/51330-150x150.jpg 150w, https:\/\/hesas.com.tr\/wp-content\/uploads\/2022\/11\/51330-12x12.jpg 12w\" sizes=\"(max-width: 600px) 100vw, 600px\" \/><\/a><\/figure><div class=\"elementor-image-box-content\"><h3 class=\"elementor-image-box-title\"><a href=\"https:\/\/hesas.com.tr\/en\/masaustu-gerecleri\/termometreler\/\">Thermometers<\/a><\/h3><\/div><\/div>\t\t<\/div>\n\t\t\t\t<\/div>\n\t\t\t\t\t<\/div>\n\t\t<\/div>\n\t\t\t\t\t\t\t<\/div>\n\t\t<\/section>\n\t\t\t\t<section class=\"elementor-section elementor-top-section elementor-element elementor-element-76923d4 elementor-section-boxed elementor-section-height-default elementor-section-height-default\" data-id=\"76923d4\" data-element_type=\"section\">\n\t\t\t\t\t\t<div class=\"elementor-container elementor-column-gap-default\">\n\t\t\t\t\t<div class=\"elementor-column elementor-col-50 elementor-top-column elementor-element elementor-element-c71427f\" data-id=\"c71427f\" data-element_type=\"column\">\n\t\t\t<div class=\"elementor-widget-wrap elementor-element-populated\">\n\t\t\t\t\t\t\t\t<div class=\"elementor-element elementor-element-cb7bcef elementor-position-top elementor-vertical-align-top elementor-widget elementor-widget-image-box\" data-id=\"cb7bcef\" data-element_type=\"widget\" data-widget_type=\"image-box.default\">\n\t\t\t\t<div class=\"elementor-widget-container\">\n\t\t\t<div class=\"elementor-image-box-wrapper\"><figure class=\"elementor-image-box-img\"><a href=\"https:\/\/hesas.com.tr\/en\/masaustu-gerecleri\/bardak-altlari\/\"><img decoding=\"async\" width=\"600\" height=\"600\" src=\"https:\/\/hesas.com.tr\/wp-content\/uploads\/2022\/11\/16582.jpg\" class=\"attachment-full size-full wp-image-881\" alt=\"\" loading=\"lazy\" srcset=\"https:\/\/hesas.com.tr\/wp-content\/uploads\/2022\/11\/16582.jpg 600w, https:\/\/hesas.com.tr\/wp-content\/uploads\/2022\/11\/16582-400x400.jpg 400w, https:\/\/hesas.com.tr\/wp-content\/uploads\/2022\/11\/16582-100x100.jpg 100w, https:\/\/hesas.com.tr\/wp-content\/uploads\/2022\/11\/16582-300x300.jpg 300w, https:\/\/hesas.com.tr\/wp-content\/uploads\/2022\/11\/16582-150x150.jpg 150w, https:\/\/hesas.com.tr\/wp-content\/uploads\/2022\/11\/16582-12x12.jpg 12w\" sizes=\"(max-width: 600px) 100vw, 600px\" \/><\/a><\/figure><div class=\"elementor-image-box-content\"><h3 class=\"elementor-image-box-title\"><a href=\"https:\/\/hesas.com.tr\/en\/masaustu-gerecleri\/bardak-altlari\/\">Coasters<\/a><\/h3><\/div><\/div>\t\t<\/div>\n\t\t\t\t<\/div>\n\t\t\t\t\t<\/div>\n\t\t<\/div>\n\t\t\t\t<div class=\"elementor-column elementor-col-50 elementor-top-column elementor-element elementor-element-3d3a686\" data-id=\"3d3a686\" data-element_type=\"column\">\n\t\t\t<div class=\"elementor-widget-wrap elementor-element-populated\">\n\t\t\t\t\t\t\t\t<div class=\"elementor-element elementor-element-5ac3355 elementor-position-top elementor-vertical-align-top elementor-widget elementor-widget-image-box\" data-id=\"5ac3355\" data-element_type=\"widget\" data-widget_type=\"image-box.default\">\n\t\t\t\t<div class=\"elementor-widget-container\">\n\t\t\t<div class=\"elementor-image-box-wrapper\"><figure class=\"elementor-image-box-img\"><a href=\"https:\/\/hesas.com.tr\/en\/masaustu-gerecleri\/bloknotlar\/\"><img decoding=\"async\" width=\"600\" height=\"600\" src=\"https:\/\/hesas.com.tr\/wp-content\/uploads\/2022\/11\/14030.jpg\" class=\"attachment-full size-full wp-image-882\" alt=\"\" loading=\"lazy\" srcset=\"https:\/\/hesas.com.tr\/wp-content\/uploads\/2022\/11\/14030.jpg 600w, https:\/\/hesas.com.tr\/wp-content\/uploads\/2022\/11\/14030-400x400.jpg 400w, https:\/\/hesas.com.tr\/wp-content\/uploads\/2022\/11\/14030-100x100.jpg 100w, https:\/\/hesas.com.tr\/wp-content\/uploads\/2022\/11\/14030-300x300.jpg 300w, https:\/\/hesas.com.tr\/wp-content\/uploads\/2022\/11\/14030-150x150.jpg 150w, https:\/\/hesas.com.tr\/wp-content\/uploads\/2022\/11\/14030-12x12.jpg 12w\" sizes=\"(max-width: 600px) 100vw, 600px\" \/><\/a><\/figure><div class=\"elementor-image-box-content\"><h3 class=\"elementor-image-box-title\"><a href=\"https:\/\/hesas.com.tr\/en\/masaustu-gerecleri\/bloknotlar\/\">Notepads<\/a><\/h3><\/div><\/div>\t\t<\/div>\n\t\t\t\t<\/div>\n\t\t\t\t\t<\/div>\n\t\t<\/div>\n\t\t\t\t\t\t\t<\/div>\n\t\t<\/section>\n\t\t\t\t<section class=\"elementor-section elementor-top-section elementor-element elementor-element-e895323 elementor-section-boxed elementor-section-height-default elementor-section-height-default\" data-id=\"e895323\" data-element_type=\"section\">\n\t\t\t\t\t\t<div class=\"elementor-container elementor-column-gap-default\">\n\t\t\t\t\t<div class=\"elementor-column elementor-col-50 elementor-top-column elementor-element elementor-element-1e89b0b\" data-id=\"1e89b0b\" data-element_type=\"column\">\n\t\t\t<div class=\"elementor-widget-wrap elementor-element-populated\">\n\t\t\t\t\t\t\t\t<div class=\"elementor-element elementor-element-7a8a731 elementor-position-top elementor-vertical-align-top elementor-widget elementor-widget-image-box\" data-id=\"7a8a731\" data-element_type=\"widget\" data-widget_type=\"image-box.default\">\n\t\t\t\t<div class=\"elementor-widget-container\">\n\t\t\t<div class=\"elementor-image-box-wrapper\"><figure class=\"elementor-image-box-img\"><a href=\"https:\/\/hesas.com.tr\/en\/masaustu-gerecleri\/kullukler\/\"><img decoding=\"async\" width=\"600\" height=\"600\" src=\"https:\/\/hesas.com.tr\/wp-content\/uploads\/2022\/11\/15110-01.jpg\" class=\"attachment-full size-full wp-image-883\" alt=\"\" loading=\"lazy\" srcset=\"https:\/\/hesas.com.tr\/wp-content\/uploads\/2022\/11\/15110-01.jpg 600w, https:\/\/hesas.com.tr\/wp-content\/uploads\/2022\/11\/15110-01-400x400.jpg 400w, https:\/\/hesas.com.tr\/wp-content\/uploads\/2022\/11\/15110-01-100x100.jpg 100w, https:\/\/hesas.com.tr\/wp-content\/uploads\/2022\/11\/15110-01-300x300.jpg 300w, https:\/\/hesas.com.tr\/wp-content\/uploads\/2022\/11\/15110-01-150x150.jpg 150w, https:\/\/hesas.com.tr\/wp-content\/uploads\/2022\/11\/15110-01-12x12.jpg 12w\" sizes=\"(max-width: 600px) 100vw, 600px\" \/><\/a><\/figure><div class=\"elementor-image-box-content\"><h3 class=\"elementor-image-box-title\"><a href=\"https:\/\/hesas.com.tr\/en\/masaustu-gerecleri\/kullukler\/\">Ashtrays<\/a><\/h3><\/div><\/div>\t\t<\/div>\n\t\t\t\t<\/div>\n\t\t\t\t\t<\/div>\n\t\t<\/div>\n\t\t\t\t<div class=\"elementor-column elementor-col-50 elementor-top-column elementor-element elementor-element-3ea2aab\" data-id=\"3ea2aab\" data-element_type=\"column\">\n\t\t\t<div class=\"elementor-widget-wrap\">\n\t\t\t\t\t\t\t\t\t<\/div>\n\t\t<\/div>\n\t\t\t\t\t\t\t<\/div>\n\t\t<\/section>\n\t\t\t\t\t\t\t<\/div>","protected":false},"excerpt":{"rendered":"<p>Masa\u00fcst\u00fc Gere\u00e7leri Sizler i\u00e7in tasarlad\u0131\u011f\u0131m\u0131z Masa\u00fcst\u00fc Gere\u00e7leri serilerimize g\u00f6z atabilirsiniz. Masa\u00fcst\u00fc Gere\u00e7leri \u00dcr\u00fcn Gruplar Masa Saatleri\u200b Kalemlikler Para Tabaklar\u0131 Termometreler Bardak Altlar\u0131 Bloknotlar K\u00fcll\u00fckler\u200b<\/p>","protected":false},"author":1,"featured_media":0,"parent":0,"menu_order":0,"comment_status":"closed","ping_status":"closed","template":"elementor_header_footer","meta":[],"acf":[],"_links":{"self":[{"href":"https:\/\/hesas.com.tr\/en\/wp-json\/wp\/v2\/pages\/603"}],"collection":[{"href":"https:\/\/hesas.com.tr\/en\/wp-json\/wp\/v2\/pages"}],"about":[{"href":"https:\/\/hesas.com.tr\/en\/wp-json\/wp\/v2\/types\/page"}],"author":[{"embeddable":true,"href":"https:\/\/hesas.com.tr\/en\/wp-json\/wp\/v2\/users\/1"}],"replies":[{"embeddable":true,"href":"https:\/\/hesas.com.tr\/en\/wp-json\/wp\/v2\/comments?post=603"}],"version-history":[{"count":25,"href":"https:\/\/hesas.com.tr\/en\/wp-json\/wp\/v2\/pages\/603\/revisions"}],"predecessor-version":[{"id":886,"href":"https:\/\/hesas.com.tr\/en\/wp-json\/wp\/v2\/pages\/603\/revisions\/886"}],"wp:attachment":[{"href":"https:\/\/hesas.com.tr\/en\/wp-json\/wp\/v2\/media?parent=603"}],"curies":[{"name":"wp","href":"https:\/\/api.w.org\/{rel}","templated":true}]}}