{"id":1019,"date":"2023-01-11T21:20:51","date_gmt":"2023-01-11T18:20:51","guid":{"rendered":"https:\/\/hesas.com.tr\/?post_type=product&#038;p=1019"},"modified":"2023-01-12T12:07:03","modified_gmt":"2023-01-12T09:07:03","slug":"purger-series-purger-pursor-oval","status":"publish","type":"product","link":"https:\/\/hesas.com.tr\/en\/product\/purger-series-purger-pursor-oval\/","title":{"rendered":"Purger Series Purger\/Pur\u015f\u00f6r Oval Krom"},"content":{"rendered":"<p>&nbsp;<\/p>\n<table class=\"greyGridTable\" style=\"height: 353px;\" width=\"337\">\n<tbody>\n<tr>\n<td>Item Size<\/td>\n<td>90 x 33 x 9 mm<\/td>\n<\/tr>\n<tr>\n<td>Print Surface<\/td>\n<td>23 x 25 mm<\/td>\n<\/tr>\n<tr>\n<td>Package<\/td>\n<td>Small Box<\/td>\n<\/tr>\n<tr>\n<td>Box Size<\/td>\n<td>36 x 26 x 37 cm<\/td>\n<\/tr>\n<tr>\n<td>Pieces in Box<\/td>\n<td>500 ad.<\/td>\n<\/tr>\n<tr>\n<td>Box Weight<\/td>\n<td>17 kg<\/td>\n<\/tr>\n<tr>\n<td>Plating<\/td>\n<td>Chrome<\/td>\n<\/tr>\n<\/tbody>\n<\/table>","protected":false},"excerpt":{"rendered":"<p>&nbsp; \u00dcr\u00fcn Boyutu 90 x 33 x 9 mm Bask\u0131 Y\u00fczeyi 23 x 25 mm Paket K\u00fc\u00e7\u00fck Kutu Koli Ebat 36 x 26 x 37 cm Koli \u0130\u00e7i Adet 500 ad. Koli A\u011f\u0131rl\u0131k 17 kg Kaplama Krom<\/p>","protected":false},"featured_media":1021,"template":"","meta":[],"product_cat":[46,53,52,74,213],"product_tag":[],"acf":[],"_links":{"self":[{"href":"https:\/\/hesas.com.tr\/en\/wp-json\/wp\/v2\/product\/1019"}],"collection":[{"href":"https:\/\/hesas.com.tr\/en\/wp-json\/wp\/v2\/product"}],"about":[{"href":"https:\/\/hesas.com.tr\/en\/wp-json\/wp\/v2\/types\/product"}],"wp:featuredmedia":[{"embeddable":true,"href":"https:\/\/hesas.com.tr\/en\/wp-json\/wp\/v2\/media\/1021"}],"wp:attachment":[{"href":"https:\/\/hesas.com.tr\/en\/wp-json\/wp\/v2\/media?parent=1019"}],"wp:term":[{"taxonomy":"product_cat","embeddable":true,"href":"https:\/\/hesas.com.tr\/en\/wp-json\/wp\/v2\/product_cat?post=1019"},{"taxonomy":"product_tag","embeddable":true,"href":"https:\/\/hesas.com.tr\/en\/wp-json\/wp\/v2\/product_tag?post=1019"}],"curies":[{"name":"wp","href":"https:\/\/api.w.org\/{rel}","templated":true}]}}