{"id":1031,"date":"2023-01-11T21:32:14","date_gmt":"2023-01-11T18:32:14","guid":{"rendered":"https:\/\/hesas.com.tr\/?post_type=product&#038;p=1031"},"modified":"2023-01-12T12:06:53","modified_gmt":"2023-01-12T09:06:53","slug":"purger-series-purger-pursor-oval-nikel","status":"publish","type":"product","link":"https:\/\/hesas.com.tr\/en\/product\/purger-series-purger-pursor-oval-nikel\/","title":{"rendered":"Purger Series Purger\/Pur\u015f\u00f6r Oval Nikel"},"content":{"rendered":"<p>&nbsp;<\/p>\n<table class=\"greyGridTable\" style=\"height: 353px;\" width=\"337\">\n<tbody>\n<tr>\n<td>Item Size<\/td>\n<td>73 x 33 x 9 mm<\/td>\n<\/tr>\n<tr>\n<td>Print Surface<\/td>\n<td>23 x 25 mm<\/td>\n<\/tr>\n<tr>\n<td>Package<\/td>\n<td>Small Box<\/td>\n<\/tr>\n<tr>\n<td>Box Size<\/td>\n<td>36 x 26 x 37 cm<\/td>\n<\/tr>\n<tr>\n<td>Pieces in Box<\/td>\n<td>500 ad.<\/td>\n<\/tr>\n<tr>\n<td>Box Weight<\/td>\n<td>16 kg<\/td>\n<\/tr>\n<tr>\n<td>Plating<\/td>\n<td>Nickel<\/td>\n<\/tr>\n<\/tbody>\n<\/table>","protected":false},"excerpt":{"rendered":"<p>&nbsp; \u00dcr\u00fcn Boyutu 73 x 33 x 9 mm Bask\u0131 Y\u00fczeyi 23 x 25 mm Paket K\u00fc\u00e7\u00fck Kutu Koli Ebat 36 x 26 x 37 cm Koli \u0130\u00e7i Adet 500 ad. Koli A\u011f\u0131rl\u0131k 16 kg Kaplama Nikel<\/p>","protected":false},"featured_media":1023,"template":"","meta":[],"product_cat":[46,53,52,74,213],"product_tag":[],"acf":[],"_links":{"self":[{"href":"https:\/\/hesas.com.tr\/en\/wp-json\/wp\/v2\/product\/1031"}],"collection":[{"href":"https:\/\/hesas.com.tr\/en\/wp-json\/wp\/v2\/product"}],"about":[{"href":"https:\/\/hesas.com.tr\/en\/wp-json\/wp\/v2\/types\/product"}],"wp:featuredmedia":[{"embeddable":true,"href":"https:\/\/hesas.com.tr\/en\/wp-json\/wp\/v2\/media\/1023"}],"wp:attachment":[{"href":"https:\/\/hesas.com.tr\/en\/wp-json\/wp\/v2\/media?parent=1031"}],"wp:term":[{"taxonomy":"product_cat","embeddable":true,"href":"https:\/\/hesas.com.tr\/en\/wp-json\/wp\/v2\/product_cat?post=1031"},{"taxonomy":"product_tag","embeddable":true,"href":"https:\/\/hesas.com.tr\/en\/wp-json\/wp\/v2\/product_tag?post=1031"}],"curies":[{"name":"wp","href":"https:\/\/api.w.org\/{rel}","templated":true}]}}