{"id":1118,"date":"2023-01-12T09:49:44","date_gmt":"2023-01-12T06:49:44","guid":{"rendered":"https:\/\/hesas.com.tr\/?post_type=product&#038;p=1118"},"modified":"2023-01-12T09:52:47","modified_gmt":"2023-01-12T06:52:47","slug":"variform-series-flash-heart-flash-kalp","status":"publish","type":"product","link":"https:\/\/hesas.com.tr\/en\/product\/variform-series-flash-heart-flash-kalp\/","title":{"rendered":"Variform Series Flash Heart\/Flash Kalp"},"content":{"rendered":"<p>&nbsp;<\/p>\n<table class=\"greyGridTable\" style=\"height: 353px;\" width=\"337\">\n<tbody>\n<tr>\n<td>Item Size<\/td>\n<td>75 x 44 x 11 mm<\/td>\n<\/tr>\n<tr>\n<td>Print Surface<\/td>\n<td>23 x 28 mm<\/td>\n<\/tr>\n<tr>\n<td>Package<\/td>\n<td>Small Box<\/td>\n<\/tr>\n<tr>\n<td>Box Size<\/td>\n<td>44 x 26 x 33 cm<\/td>\n<\/tr>\n<tr>\n<td>Pieces in Box<\/td>\n<td>500 ad.<\/td>\n<\/tr>\n<tr>\n<td>Box Weight<\/td>\n<td>14,5 kg<\/td>\n<\/tr>\n<tr>\n<td>Plating<\/td>\n<td>Fls:Krom\/Op:Nikel<\/td>\n<\/tr>\n<\/tbody>\n<\/table>","protected":false},"excerpt":{"rendered":"<p>&nbsp; \u00dcr\u00fcn Boyutu 75 x 44 x 11 mm Bask\u0131 Y\u00fczeyi 23 x 28 mm Paket K\u00fc\u00e7\u00fck Kutu Koli Ebat 44 x 26 x 33 cm Koli \u0130\u00e7i Adet 500 ad. Koli A\u011f\u0131rl\u0131k 14,5 kg Kaplama Fls:Krom\/Op:Nikel<\/p>","protected":false},"featured_media":1123,"template":"","meta":[],"product_cat":[46,49,50],"product_tag":[],"acf":[],"_links":{"self":[{"href":"https:\/\/hesas.com.tr\/en\/wp-json\/wp\/v2\/product\/1118"}],"collection":[{"href":"https:\/\/hesas.com.tr\/en\/wp-json\/wp\/v2\/product"}],"about":[{"href":"https:\/\/hesas.com.tr\/en\/wp-json\/wp\/v2\/types\/product"}],"wp:featuredmedia":[{"embeddable":true,"href":"https:\/\/hesas.com.tr\/en\/wp-json\/wp\/v2\/media\/1123"}],"wp:attachment":[{"href":"https:\/\/hesas.com.tr\/en\/wp-json\/wp\/v2\/media?parent=1118"}],"wp:term":[{"taxonomy":"product_cat","embeddable":true,"href":"https:\/\/hesas.com.tr\/en\/wp-json\/wp\/v2\/product_cat?post=1118"},{"taxonomy":"product_tag","embeddable":true,"href":"https:\/\/hesas.com.tr\/en\/wp-json\/wp\/v2\/product_tag?post=1118"}],"curies":[{"name":"wp","href":"https:\/\/api.w.org\/{rel}","templated":true}]}}