{"id":1157,"date":"2023-01-12T09:59:28","date_gmt":"2023-01-12T06:59:28","guid":{"rendered":"https:\/\/hesas.com.tr\/?post_type=product&#038;p=1157"},"modified":"2023-01-12T10:02:44","modified_gmt":"2023-01-12T07:02:44","slug":"roza-series-opaque-opak","status":"publish","type":"product","link":"https:\/\/hesas.com.tr\/en\/product\/roza-series-opaque-opak\/","title":{"rendered":"Roza Series Opaque\/Opak"},"content":{"rendered":"<p>&nbsp;<\/p>\n<table class=\"greyGridTable\" style=\"height: 353px;\" width=\"337\">\n<tbody>\n<tr>\n<td>Item Size<\/td>\n<td>96 x 39 x 11 mm<\/td>\n<\/tr>\n<tr>\n<td>Print Surface<\/td>\n<td>15,7 x 25 mm<\/td>\n<\/tr>\n<tr>\n<td>Package<\/td>\n<td>Small Box<\/td>\n<\/tr>\n<tr>\n<td>Box Size<\/td>\n<td>36 x 26 x 37 cm<\/td>\n<\/tr>\n<tr>\n<td>Pieces in Box<\/td>\n<td>500 ad.<\/td>\n<\/tr>\n<tr>\n<td>Box Weight<\/td>\n<td>12,25 kg<\/td>\n<\/tr>\n<tr>\n<td>Plating<\/td>\n<td>Nickel<\/td>\n<\/tr>\n<\/tbody>\n<\/table>","protected":false},"excerpt":{"rendered":"<p>&nbsp; \u00dcr\u00fcn Boyutu 96 x 39 x 11 mm Bask\u0131 Y\u00fczeyi 15,7 x 25 mm Paket K\u00fc\u00e7\u00fck Kutu Koli Ebat 36 x 26 x 37 cm Koli \u0130\u00e7i Adet 500 ad. Koli A\u011f\u0131rl\u0131k 12,25 kg Kaplama Nikel<\/p>","protected":false},"featured_media":1162,"template":"","meta":[],"product_cat":[46,49,75],"product_tag":[],"acf":[],"_links":{"self":[{"href":"https:\/\/hesas.com.tr\/en\/wp-json\/wp\/v2\/product\/1157"}],"collection":[{"href":"https:\/\/hesas.com.tr\/en\/wp-json\/wp\/v2\/product"}],"about":[{"href":"https:\/\/hesas.com.tr\/en\/wp-json\/wp\/v2\/types\/product"}],"wp:featuredmedia":[{"embeddable":true,"href":"https:\/\/hesas.com.tr\/en\/wp-json\/wp\/v2\/media\/1162"}],"wp:attachment":[{"href":"https:\/\/hesas.com.tr\/en\/wp-json\/wp\/v2\/media?parent=1157"}],"wp:term":[{"taxonomy":"product_cat","embeddable":true,"href":"https:\/\/hesas.com.tr\/en\/wp-json\/wp\/v2\/product_cat?post=1157"},{"taxonomy":"product_tag","embeddable":true,"href":"https:\/\/hesas.com.tr\/en\/wp-json\/wp\/v2\/product_tag?post=1157"}],"curies":[{"name":"wp","href":"https:\/\/api.w.org\/{rel}","templated":true}]}}