{"id":1194,"date":"2023-01-12T10:12:33","date_gmt":"2023-01-12T07:12:33","guid":{"rendered":"https:\/\/hesas.com.tr\/?post_type=product&#038;p=1194"},"modified":"2023-01-12T10:15:49","modified_gmt":"2023-01-12T07:15:49","slug":"mild-series-woman-kadin","status":"publish","type":"product","link":"https:\/\/hesas.com.tr\/en\/product\/mild-series-woman-kadin\/","title":{"rendered":"Mild Series Woman\/Kad\u0131n"},"content":{"rendered":"<p>&nbsp;<\/p>\n<p>&nbsp;<\/p>\n<table class=\"greyGridTable\" style=\"height: 353px;\" width=\"337\">\n<tbody>\n<tr>\n<td>Item Size<\/td>\n<td>90 x 40 x 7 mm<\/td>\n<\/tr>\n<tr>\n<td>Print Surface<\/td>\n<td>10 x 35 mm<\/td>\n<\/tr>\n<tr>\n<td>Package<\/td>\n<td>Small Box<\/td>\n<\/tr>\n<tr>\n<td>Box Size<\/td>\n<td>32 x 21 x 36 cm<\/td>\n<\/tr>\n<tr>\n<td>Pieces in Box<\/td>\n<td>500 ad.<\/td>\n<\/tr>\n<tr>\n<td>Box Weight<\/td>\n<td>7,5 kg<\/td>\n<\/tr>\n<\/tbody>\n<\/table>","protected":false},"excerpt":{"rendered":"<p>&nbsp; &nbsp; \u00dcr\u00fcn Boyutu 90 x 40 x 7 mm Bask\u0131 Y\u00fczeyi 10 x 35 mm Paket K\u00fc\u00e7\u00fck Kutu Koli Ebat 32 x 21 x 36 cm Koli \u0130\u00e7i Adet 500 ad. Koli A\u011f\u0131rl\u0131k 7,5 kg<\/p>","protected":false},"featured_media":1198,"template":"","meta":[],"product_cat":[46,76,49],"product_tag":[],"acf":[],"_links":{"self":[{"href":"https:\/\/hesas.com.tr\/en\/wp-json\/wp\/v2\/product\/1194"}],"collection":[{"href":"https:\/\/hesas.com.tr\/en\/wp-json\/wp\/v2\/product"}],"about":[{"href":"https:\/\/hesas.com.tr\/en\/wp-json\/wp\/v2\/types\/product"}],"wp:featuredmedia":[{"embeddable":true,"href":"https:\/\/hesas.com.tr\/en\/wp-json\/wp\/v2\/media\/1198"}],"wp:attachment":[{"href":"https:\/\/hesas.com.tr\/en\/wp-json\/wp\/v2\/media?parent=1194"}],"wp:term":[{"taxonomy":"product_cat","embeddable":true,"href":"https:\/\/hesas.com.tr\/en\/wp-json\/wp\/v2\/product_cat?post=1194"},{"taxonomy":"product_tag","embeddable":true,"href":"https:\/\/hesas.com.tr\/en\/wp-json\/wp\/v2\/product_tag?post=1194"}],"curies":[{"name":"wp","href":"https:\/\/api.w.org\/{rel}","templated":true}]}}