{"id":1204,"date":"2023-01-12T10:16:03","date_gmt":"2023-01-12T07:16:03","guid":{"rendered":"https:\/\/hesas.com.tr\/?post_type=product&#038;p=1204"},"modified":"2023-01-12T10:19:33","modified_gmt":"2023-01-12T07:19:33","slug":"caterpiller-series-rectangular-dikdortgen","status":"publish","type":"product","link":"https:\/\/hesas.com.tr\/en\/product\/caterpiller-series-rectangular-dikdortgen\/","title":{"rendered":"Caterpiller Series Rectangular\/Dikd\u00f6rtgen"},"content":{"rendered":"<p>&nbsp;<\/p>\n<table class=\"greyGridTable\" style=\"height: 353px;\" width=\"337\">\n<tbody>\n<tr>\n<td>Item Size<\/td>\n<td>112 x 30 x 10 mm<\/td>\n<\/tr>\n<tr>\n<td>Print Surface<\/td>\n<td>20.5 x 20.5 mm<\/td>\n<\/tr>\n<tr>\n<td>Package<\/td>\n<td>Small Box<\/td>\n<\/tr>\n<tr>\n<td>Box Size<\/td>\n<td>58 x 21 x 45 cm<\/td>\n<\/tr>\n<tr>\n<td>Pieces in Box<\/td>\n<td>500 ad.<\/td>\n<\/tr>\n<tr>\n<td>Box Weight<\/td>\n<td>14,5 kg<\/td>\n<\/tr>\n<tr>\n<td>Plating<\/td>\n<td>Nickel<\/td>\n<\/tr>\n<\/tbody>\n<\/table>","protected":false},"excerpt":{"rendered":"<p>&nbsp; \u00dcr\u00fcn Boyutu 112 x 30 x 10 mm Bask\u0131 Y\u00fczeyi 20.5 x 20.5 mm Paket K\u00fc\u00e7\u00fck Kutu Koli Ebat 58 x 21 x 45 cm Koli \u0130\u00e7i Adet 500 ad. Koli A\u011f\u0131rl\u0131k 14,5 kg Kaplama Nikel<\/p>","protected":false},"featured_media":1209,"template":"","meta":[],"product_cat":[46,77,49],"product_tag":[],"acf":[],"_links":{"self":[{"href":"https:\/\/hesas.com.tr\/en\/wp-json\/wp\/v2\/product\/1204"}],"collection":[{"href":"https:\/\/hesas.com.tr\/en\/wp-json\/wp\/v2\/product"}],"about":[{"href":"https:\/\/hesas.com.tr\/en\/wp-json\/wp\/v2\/types\/product"}],"wp:featuredmedia":[{"embeddable":true,"href":"https:\/\/hesas.com.tr\/en\/wp-json\/wp\/v2\/media\/1209"}],"wp:attachment":[{"href":"https:\/\/hesas.com.tr\/en\/wp-json\/wp\/v2\/media?parent=1204"}],"wp:term":[{"taxonomy":"product_cat","embeddable":true,"href":"https:\/\/hesas.com.tr\/en\/wp-json\/wp\/v2\/product_cat?post=1204"},{"taxonomy":"product_tag","embeddable":true,"href":"https:\/\/hesas.com.tr\/en\/wp-json\/wp\/v2\/product_tag?post=1204"}],"curies":[{"name":"wp","href":"https:\/\/api.w.org\/{rel}","templated":true}]}}