{"id":1347,"date":"2023-01-12T11:08:38","date_gmt":"2023-01-12T08:08:38","guid":{"rendered":"https:\/\/hesas.com.tr\/?post_type=product&#038;p=1347"},"modified":"2023-01-12T11:12:12","modified_gmt":"2023-01-12T08:12:12","slug":"eco-orbit-series-opaque-oval-opak-oval","status":"publish","type":"product","link":"https:\/\/hesas.com.tr\/en\/product\/eco-orbit-series-opaque-oval-opak-oval\/","title":{"rendered":"Eco Orbit Series Opaque Oval\/Opak Oval"},"content":{"rendered":"<p>&nbsp;<\/p>\n<table class=\"greyGridTable\" style=\"height: 353px;\" width=\"337\">\n<tbody>\n<tr>\n<td>Item Size<\/td>\n<td>92 x 32 x 10 mm<\/td>\n<\/tr>\n<tr>\n<td>Print Surface<\/td>\n<td>17 x 33 mm<\/td>\n<\/tr>\n<tr>\n<td>Package<\/td>\n<td>Small Box<\/td>\n<\/tr>\n<tr>\n<td>Box Size<\/td>\n<td>44 x 26 x 33 cm<\/td>\n<\/tr>\n<tr>\n<td>Pieces in Box<\/td>\n<td>500 ad.<\/td>\n<\/tr>\n<tr>\n<td>Box Weight<\/td>\n<td>12,75 kg<\/td>\n<\/tr>\n<tr>\n<td>Plating<\/td>\n<td>Nickel<\/td>\n<\/tr>\n<\/tbody>\n<\/table>","protected":false},"excerpt":{"rendered":"<p>&nbsp; \u00dcr\u00fcn Boyutu 92 x 32 x 10 mm Bask\u0131 Y\u00fczeyi 17 x 33 mm Paket K\u00fc\u00e7\u00fck Kutu Koli Ebat 44 x 26 x 33 cm Koli \u0130\u00e7i Adet 500 ad. Koli A\u011f\u0131rl\u0131k 12,75 kg Kaplama Nikel<\/p>","protected":false},"featured_media":1352,"template":"","meta":[],"product_cat":[46,82,49],"product_tag":[],"acf":[],"_links":{"self":[{"href":"https:\/\/hesas.com.tr\/en\/wp-json\/wp\/v2\/product\/1347"}],"collection":[{"href":"https:\/\/hesas.com.tr\/en\/wp-json\/wp\/v2\/product"}],"about":[{"href":"https:\/\/hesas.com.tr\/en\/wp-json\/wp\/v2\/types\/product"}],"wp:featuredmedia":[{"embeddable":true,"href":"https:\/\/hesas.com.tr\/en\/wp-json\/wp\/v2\/media\/1352"}],"wp:attachment":[{"href":"https:\/\/hesas.com.tr\/en\/wp-json\/wp\/v2\/media?parent=1347"}],"wp:term":[{"taxonomy":"product_cat","embeddable":true,"href":"https:\/\/hesas.com.tr\/en\/wp-json\/wp\/v2\/product_cat?post=1347"},{"taxonomy":"product_tag","embeddable":true,"href":"https:\/\/hesas.com.tr\/en\/wp-json\/wp\/v2\/product_tag?post=1347"}],"curies":[{"name":"wp","href":"https:\/\/api.w.org\/{rel}","templated":true}]}}