{"id":1432,"date":"2023-01-12T11:51:07","date_gmt":"2023-01-12T08:51:07","guid":{"rendered":"https:\/\/hesas.com.tr\/?post_type=product&#038;p=1432"},"modified":"2023-01-12T11:54:47","modified_gmt":"2023-01-12T08:54:47","slug":"acrylic-series-house","status":"publish","type":"product","link":"https:\/\/hesas.com.tr\/en\/product\/acrylic-series-house\/","title":{"rendered":"Acrylic Series House"},"content":{"rendered":"<p>&nbsp;<\/p>\n<p>&nbsp;<\/p>\n<p>&nbsp;<\/p>\n<table class=\"greyGridTable\" style=\"height: 353px;\" width=\"500\">\n<tbody>\n<tr>\n<td>Item Size<\/td>\n<td>95 x 55 x 7 mm<\/td>\n<td>102 x 42 x 7 mm<\/td>\n<\/tr>\n<tr>\n<td>Print Surface<\/td>\n<td>45 x 52 mm<\/td>\n<td>36 x 70 mm<\/td>\n<\/tr>\n<tr>\n<td>Package<\/td>\n<td>Small Box<\/td>\n<td>Small Box<\/td>\n<\/tr>\n<tr>\n<td>Box Size<\/td>\n<td>34,5 x 23,5 x 17 cm<\/td>\n<td>34,5 x 23,5 x 17 cm<\/td>\n<\/tr>\n<tr>\n<td>Pieces in Box<\/td>\n<td>250 ad.<\/td>\n<td>250 ad.<\/td>\n<\/tr>\n<tr>\n<td>Box Weight<\/td>\n<td>5,6 kg<\/td>\n<td>5,6 kg<\/td>\n<\/tr>\n<tr>\n<td>Plating<\/td>\n<td>Nickel<\/td>\n<td>Nickel<\/td>\n<\/tr>\n<\/tbody>\n<\/table>","protected":false},"excerpt":{"rendered":"<p>&nbsp; &nbsp; &nbsp; \u00dcr\u00fcn Boyutu 95 x 55 x 7 mm 102 x 42 x 7 mm Bask\u0131 Y\u00fczeyi 45 x 52 mm 36 x 70 mm Paket K\u00fc\u00e7\u00fck Kutu K\u00fc\u00e7\u00fck Kutu Koli Ebat 34,5 x 23,5 x 17 cm 34,5 x 23,5 x 17 cm Koli \u0130\u00e7i Adet 250 ad. 250 ad. Koli A\u011f\u0131rl\u0131k &#8230; <a title=\"Acrylic Series House\" class=\"read-more\" href=\"https:\/\/hesas.com.tr\/en\/product\/acrylic-series-house\/\" aria-label=\"More on Acrylic Series House\">Read more<\/a><\/p>","protected":false},"featured_media":1433,"template":"","meta":[],"product_cat":[88,46,49],"product_tag":[],"acf":[],"_links":{"self":[{"href":"https:\/\/hesas.com.tr\/en\/wp-json\/wp\/v2\/product\/1432"}],"collection":[{"href":"https:\/\/hesas.com.tr\/en\/wp-json\/wp\/v2\/product"}],"about":[{"href":"https:\/\/hesas.com.tr\/en\/wp-json\/wp\/v2\/types\/product"}],"wp:featuredmedia":[{"embeddable":true,"href":"https:\/\/hesas.com.tr\/en\/wp-json\/wp\/v2\/media\/1433"}],"wp:attachment":[{"href":"https:\/\/hesas.com.tr\/en\/wp-json\/wp\/v2\/media?parent=1432"}],"wp:term":[{"taxonomy":"product_cat","embeddable":true,"href":"https:\/\/hesas.com.tr\/en\/wp-json\/wp\/v2\/product_cat?post=1432"},{"taxonomy":"product_tag","embeddable":true,"href":"https:\/\/hesas.com.tr\/en\/wp-json\/wp\/v2\/product_tag?post=1432"}],"curies":[{"name":"wp","href":"https:\/\/api.w.org\/{rel}","templated":true}]}}