{"id":1480,"date":"2023-01-12T12:30:12","date_gmt":"2023-01-12T09:30:12","guid":{"rendered":"https:\/\/hesas.com.tr\/?post_type=product&#038;p=1480"},"modified":"2023-01-12T12:32:53","modified_gmt":"2023-01-12T09:32:53","slug":"compass-series-opaque-round-yuvarlak","status":"publish","type":"product","link":"https:\/\/hesas.com.tr\/en\/product\/compass-series-opaque-round-yuvarlak\/","title":{"rendered":"Compass Series Opaque Round\/Yuvarlak"},"content":{"rendered":"<p>&nbsp;<\/p>\n<table class=\"greyGridTable\" style=\"height: 353px;\" width=\"337\">\n<tbody>\n<tr>\n<td>Item Size<\/td>\n<td>92 x 31 x 11 mm<\/td>\n<\/tr>\n<tr>\n<td>Print Surface<\/td>\n<td>\u00d824 mm<\/td>\n<\/tr>\n<tr>\n<td>Package<\/td>\n<td>Small Box<\/td>\n<\/tr>\n<tr>\n<td>Box Size<\/td>\n<td>44 x 26 x 33 cm<\/td>\n<\/tr>\n<tr>\n<td>Pieces in Box<\/td>\n<td>500 ad.<\/td>\n<\/tr>\n<tr>\n<td>Box Weight<\/td>\n<td>14 kg<\/td>\n<\/tr>\n<tr>\n<td>Plating<\/td>\n<td>Krom\/Nikel<\/td>\n<\/tr>\n<\/tbody>\n<\/table>","protected":false},"excerpt":{"rendered":"<p>&nbsp; \u00dcr\u00fcn Boyutu 92 x 31 x 11 mm Bask\u0131 Y\u00fczeyi \u00d824 mm Paket K\u00fc\u00e7\u00fck Kutu Koli Ebat 44 x 26 x 33 cm Koli \u0130\u00e7i Adet 500 ad. Koli A\u011f\u0131rl\u0131k 14 kg Kaplama Krom\/Nikel<\/p>","protected":false},"featured_media":1485,"template":"","meta":[],"product_cat":[46,214,53],"product_tag":[],"acf":[],"_links":{"self":[{"href":"https:\/\/hesas.com.tr\/en\/wp-json\/wp\/v2\/product\/1480"}],"collection":[{"href":"https:\/\/hesas.com.tr\/en\/wp-json\/wp\/v2\/product"}],"about":[{"href":"https:\/\/hesas.com.tr\/en\/wp-json\/wp\/v2\/types\/product"}],"wp:featuredmedia":[{"embeddable":true,"href":"https:\/\/hesas.com.tr\/en\/wp-json\/wp\/v2\/media\/1485"}],"wp:attachment":[{"href":"https:\/\/hesas.com.tr\/en\/wp-json\/wp\/v2\/media?parent=1480"}],"wp:term":[{"taxonomy":"product_cat","embeddable":true,"href":"https:\/\/hesas.com.tr\/en\/wp-json\/wp\/v2\/product_cat?post=1480"},{"taxonomy":"product_tag","embeddable":true,"href":"https:\/\/hesas.com.tr\/en\/wp-json\/wp\/v2\/product_tag?post=1480"}],"curies":[{"name":"wp","href":"https:\/\/api.w.org\/{rel}","templated":true}]}}