{"id":1519,"date":"2023-01-12T12:42:53","date_gmt":"2023-01-12T09:42:53","guid":{"rendered":"https:\/\/hesas.com.tr\/?post_type=product&#038;p=1519"},"modified":"2023-01-12T12:47:29","modified_gmt":"2023-01-12T09:47:29","slug":"clipper-series-clipper-tirnak-makasi","status":"publish","type":"product","link":"https:\/\/hesas.com.tr\/en\/product\/clipper-series-clipper-tirnak-makasi\/","title":{"rendered":"Clipper Series Clipper\/T\u0131rnak Makas\u0131"},"content":{"rendered":"<p>&nbsp;<\/p>\n<table class=\"greyGridTable\" style=\"height: 353px;\" width=\"337\">\n<tbody>\n<tr>\n<td>Item Size<\/td>\n<td>100 x 30 x 20 mm<\/td>\n<\/tr>\n<tr>\n<td>Print Surface<\/td>\n<td>6 x 15 mm<\/td>\n<\/tr>\n<tr>\n<td>Package<\/td>\n<td>Small Box<\/td>\n<\/tr>\n<tr>\n<td>Box Size<\/td>\n<td>58 x 21 x 45 cm<\/td>\n<\/tr>\n<tr>\n<td>Pieces in Box<\/td>\n<td>500 ad.<\/td>\n<\/tr>\n<tr>\n<td>Box Weight<\/td>\n<td>15,5 kg<\/td>\n<\/tr>\n<tr>\n<td>Plating<\/td>\n<td>Chrome<\/td>\n<\/tr>\n<\/tbody>\n<\/table>\n<p>&nbsp;<\/p>","protected":false},"excerpt":{"rendered":"<p>&nbsp; \u00dcr\u00fcn Boyutu 100 x 30 x 20 mm Bask\u0131 Y\u00fczeyi 6 x 15 mm Paket K\u00fc\u00e7\u00fck Kutu Koli Ebat 58 x 21 x 45 cm Koli \u0130\u00e7i Adet 500 ad. Koli A\u011f\u0131rl\u0131k 15,5 kg Kaplama Krom &nbsp;<\/p>","protected":false},"featured_media":1524,"template":"","meta":[],"product_cat":[46,217,53],"product_tag":[],"acf":[],"_links":{"self":[{"href":"https:\/\/hesas.com.tr\/en\/wp-json\/wp\/v2\/product\/1519"}],"collection":[{"href":"https:\/\/hesas.com.tr\/en\/wp-json\/wp\/v2\/product"}],"about":[{"href":"https:\/\/hesas.com.tr\/en\/wp-json\/wp\/v2\/types\/product"}],"wp:featuredmedia":[{"embeddable":true,"href":"https:\/\/hesas.com.tr\/en\/wp-json\/wp\/v2\/media\/1524"}],"wp:attachment":[{"href":"https:\/\/hesas.com.tr\/en\/wp-json\/wp\/v2\/media?parent=1519"}],"wp:term":[{"taxonomy":"product_cat","embeddable":true,"href":"https:\/\/hesas.com.tr\/en\/wp-json\/wp\/v2\/product_cat?post=1519"},{"taxonomy":"product_tag","embeddable":true,"href":"https:\/\/hesas.com.tr\/en\/wp-json\/wp\/v2\/product_tag?post=1519"}],"curies":[{"name":"wp","href":"https:\/\/api.w.org\/{rel}","templated":true}]}}