{"id":1540,"date":"2023-01-12T13:07:51","date_gmt":"2023-01-12T10:07:51","guid":{"rendered":"https:\/\/hesas.com.tr\/?post_type=product&#038;p=1540"},"modified":"2023-01-12T13:09:21","modified_gmt":"2023-01-12T10:09:21","slug":"bottle-opener-series-oval","status":"publish","type":"product","link":"https:\/\/hesas.com.tr\/en\/product\/bottle-opener-series-oval\/","title":{"rendered":"Bottle Opener Series Oval"},"content":{"rendered":"<p>&nbsp;<\/p>\n<table class=\"greyGridTable\" style=\"height: 353px;\" width=\"337\">\n<tbody>\n<tr>\n<td>Item Size<\/td>\n<td>95 x 32 x 10 mm<\/td>\n<\/tr>\n<tr>\n<td>Print Surface<\/td>\n<td>\u00d824 mm<\/td>\n<\/tr>\n<tr>\n<td>Package<\/td>\n<td>Small Box<\/td>\n<\/tr>\n<tr>\n<td>Box Size<\/td>\n<td>32 x 21 x 36 cm<\/td>\n<\/tr>\n<tr>\n<td>Pieces in Box<\/td>\n<td>500 ad.<\/td>\n<\/tr>\n<tr>\n<td>Box Weight<\/td>\n<td>15,25 kg<\/td>\n<\/tr>\n<tr>\n<td>Plating<\/td>\n<td>Chrome<\/td>\n<\/tr>\n<\/tbody>\n<\/table>\n<p>&nbsp;<\/p>","protected":false},"excerpt":{"rendered":"<p>&nbsp; \u00dcr\u00fcn Boyutu 95 x 32 x 10 mm Bask\u0131 Y\u00fczeyi \u00d824 mm Paket K\u00fc\u00e7\u00fck Kutu Koli Ebat 32 x 21 x 36 cm Koli \u0130\u00e7i Adet 500 ad. Koli A\u011f\u0131rl\u0131k 15,25 kg Kaplama Krom &nbsp;<\/p>","protected":false},"featured_media":1541,"template":"","meta":[],"product_cat":[46,218,53],"product_tag":[],"acf":[],"_links":{"self":[{"href":"https:\/\/hesas.com.tr\/en\/wp-json\/wp\/v2\/product\/1540"}],"collection":[{"href":"https:\/\/hesas.com.tr\/en\/wp-json\/wp\/v2\/product"}],"about":[{"href":"https:\/\/hesas.com.tr\/en\/wp-json\/wp\/v2\/types\/product"}],"wp:featuredmedia":[{"embeddable":true,"href":"https:\/\/hesas.com.tr\/en\/wp-json\/wp\/v2\/media\/1541"}],"wp:attachment":[{"href":"https:\/\/hesas.com.tr\/en\/wp-json\/wp\/v2\/media?parent=1540"}],"wp:term":[{"taxonomy":"product_cat","embeddable":true,"href":"https:\/\/hesas.com.tr\/en\/wp-json\/wp\/v2\/product_cat?post=1540"},{"taxonomy":"product_tag","embeddable":true,"href":"https:\/\/hesas.com.tr\/en\/wp-json\/wp\/v2\/product_tag?post=1540"}],"curies":[{"name":"wp","href":"https:\/\/api.w.org\/{rel}","templated":true}]}}