{"id":1646,"date":"2023-01-17T20:07:24","date_gmt":"2023-01-17T17:07:24","guid":{"rendered":"https:\/\/hesas.com.tr\/?post_type=product&#038;p=1646"},"modified":"2023-01-17T20:09:09","modified_gmt":"2023-01-17T17:09:09","slug":"steel-flat-series-31185","status":"publish","type":"product","link":"https:\/\/hesas.com.tr\/en\/product\/steel-flat-series-31185\/","title":{"rendered":"Steel Flat Series 31185"},"content":{"rendered":"<p>&nbsp;<\/p>\n<table class=\"greyGridTable\" style=\"height: 353px;\" width=\"337\">\n<tbody>\n<tr>\n<td>Item Size<\/td>\n<td>\u00d8340 x 45 mm<\/td>\n<\/tr>\n<tr>\n<td>Print Surface<\/td>\n<td>\u00d8 170 mm<\/td>\n<\/tr>\n<tr>\n<td>Material<\/td>\n<td>Stainless Steel<\/td>\n<\/tr>\n<tr>\n<td>Glass Type<\/td>\n<td>Mineral<\/td>\n<\/tr>\n<tr>\n<td>Dial<\/td>\n<td>Bristol \/ Polystyrene<\/td>\n<\/tr>\n<tr>\n<td>Package<\/td>\n<td>Small Box<\/td>\n<\/tr>\n<tr>\n<td>Box Size<\/td>\n<td>53,5 x 37,5 x 37,5 cm<\/td>\n<\/tr>\n<tr>\n<td>Pieces in Box<\/td>\n<td>10 ad.<\/td>\n<\/tr>\n<tr>\n<td>Box Weight<\/td>\n<td>11,85 kg<\/td>\n<\/tr>\n<\/tbody>\n<\/table>","protected":false},"excerpt":{"rendered":"<p>&nbsp; \u00dcr\u00fcn Boyutu \u00d8340 x 45 mm Bask\u0131 Y\u00fczeyi \u00d8 170 mm Hammadde Paslanmaz \u00c7elik Cam Tipi Mineral Kadran Bristol \/ Polistiren Paket K\u00fc\u00e7\u00fck Kutu Koli Ebat 53,5 x 37,5 x 37,5 cm Koli \u0130\u00e7i Adet 10 ad. Koli A\u011f\u0131rl\u0131k 11,85 kg<\/p>","protected":false},"featured_media":1647,"template":"","meta":[],"product_cat":[23,55,257],"product_tag":[],"acf":[],"_links":{"self":[{"href":"https:\/\/hesas.com.tr\/en\/wp-json\/wp\/v2\/product\/1646"}],"collection":[{"href":"https:\/\/hesas.com.tr\/en\/wp-json\/wp\/v2\/product"}],"about":[{"href":"https:\/\/hesas.com.tr\/en\/wp-json\/wp\/v2\/types\/product"}],"wp:featuredmedia":[{"embeddable":true,"href":"https:\/\/hesas.com.tr\/en\/wp-json\/wp\/v2\/media\/1647"}],"wp:attachment":[{"href":"https:\/\/hesas.com.tr\/en\/wp-json\/wp\/v2\/media?parent=1646"}],"wp:term":[{"taxonomy":"product_cat","embeddable":true,"href":"https:\/\/hesas.com.tr\/en\/wp-json\/wp\/v2\/product_cat?post=1646"},{"taxonomy":"product_tag","embeddable":true,"href":"https:\/\/hesas.com.tr\/en\/wp-json\/wp\/v2\/product_tag?post=1646"}],"curies":[{"name":"wp","href":"https:\/\/api.w.org\/{rel}","templated":true}]}}