{"id":1661,"date":"2023-01-17T20:20:17","date_gmt":"2023-01-17T17:20:17","guid":{"rendered":"https:\/\/hesas.com.tr\/?post_type=product&#038;p=1661"},"modified":"2023-01-17T20:21:06","modified_gmt":"2023-01-17T17:21:06","slug":"steel-slim-series-31305","status":"publish","type":"product","link":"https:\/\/hesas.com.tr\/en\/product\/steel-slim-series-31305\/","title":{"rendered":"Steel Slim Series 31305"},"content":{"rendered":"<p>&nbsp;<\/p>\n<table class=\"greyGridTable\" style=\"height: 353px;\" width=\"337\">\n<tbody>\n<tr>\n<td>Item Size<\/td>\n<td>\u00d8185 x 50 mm<\/td>\n<\/tr>\n<tr>\n<td>Print Surface<\/td>\n<td>\u00d8 90 mm<\/td>\n<\/tr>\n<tr>\n<td>Material<\/td>\n<td>Stainless Steel<\/td>\n<\/tr>\n<tr>\n<td>Glass Type<\/td>\n<td>Mineral<\/td>\n<\/tr>\n<tr>\n<td>Dial<\/td>\n<td>Bristol \/ Polystyrene<\/td>\n<\/tr>\n<tr>\n<td>Package<\/td>\n<td>Small Box<\/td>\n<\/tr>\n<tr>\n<td>Box Size<\/td>\n<td>57 x 22 x 47 cm<\/td>\n<\/tr>\n<tr>\n<td>Pieces in Box<\/td>\n<td>20 ad.<\/td>\n<\/tr>\n<tr>\n<td>Box Weight<\/td>\n<td>8,8 kg<\/td>\n<\/tr>\n<\/tbody>\n<\/table>","protected":false},"excerpt":{"rendered":"<p>&nbsp; \u00dcr\u00fcn Boyutu \u00d8185 x 50 mm Bask\u0131 Y\u00fczeyi \u00d8 90 mm Hammadde Paslanmaz \u00c7elik Cam Tipi Mineral Kadran Bristol \/ Polistiren Paket K\u00fc\u00e7\u00fck Kutu Koli Ebat 57 x 22 x 47 cm Koli \u0130\u00e7i Adet 20 ad. Koli A\u011f\u0131rl\u0131k 8,8 kg<\/p>","protected":false},"featured_media":1662,"template":"","meta":[],"product_cat":[23,55,258],"product_tag":[],"acf":[],"_links":{"self":[{"href":"https:\/\/hesas.com.tr\/en\/wp-json\/wp\/v2\/product\/1661"}],"collection":[{"href":"https:\/\/hesas.com.tr\/en\/wp-json\/wp\/v2\/product"}],"about":[{"href":"https:\/\/hesas.com.tr\/en\/wp-json\/wp\/v2\/types\/product"}],"wp:featuredmedia":[{"embeddable":true,"href":"https:\/\/hesas.com.tr\/en\/wp-json\/wp\/v2\/media\/1662"}],"wp:attachment":[{"href":"https:\/\/hesas.com.tr\/en\/wp-json\/wp\/v2\/media?parent=1661"}],"wp:term":[{"taxonomy":"product_cat","embeddable":true,"href":"https:\/\/hesas.com.tr\/en\/wp-json\/wp\/v2\/product_cat?post=1661"},{"taxonomy":"product_tag","embeddable":true,"href":"https:\/\/hesas.com.tr\/en\/wp-json\/wp\/v2\/product_tag?post=1661"}],"curies":[{"name":"wp","href":"https:\/\/api.w.org\/{rel}","templated":true}]}}