{"id":1683,"date":"2023-01-17T20:39:28","date_gmt":"2023-01-17T17:39:28","guid":{"rendered":"https:\/\/hesas.com.tr\/?post_type=product&#038;p=1683"},"modified":"2023-01-17T20:40:19","modified_gmt":"2023-01-17T17:40:19","slug":"aluminium-flat-series-31247","status":"publish","type":"product","link":"https:\/\/hesas.com.tr\/en\/product\/aluminium-flat-series-31247\/","title":{"rendered":"Aluminium Flat Series 31247"},"content":{"rendered":"<p>&nbsp;<\/p>\n<table class=\"greyGridTable\" style=\"height: 353px;\" width=\"337\">\n<tbody>\n<tr>\n<td>Item Size<\/td>\n<td>\u00d8300 x 45 mm<\/td>\n<\/tr>\n<tr>\n<td>Print Surface<\/td>\n<td>\u00d8 150 mm<\/td>\n<\/tr>\n<tr>\n<td>Material<\/td>\n<td>Al\u00fcminyum<\/td>\n<\/tr>\n<tr>\n<td>Glass Type<\/td>\n<td>Mineral<\/td>\n<\/tr>\n<tr>\n<td>Dial<\/td>\n<td>Bristol \/ Polystyrene<\/td>\n<\/tr>\n<tr>\n<td>Package<\/td>\n<td>Small Box<\/td>\n<\/tr>\n<tr>\n<td>Box Size<\/td>\n<td>49,5 x 33,5 x 32 cm<\/td>\n<\/tr>\n<tr>\n<td>Pieces in Box<\/td>\n<td>10 ad.<\/td>\n<\/tr>\n<tr>\n<td>Box Weight<\/td>\n<td>9,65 kg<\/td>\n<\/tr>\n<\/tbody>\n<\/table>","protected":false},"excerpt":{"rendered":"<p>&nbsp; \u00dcr\u00fcn Boyutu \u00d8300 x 45 mm Bask\u0131 Y\u00fczeyi \u00d8 150 mm Hammadde Al\u00fcminyum Cam Tipi Mineral Kadran Bristol \/ Polistiren Paket K\u00fc\u00e7\u00fck Kutu Koli Ebat 49,5 x 33,5 x 32 cm Koli \u0130\u00e7i Adet 10 ad. Koli A\u011f\u0131rl\u0131k 9,65 kg<\/p>","protected":false},"featured_media":1684,"template":"","meta":[],"product_cat":[262,23,55],"product_tag":[],"acf":[],"_links":{"self":[{"href":"https:\/\/hesas.com.tr\/en\/wp-json\/wp\/v2\/product\/1683"}],"collection":[{"href":"https:\/\/hesas.com.tr\/en\/wp-json\/wp\/v2\/product"}],"about":[{"href":"https:\/\/hesas.com.tr\/en\/wp-json\/wp\/v2\/types\/product"}],"wp:featuredmedia":[{"embeddable":true,"href":"https:\/\/hesas.com.tr\/en\/wp-json\/wp\/v2\/media\/1684"}],"wp:attachment":[{"href":"https:\/\/hesas.com.tr\/en\/wp-json\/wp\/v2\/media?parent=1683"}],"wp:term":[{"taxonomy":"product_cat","embeddable":true,"href":"https:\/\/hesas.com.tr\/en\/wp-json\/wp\/v2\/product_cat?post=1683"},{"taxonomy":"product_tag","embeddable":true,"href":"https:\/\/hesas.com.tr\/en\/wp-json\/wp\/v2\/product_tag?post=1683"}],"curies":[{"name":"wp","href":"https:\/\/api.w.org\/{rel}","templated":true}]}}