{"id":1687,"date":"2023-01-17T20:43:01","date_gmt":"2023-01-17T17:43:01","guid":{"rendered":"https:\/\/hesas.com.tr\/?post_type=product&#038;p=1687"},"modified":"2023-01-17T20:44:03","modified_gmt":"2023-01-17T17:44:03","slug":"frame-plastic","status":"publish","type":"product","link":"https:\/\/hesas.com.tr\/en\/product\/frame-plastic\/","title":{"rendered":"Frame Plastic"},"content":{"rendered":"<p>&nbsp;<\/p>\n<table class=\"greyGridTable\" style=\"height: 353px;\" width=\"337\">\n<tbody>\n<tr>\n<td>Item Size<\/td>\n<td>400 x 400 mm<\/td>\n<\/tr>\n<tr>\n<td>Print Surface<\/td>\n<td>100 x 150 mm<\/td>\n<\/tr>\n<tr>\n<td>Material<\/td>\n<td>Stainless Steel<\/td>\n<\/tr>\n<tr>\n<td>Glass Type<\/td>\n<td>Pvc<\/td>\n<\/tr>\n<tr>\n<td>Dial<\/td>\n<td>&#8211;<\/td>\n<\/tr>\n<tr>\n<td>Package<\/td>\n<td>Small Box<\/td>\n<\/tr>\n<tr>\n<td>Box Size<\/td>\n<td>48 x 42,5 x 42 cm<\/td>\n<\/tr>\n<tr>\n<td>Pieces in Box<\/td>\n<td>10 ad.<\/td>\n<\/tr>\n<tr>\n<td>Box Weight<\/td>\n<td>17,2 kg<\/td>\n<\/tr>\n<\/tbody>\n<\/table>","protected":false},"excerpt":{"rendered":"<p>&nbsp; \u00dcr\u00fcn Boyutu 400 x 400 mm Bask\u0131 Y\u00fczeyi 100 x 150 mm Hammadde Paslanmaz \u00c7elik Cam Tipi Pvc Kadran &#8211; Paket K\u00fc\u00e7\u00fck Kutu Koli Ebat 48 x 42,5 x 42 cm Koli \u0130\u00e7i Adet 10 ad. Koli A\u011f\u0131rl\u0131k 17,2 kg<\/p>","protected":false},"featured_media":1686,"template":"","meta":[],"product_cat":[23,263,55],"product_tag":[],"acf":[],"_links":{"self":[{"href":"https:\/\/hesas.com.tr\/en\/wp-json\/wp\/v2\/product\/1687"}],"collection":[{"href":"https:\/\/hesas.com.tr\/en\/wp-json\/wp\/v2\/product"}],"about":[{"href":"https:\/\/hesas.com.tr\/en\/wp-json\/wp\/v2\/types\/product"}],"wp:featuredmedia":[{"embeddable":true,"href":"https:\/\/hesas.com.tr\/en\/wp-json\/wp\/v2\/media\/1686"}],"wp:attachment":[{"href":"https:\/\/hesas.com.tr\/en\/wp-json\/wp\/v2\/media?parent=1687"}],"wp:term":[{"taxonomy":"product_cat","embeddable":true,"href":"https:\/\/hesas.com.tr\/en\/wp-json\/wp\/v2\/product_cat?post=1687"},{"taxonomy":"product_tag","embeddable":true,"href":"https:\/\/hesas.com.tr\/en\/wp-json\/wp\/v2\/product_tag?post=1687"}],"curies":[{"name":"wp","href":"https:\/\/api.w.org\/{rel}","templated":true}]}}