{"id":1688,"date":"2023-01-17T20:44:36","date_gmt":"2023-01-17T17:44:36","guid":{"rendered":"https:\/\/hesas.com.tr\/?post_type=product&#038;p=1688"},"modified":"2023-01-17T20:47:26","modified_gmt":"2023-01-17T17:47:26","slug":"frame-memento","status":"publish","type":"product","link":"https:\/\/hesas.com.tr\/en\/product\/frame-memento\/","title":{"rendered":"Frame Memento"},"content":{"rendered":"<p>&nbsp;<\/p>\n<table class=\"greyGridTable\" style=\"height: 353px;\" width=\"337\">\n<tbody>\n<tr>\n<td>Item Size<\/td>\n<td>\u00d8400 mm<\/td>\n<\/tr>\n<tr>\n<td>Print Surface<\/td>\n<td>9&#215;6,5-5,6&#215;9,4-9,1&#215;14,2-8,8&#215;9,1-10,4&#215;9,1-9,1&#215;9,1 cm<\/td>\n<\/tr>\n<tr>\n<td>Material<\/td>\n<td>Polistiren<\/td>\n<\/tr>\n<tr>\n<td>Glass Type<\/td>\n<td>Mineral<\/td>\n<\/tr>\n<tr>\n<td>Dial<\/td>\n<td>Bristol \/ Polystyrene<\/td>\n<\/tr>\n<tr>\n<td>Package<\/td>\n<td>Small Box<\/td>\n<\/tr>\n<tr>\n<td>Box Size<\/td>\n<td>48,5 x 42,5 x 42 cm<\/td>\n<\/tr>\n<tr>\n<td>Pieces in Box<\/td>\n<td>10 ad.<\/td>\n<\/tr>\n<tr>\n<td>Box Weight<\/td>\n<td>9,8 kg<\/td>\n<\/tr>\n<\/tbody>\n<\/table>","protected":false},"excerpt":{"rendered":"<p>&nbsp; \u00dcr\u00fcn Boyutu \u00d8400 mm Bask\u0131 Y\u00fczeyi 9&#215;6,5-5,6&#215;9,4-9,1&#215;14,2-8,8&#215;9,1-10,4&#215;9,1-9,1&#215;9,1 cm Hammadde Polistiren Cam Tipi Mineral Kadran Bristol \/ Polistiren Paket K\u00fc\u00e7\u00fck Kutu Koli Ebat 48,5 x 42,5 x 42 cm Koli \u0130\u00e7i Adet 10 ad. Koli A\u011f\u0131rl\u0131k 9,8 kg<\/p>","protected":false},"featured_media":1689,"template":"","meta":[],"product_cat":[23,263,55],"product_tag":[],"acf":[],"_links":{"self":[{"href":"https:\/\/hesas.com.tr\/en\/wp-json\/wp\/v2\/product\/1688"}],"collection":[{"href":"https:\/\/hesas.com.tr\/en\/wp-json\/wp\/v2\/product"}],"about":[{"href":"https:\/\/hesas.com.tr\/en\/wp-json\/wp\/v2\/types\/product"}],"wp:featuredmedia":[{"embeddable":true,"href":"https:\/\/hesas.com.tr\/en\/wp-json\/wp\/v2\/media\/1689"}],"wp:attachment":[{"href":"https:\/\/hesas.com.tr\/en\/wp-json\/wp\/v2\/media?parent=1688"}],"wp:term":[{"taxonomy":"product_cat","embeddable":true,"href":"https:\/\/hesas.com.tr\/en\/wp-json\/wp\/v2\/product_cat?post=1688"},{"taxonomy":"product_tag","embeddable":true,"href":"https:\/\/hesas.com.tr\/en\/wp-json\/wp\/v2\/product_tag?post=1688"}],"curies":[{"name":"wp","href":"https:\/\/api.w.org\/{rel}","templated":true}]}}