{"id":1714,"date":"2023-01-17T21:11:11","date_gmt":"2023-01-17T18:11:11","guid":{"rendered":"https:\/\/hesas.com.tr\/?post_type=product&#038;p=1714"},"modified":"2023-01-17T21:18:21","modified_gmt":"2023-01-17T18:18:21","slug":"emperor-series-lux-emperor","status":"publish","type":"product","link":"https:\/\/hesas.com.tr\/en\/product\/emperor-series-lux-emperor\/","title":{"rendered":"Emperor Series Lux Emperor"},"content":{"rendered":"<p>&nbsp;<\/p>\n<table class=\"greyGridTable\" style=\"height: 353px;\" width=\"337\">\n<tbody>\n<tr>\n<td>Item Size<\/td>\n<td>\u00d8 370 x 50 mm<\/td>\n<\/tr>\n<tr>\n<td>Print Surface<\/td>\n<td>\u00d8 155 mm<\/td>\n<\/tr>\n<tr>\n<td>Material<\/td>\n<td>Polistiren<\/td>\n<\/tr>\n<tr>\n<td>Glass Type<\/td>\n<td>Mineral<\/td>\n<\/tr>\n<tr>\n<td>Dial<\/td>\n<td>Bristol \/ Polystyrene<\/td>\n<\/tr>\n<tr>\n<td>Package<\/td>\n<td>Small Box<\/td>\n<\/tr>\n<tr>\n<td>Box Size<\/td>\n<td>58 x 40,5 x 40 cm<\/td>\n<\/tr>\n<tr>\n<td>Pieces in Box<\/td>\n<td>10 ad.<\/td>\n<\/tr>\n<tr>\n<td>Box Weight<\/td>\n<td>12,15 kg<\/td>\n<\/tr>\n<\/tbody>\n<\/table>","protected":false},"excerpt":{"rendered":"<p>&nbsp; \u00dcr\u00fcn Boyutu \u00d8 370 x 50 mm Bask\u0131 Y\u00fczeyi \u00d8 155 mm Hammadde Polistiren Cam Tipi Mineral Kadran Bristol \/ Polistiren Paket K\u00fc\u00e7\u00fck Kutu Koli Ebat 58 x 40,5 x 40 cm Koli \u0130\u00e7i Adet 10 ad. Koli A\u011f\u0131rl\u0131k 12,15 kg<\/p>","protected":false},"featured_media":1715,"template":"","meta":[],"product_cat":[23,268,56],"product_tag":[],"acf":[],"_links":{"self":[{"href":"https:\/\/hesas.com.tr\/en\/wp-json\/wp\/v2\/product\/1714"}],"collection":[{"href":"https:\/\/hesas.com.tr\/en\/wp-json\/wp\/v2\/product"}],"about":[{"href":"https:\/\/hesas.com.tr\/en\/wp-json\/wp\/v2\/types\/product"}],"wp:featuredmedia":[{"embeddable":true,"href":"https:\/\/hesas.com.tr\/en\/wp-json\/wp\/v2\/media\/1715"}],"wp:attachment":[{"href":"https:\/\/hesas.com.tr\/en\/wp-json\/wp\/v2\/media?parent=1714"}],"wp:term":[{"taxonomy":"product_cat","embeddable":true,"href":"https:\/\/hesas.com.tr\/en\/wp-json\/wp\/v2\/product_cat?post=1714"},{"taxonomy":"product_tag","embeddable":true,"href":"https:\/\/hesas.com.tr\/en\/wp-json\/wp\/v2\/product_tag?post=1714"}],"curies":[{"name":"wp","href":"https:\/\/api.w.org\/{rel}","templated":true}]}}