{"id":1813,"date":"2023-01-18T15:41:40","date_gmt":"2023-01-18T12:41:40","guid":{"rendered":"https:\/\/hesas.com.tr\/?post_type=product&#038;p=1813"},"modified":"2023-01-18T15:45:09","modified_gmt":"2023-01-18T12:45:09","slug":"radial-series","status":"publish","type":"product","link":"https:\/\/hesas.com.tr\/en\/product\/radial-series\/","title":{"rendered":"Radial Series"},"content":{"rendered":"<p>&nbsp;<\/p>\n<table class=\"greyGridTable\" style=\"height: 353px;\" width=\"337\">\n<tbody>\n<tr>\n<td>Item Size<\/td>\n<td>\u00d8 275 x 45 mm<\/td>\n<\/tr>\n<tr>\n<td>Print Surface<\/td>\n<td>\u00d8 135 mm<\/td>\n<\/tr>\n<tr>\n<td>Material<\/td>\n<td>Polistiren<\/td>\n<\/tr>\n<tr>\n<td>Glass Type<\/td>\n<td>Polistiren<\/td>\n<\/tr>\n<tr>\n<td>Dial<\/td>\n<td>Bristol \/ Polystyrene<\/td>\n<\/tr>\n<tr>\n<td>Package<\/td>\n<td>Small Box<\/td>\n<\/tr>\n<tr>\n<td>Box Size<\/td>\n<td>52,5 x 58,5 x 29,5 cm<\/td>\n<\/tr>\n<tr>\n<td>Pieces in Box<\/td>\n<td>20 ad.<\/td>\n<\/tr>\n<tr>\n<td>Box Weight<\/td>\n<td>9 kg<\/td>\n<\/tr>\n<\/tbody>\n<\/table>","protected":false},"excerpt":{"rendered":"<p>&nbsp; \u00dcr\u00fcn Boyutu \u00d8 275 x 45 mm Bask\u0131 Y\u00fczeyi \u00d8 135 mm Hammadde Polistiren Cam Tipi Polistiren Kadran Bristol \/ Polistiren Paket K\u00fc\u00e7\u00fck Kutu Koli Ebat 52,5 x 58,5 x 29,5 cm Koli \u0130\u00e7i Adet 20 ad. Koli A\u011f\u0131rl\u0131k 9 kg<\/p>","protected":false},"featured_media":1818,"template":"","meta":[],"product_cat":[23,56,275],"product_tag":[],"acf":[],"_links":{"self":[{"href":"https:\/\/hesas.com.tr\/en\/wp-json\/wp\/v2\/product\/1813"}],"collection":[{"href":"https:\/\/hesas.com.tr\/en\/wp-json\/wp\/v2\/product"}],"about":[{"href":"https:\/\/hesas.com.tr\/en\/wp-json\/wp\/v2\/types\/product"}],"wp:featuredmedia":[{"embeddable":true,"href":"https:\/\/hesas.com.tr\/en\/wp-json\/wp\/v2\/media\/1818"}],"wp:attachment":[{"href":"https:\/\/hesas.com.tr\/en\/wp-json\/wp\/v2\/media?parent=1813"}],"wp:term":[{"taxonomy":"product_cat","embeddable":true,"href":"https:\/\/hesas.com.tr\/en\/wp-json\/wp\/v2\/product_cat?post=1813"},{"taxonomy":"product_tag","embeddable":true,"href":"https:\/\/hesas.com.tr\/en\/wp-json\/wp\/v2\/product_tag?post=1813"}],"curies":[{"name":"wp","href":"https:\/\/api.w.org\/{rel}","templated":true}]}}