{"id":1871,"date":"2023-01-18T16:00:20","date_gmt":"2023-01-18T13:00:20","guid":{"rendered":"https:\/\/hesas.com.tr\/?post_type=product&#038;p=1871"},"modified":"2023-01-18T16:01:43","modified_gmt":"2023-01-18T13:01:43","slug":"glass-series-rectangular-dikdortgen","status":"publish","type":"product","link":"https:\/\/hesas.com.tr\/en\/product\/glass-series-rectangular-dikdortgen\/","title":{"rendered":"Glass Series Rectangular\/Dikd\u00f6rtgen"},"content":{"rendered":"<p>&nbsp;<\/p>\n<table class=\"greyGridTable\" style=\"height: 353px;\" width=\"337\">\n<tbody>\n<tr>\n<td>Item Size<\/td>\n<td>500 x 250 x 36 mm<\/td>\n<\/tr>\n<tr>\n<td>Print Surface<\/td>\n<td>500 x 250 mm<\/td>\n<\/tr>\n<tr>\n<td>Material<\/td>\n<td>Cam<\/td>\n<\/tr>\n<tr>\n<td>Dial<\/td>\n<td>&#8211;<\/td>\n<\/tr>\n<tr>\n<td>Package<\/td>\n<td>Small Box<\/td>\n<\/tr>\n<tr>\n<td>Box Size<\/td>\n<td>440 x 270 x 575 cm<\/td>\n<\/tr>\n<tr>\n<td>Pieces in Box<\/td>\n<td>10 ad.<\/td>\n<\/tr>\n<tr>\n<td>Box Weight<\/td>\n<td>17 kg<\/td>\n<\/tr>\n<\/tbody>\n<\/table>","protected":false},"excerpt":{"rendered":"<p>&nbsp; \u00dcr\u00fcn Boyutu 500 x 250 x 36 mm Bask\u0131 Y\u00fczeyi 500 x 250 mm Hammadde Cam Kadran &#8211; Paket K\u00fc\u00e7\u00fck Kutu Koli Ebat 440 x 270 x 575 cm Koli \u0130\u00e7i Adet 10 ad. Koli A\u011f\u0131rl\u0131k 17 kg<\/p>","protected":false},"featured_media":1872,"template":"","meta":[],"product_cat":[57,23,279],"product_tag":[],"acf":[],"_links":{"self":[{"href":"https:\/\/hesas.com.tr\/en\/wp-json\/wp\/v2\/product\/1871"}],"collection":[{"href":"https:\/\/hesas.com.tr\/en\/wp-json\/wp\/v2\/product"}],"about":[{"href":"https:\/\/hesas.com.tr\/en\/wp-json\/wp\/v2\/types\/product"}],"wp:featuredmedia":[{"embeddable":true,"href":"https:\/\/hesas.com.tr\/en\/wp-json\/wp\/v2\/media\/1872"}],"wp:attachment":[{"href":"https:\/\/hesas.com.tr\/en\/wp-json\/wp\/v2\/media?parent=1871"}],"wp:term":[{"taxonomy":"product_cat","embeddable":true,"href":"https:\/\/hesas.com.tr\/en\/wp-json\/wp\/v2\/product_cat?post=1871"},{"taxonomy":"product_tag","embeddable":true,"href":"https:\/\/hesas.com.tr\/en\/wp-json\/wp\/v2\/product_tag?post=1871"}],"curies":[{"name":"wp","href":"https:\/\/api.w.org\/{rel}","templated":true}]}}