{"id":1873,"date":"2023-01-18T16:02:22","date_gmt":"2023-01-18T13:02:22","guid":{"rendered":"https:\/\/hesas.com.tr\/?post_type=product&#038;p=1873"},"modified":"2023-01-18T16:04:01","modified_gmt":"2023-01-18T13:04:01","slug":"glass-series-round-yuvarlak","status":"publish","type":"product","link":"https:\/\/hesas.com.tr\/en\/product\/glass-series-round-yuvarlak\/","title":{"rendered":"Glass Series Round\/Yuvarlak"},"content":{"rendered":"<p>&nbsp;<\/p>\n<table class=\"greyGridTable\" style=\"height: 353px;\" width=\"337\">\n<tbody>\n<tr>\n<td>Item Size<\/td>\n<td>\u00d8350 x 36 mm<\/td>\n<\/tr>\n<tr>\n<td>Print Surface<\/td>\n<td>\u00d8350 mm<\/td>\n<\/tr>\n<tr>\n<td>Material<\/td>\n<td>Cam<\/td>\n<\/tr>\n<tr>\n<td>Dial<\/td>\n<td>&#8211;<\/td>\n<\/tr>\n<tr>\n<td>Package<\/td>\n<td>Small Box<\/td>\n<\/tr>\n<tr>\n<td>Box Size<\/td>\n<td>440 x 375 x 375 cm<\/td>\n<\/tr>\n<tr>\n<td>Pieces in Box<\/td>\n<td>10 ad.<\/td>\n<\/tr>\n<tr>\n<td>Box Weight<\/td>\n<td>16,5 kg<\/td>\n<\/tr>\n<\/tbody>\n<\/table>","protected":false},"excerpt":{"rendered":"<p>&nbsp; \u00dcr\u00fcn Boyutu \u00d8350 x 36 mm Bask\u0131 Y\u00fczeyi \u00d8350 mm Hammadde Cam Kadran &#8211; Paket K\u00fc\u00e7\u00fck Kutu Koli Ebat 440 x 375 x 375 cm Koli \u0130\u00e7i Adet 10 ad. Koli A\u011f\u0131rl\u0131k 16,5 kg<\/p>","protected":false},"featured_media":1874,"template":"","meta":[],"product_cat":[57,23,279],"product_tag":[],"acf":[],"_links":{"self":[{"href":"https:\/\/hesas.com.tr\/en\/wp-json\/wp\/v2\/product\/1873"}],"collection":[{"href":"https:\/\/hesas.com.tr\/en\/wp-json\/wp\/v2\/product"}],"about":[{"href":"https:\/\/hesas.com.tr\/en\/wp-json\/wp\/v2\/types\/product"}],"wp:featuredmedia":[{"embeddable":true,"href":"https:\/\/hesas.com.tr\/en\/wp-json\/wp\/v2\/media\/1874"}],"wp:attachment":[{"href":"https:\/\/hesas.com.tr\/en\/wp-json\/wp\/v2\/media?parent=1873"}],"wp:term":[{"taxonomy":"product_cat","embeddable":true,"href":"https:\/\/hesas.com.tr\/en\/wp-json\/wp\/v2\/product_cat?post=1873"},{"taxonomy":"product_tag","embeddable":true,"href":"https:\/\/hesas.com.tr\/en\/wp-json\/wp\/v2\/product_tag?post=1873"}],"curies":[{"name":"wp","href":"https:\/\/api.w.org\/{rel}","templated":true}]}}