{"id":1903,"date":"2023-03-16T20:51:55","date_gmt":"2023-03-16T17:51:55","guid":{"rendered":"https:\/\/hesas.com.tr\/?post_type=product&#038;p=1903"},"modified":"2023-03-16T21:05:26","modified_gmt":"2023-03-16T18:05:26","slug":"jaunty","status":"publish","type":"product","link":"https:\/\/hesas.com.tr\/en\/product\/jaunty\/","title":{"rendered":"JAUNTY"},"content":{"rendered":"<table class=\"greyGridTable\" style=\"height: 353px;\" width=\"337\">\n<tbody>\n<tr>\n<td>Item Size<\/td>\n<td>150 x 150 x 44 mm<\/td>\n<\/tr>\n<tr>\n<td>Package<\/td>\n<td>Small Box<\/td>\n<\/tr>\n<tr>\n<td>Box Size<\/td>\n<td>61 x 17 x 38 cm<\/td>\n<\/tr>\n<tr>\n<td>Pieces in Box<\/td>\n<td>20 ad.<\/td>\n<\/tr>\n<tr>\n<td>Box Weight<\/td>\n<td>8,7 kg<\/td>\n<\/tr>\n<tr>\n<td>Print Surface<\/td>\n<td>20 x 50 mm<\/td>\n<\/tr>\n<\/tbody>\n<\/table>","protected":false},"excerpt":{"rendered":"<p>\u00dcr\u00fcn Boyutu 150 x 150 x 44 mm Paket K\u00fc\u00e7\u00fck Kutu Koli Ebat 61 x 17 x 38 cm Koli \u0130\u00e7i Adet 20 ad. Koli A\u011f\u0131rl\u0131k 8,7 kg Bask\u0131 Y\u00fczeyi 20 x 50 mm<\/p>","protected":false},"featured_media":1904,"template":"","meta":[],"product_cat":[58],"product_tag":[],"acf":[],"_links":{"self":[{"href":"https:\/\/hesas.com.tr\/en\/wp-json\/wp\/v2\/product\/1903"}],"collection":[{"href":"https:\/\/hesas.com.tr\/en\/wp-json\/wp\/v2\/product"}],"about":[{"href":"https:\/\/hesas.com.tr\/en\/wp-json\/wp\/v2\/types\/product"}],"wp:featuredmedia":[{"embeddable":true,"href":"https:\/\/hesas.com.tr\/en\/wp-json\/wp\/v2\/media\/1904"}],"wp:attachment":[{"href":"https:\/\/hesas.com.tr\/en\/wp-json\/wp\/v2\/media?parent=1903"}],"wp:term":[{"taxonomy":"product_cat","embeddable":true,"href":"https:\/\/hesas.com.tr\/en\/wp-json\/wp\/v2\/product_cat?post=1903"},{"taxonomy":"product_tag","embeddable":true,"href":"https:\/\/hesas.com.tr\/en\/wp-json\/wp\/v2\/product_tag?post=1903"}],"curies":[{"name":"wp","href":"https:\/\/api.w.org\/{rel}","templated":true}]}}