{"id":1907,"date":"2023-03-18T11:11:51","date_gmt":"2023-03-18T08:11:51","guid":{"rendered":"https:\/\/hesas.com.tr\/?post_type=product&#038;p=1907"},"modified":"2023-03-18T11:30:59","modified_gmt":"2023-03-18T08:30:59","slug":"torre","status":"publish","type":"product","link":"https:\/\/hesas.com.tr\/en\/product\/torre\/","title":{"rendered":"TORRE"},"content":{"rendered":"<table class=\"greyGridTable\" style=\"height: 353px;\" width=\"337\">\n<tbody>\n<tr>\n<td>Item Size<\/td>\n<td>35 x 80 x 100 mm<\/td>\n<\/tr>\n<tr>\n<td>Package<\/td>\n<td>Beyaz Karton Kutu<\/td>\n<\/tr>\n<tr>\n<td>Box Size<\/td>\n<td>53 x 22 x 20 cm<\/td>\n<\/tr>\n<tr>\n<td>Pieces in Box<\/td>\n<td>60 ad.<\/td>\n<\/tr>\n<tr>\n<td>Box Weight<\/td>\n<td>6 kg<\/td>\n<\/tr>\n<tr>\n<td>Print Surface<\/td>\n<td>\u00d8 45 mm<\/td>\n<\/tr>\n<\/tbody>\n<\/table>","protected":false},"excerpt":{"rendered":"<p>\u00dcr\u00fcn Boyutu 35 x 80 x 100 mm Paket Beyaz Karton Kutu Koli Ebat 53 x 22 x 20 cm Koli \u0130\u00e7i Adet 60 ad. Koli A\u011f\u0131rl\u0131k 6 kg Bask\u0131 Y\u00fczeyi \u00d8 45 mm<\/p>","protected":false},"featured_media":1913,"template":"","meta":[],"product_cat":[58],"product_tag":[],"acf":[],"_links":{"self":[{"href":"https:\/\/hesas.com.tr\/en\/wp-json\/wp\/v2\/product\/1907"}],"collection":[{"href":"https:\/\/hesas.com.tr\/en\/wp-json\/wp\/v2\/product"}],"about":[{"href":"https:\/\/hesas.com.tr\/en\/wp-json\/wp\/v2\/types\/product"}],"wp:featuredmedia":[{"embeddable":true,"href":"https:\/\/hesas.com.tr\/en\/wp-json\/wp\/v2\/media\/1913"}],"wp:attachment":[{"href":"https:\/\/hesas.com.tr\/en\/wp-json\/wp\/v2\/media?parent=1907"}],"wp:term":[{"taxonomy":"product_cat","embeddable":true,"href":"https:\/\/hesas.com.tr\/en\/wp-json\/wp\/v2\/product_cat?post=1907"},{"taxonomy":"product_tag","embeddable":true,"href":"https:\/\/hesas.com.tr\/en\/wp-json\/wp\/v2\/product_tag?post=1907"}],"curies":[{"name":"wp","href":"https:\/\/api.w.org\/{rel}","templated":true}]}}