{"id":1918,"date":"2023-03-18T11:37:29","date_gmt":"2023-03-18T08:37:29","guid":{"rendered":"https:\/\/hesas.com.tr\/?post_type=product&#038;p=1918"},"modified":"2023-03-18T11:40:54","modified_gmt":"2023-03-18T08:40:54","slug":"bollard","status":"publish","type":"product","link":"https:\/\/hesas.com.tr\/en\/product\/bollard\/","title":{"rendered":"BOLLARD"},"content":{"rendered":"<table class=\"greyGridTable\" style=\"height: 353px;\" width=\"337\">\n<tbody>\n<tr>\n<td>Item Size<\/td>\n<td>\u00d8 70 x 25 mm<\/td>\n<\/tr>\n<tr>\n<td>Package<\/td>\n<td>Hediye Kutusu<\/td>\n<\/tr>\n<tr>\n<td>Box Size<\/td>\n<td>34 x 35 x 55 cm<\/td>\n<\/tr>\n<tr>\n<td>Pieces in Box<\/td>\n<td>100 ad.<\/td>\n<\/tr>\n<tr>\n<td>Box Weight<\/td>\n<td>7 kg<\/td>\n<\/tr>\n<tr>\n<td>Print Surface<\/td>\n<td><\/td>\n<\/tr>\n<\/tbody>\n<\/table>","protected":false},"excerpt":{"rendered":"<p>\u00dcr\u00fcn Boyutu \u00d8 70 x 25 mm Paket Hediye Kutusu Koli Ebat 34 x 35 x 55 cm Koli \u0130\u00e7i Adet 100 ad. Koli A\u011f\u0131rl\u0131k 7 kg Bask\u0131 Y\u00fczeyi<\/p>","protected":false},"featured_media":0,"template":"","meta":[],"product_cat":[58],"product_tag":[],"acf":[],"_links":{"self":[{"href":"https:\/\/hesas.com.tr\/en\/wp-json\/wp\/v2\/product\/1918"}],"collection":[{"href":"https:\/\/hesas.com.tr\/en\/wp-json\/wp\/v2\/product"}],"about":[{"href":"https:\/\/hesas.com.tr\/en\/wp-json\/wp\/v2\/types\/product"}],"wp:attachment":[{"href":"https:\/\/hesas.com.tr\/en\/wp-json\/wp\/v2\/media?parent=1918"}],"wp:term":[{"taxonomy":"product_cat","embeddable":true,"href":"https:\/\/hesas.com.tr\/en\/wp-json\/wp\/v2\/product_cat?post=1918"},{"taxonomy":"product_tag","embeddable":true,"href":"https:\/\/hesas.com.tr\/en\/wp-json\/wp\/v2\/product_tag?post=1918"}],"curies":[{"name":"wp","href":"https:\/\/api.w.org\/{rel}","templated":true}]}}