{"id":1919,"date":"2023-03-19T11:32:23","date_gmt":"2023-03-19T08:32:23","guid":{"rendered":"https:\/\/hesas.com.tr\/?post_type=product&#038;p=1919"},"modified":"2023-03-19T11:34:04","modified_gmt":"2023-03-19T08:34:04","slug":"plexi-desk-calendar","status":"publish","type":"product","link":"https:\/\/hesas.com.tr\/en\/product\/plexi-desk-calendar\/","title":{"rendered":"PLEX\u0130 DESK CALENDAR"},"content":{"rendered":"<table class=\"greyGridTable\" style=\"height: 353px;\" width=\"337\">\n<tbody>\n<tr>\n<td>Item Size<\/td>\n<td>178 x 77 x 40 mm<\/td>\n<\/tr>\n<tr>\n<td>Package<\/td>\n<td>Hediye Kutusu<\/td>\n<\/tr>\n<tr>\n<td>Box Size<\/td>\n<td>&#8211; x &#8211; x &#8211; cm<\/td>\n<\/tr>\n<tr>\n<td>Pieces in Box<\/td>\n<td>20 ad.<\/td>\n<\/tr>\n<tr>\n<td>Box Weight<\/td>\n<td>12 kg<\/td>\n<\/tr>\n<tr>\n<td>Print Surface<\/td>\n<td>70 x 70 mm<\/td>\n<\/tr>\n<\/tbody>\n<\/table>","protected":false},"excerpt":{"rendered":"<p>\u00dcr\u00fcn Boyutu 178 x 77 x 40 mm Paket Hediye Kutusu Koli Ebat &#8211; x &#8211; x &#8211; cm Koli \u0130\u00e7i Adet 20 ad. Koli A\u011f\u0131rl\u0131k 12 kg Bask\u0131 Y\u00fczeyi 70 x 70 mm<\/p>","protected":false},"featured_media":0,"template":"","meta":[],"product_cat":[58],"product_tag":[],"acf":[],"_links":{"self":[{"href":"https:\/\/hesas.com.tr\/en\/wp-json\/wp\/v2\/product\/1919"}],"collection":[{"href":"https:\/\/hesas.com.tr\/en\/wp-json\/wp\/v2\/product"}],"about":[{"href":"https:\/\/hesas.com.tr\/en\/wp-json\/wp\/v2\/types\/product"}],"wp:attachment":[{"href":"https:\/\/hesas.com.tr\/en\/wp-json\/wp\/v2\/media?parent=1919"}],"wp:term":[{"taxonomy":"product_cat","embeddable":true,"href":"https:\/\/hesas.com.tr\/en\/wp-json\/wp\/v2\/product_cat?post=1919"},{"taxonomy":"product_tag","embeddable":true,"href":"https:\/\/hesas.com.tr\/en\/wp-json\/wp\/v2\/product_tag?post=1919"}],"curies":[{"name":"wp","href":"https:\/\/api.w.org\/{rel}","templated":true}]}}