{"id":1942,"date":"2023-03-19T11:48:54","date_gmt":"2023-03-19T08:48:54","guid":{"rendered":"https:\/\/hesas.com.tr\/?post_type=product&#038;p=1942"},"modified":"2023-03-19T11:53:02","modified_gmt":"2023-03-19T08:53:02","slug":"steel","status":"publish","type":"product","link":"https:\/\/hesas.com.tr\/en\/product\/steel\/","title":{"rendered":"STEEL"},"content":{"rendered":"<table class=\"greyGridTable\" style=\"height: 353px;\" width=\"337\">\n<tbody>\n<tr>\n<td>Item Size<\/td>\n<td>\u00d8150 x 45 mm<\/td>\n<\/tr>\n<tr>\n<td>Package<\/td>\n<td>Small Box<\/td>\n<\/tr>\n<tr>\n<td>Box Size<\/td>\n<td>57 x 22 x 47 cm<\/td>\n<\/tr>\n<tr>\n<td>Pieces in Box<\/td>\n<td>20 ad.<\/td>\n<\/tr>\n<tr>\n<td>Box Weight<\/td>\n<td>10,59 kg<\/td>\n<\/tr>\n<tr>\n<td>Print Surface<\/td>\n<td>\u00d8 60 mm<\/td>\n<\/tr>\n<\/tbody>\n<\/table>","protected":false},"excerpt":{"rendered":"<p>\u00dcr\u00fcn Boyutu \u00d8150 x 45 mm Paket K\u00fc\u00e7\u00fck Kutu Koli Ebat 57 x 22 x 47 cm Koli \u0130\u00e7i Adet 20 ad. Koli A\u011f\u0131rl\u0131k 10,59 kg Bask\u0131 Y\u00fczeyi \u00d8 60 mm<\/p>","protected":false},"featured_media":1943,"template":"","meta":[],"product_cat":[58],"product_tag":[],"acf":[],"_links":{"self":[{"href":"https:\/\/hesas.com.tr\/en\/wp-json\/wp\/v2\/product\/1942"}],"collection":[{"href":"https:\/\/hesas.com.tr\/en\/wp-json\/wp\/v2\/product"}],"about":[{"href":"https:\/\/hesas.com.tr\/en\/wp-json\/wp\/v2\/types\/product"}],"wp:featuredmedia":[{"embeddable":true,"href":"https:\/\/hesas.com.tr\/en\/wp-json\/wp\/v2\/media\/1943"}],"wp:attachment":[{"href":"https:\/\/hesas.com.tr\/en\/wp-json\/wp\/v2\/media?parent=1942"}],"wp:term":[{"taxonomy":"product_cat","embeddable":true,"href":"https:\/\/hesas.com.tr\/en\/wp-json\/wp\/v2\/product_cat?post=1942"},{"taxonomy":"product_tag","embeddable":true,"href":"https:\/\/hesas.com.tr\/en\/wp-json\/wp\/v2\/product_tag?post=1942"}],"curies":[{"name":"wp","href":"https:\/\/api.w.org\/{rel}","templated":true}]}}