{"id":1944,"date":"2023-03-19T11:56:04","date_gmt":"2023-03-19T08:56:04","guid":{"rendered":"https:\/\/hesas.com.tr\/?post_type=product&#038;p=1944"},"modified":"2023-03-19T11:57:48","modified_gmt":"2023-03-19T08:57:48","slug":"banko","status":"publish","type":"product","link":"https:\/\/hesas.com.tr\/en\/product\/banko\/","title":{"rendered":"BANKO"},"content":{"rendered":"<table class=\"greyGridTable\" style=\"height: 353px;\" width=\"337\">\n<tbody>\n<tr>\n<td>Item Size<\/td>\n<td>160 x 60 x 27 mm<\/td>\n<\/tr>\n<tr>\n<td>Package<\/td>\n<td>Beyaz karton kutu<\/td>\n<\/tr>\n<tr>\n<td>Box Size<\/td>\n<td>50 x 33 x 56 cm<\/td>\n<\/tr>\n<tr>\n<td>Pieces in Box<\/td>\n<td>50 ad.<\/td>\n<\/tr>\n<tr>\n<td>Box Weight<\/td>\n<td>18,50 kg<\/td>\n<\/tr>\n<tr>\n<td>Print Surface<\/td>\n<td>\u00d8 45 mm<\/td>\n<\/tr>\n<\/tbody>\n<\/table>","protected":false},"excerpt":{"rendered":"<p>\u00dcr\u00fcn Boyutu 160 x 60 x 27 mm Paket Beyaz karton kutu Koli Ebat 50 x 33 x 56 cm Koli \u0130\u00e7i Adet 50 ad. Koli A\u011f\u0131rl\u0131k 18,50 kg Bask\u0131 Y\u00fczeyi \u00d8 45 mm<\/p>","protected":false},"featured_media":1945,"template":"","meta":[],"product_cat":[59],"product_tag":[],"acf":[],"_links":{"self":[{"href":"https:\/\/hesas.com.tr\/en\/wp-json\/wp\/v2\/product\/1944"}],"collection":[{"href":"https:\/\/hesas.com.tr\/en\/wp-json\/wp\/v2\/product"}],"about":[{"href":"https:\/\/hesas.com.tr\/en\/wp-json\/wp\/v2\/types\/product"}],"wp:featuredmedia":[{"embeddable":true,"href":"https:\/\/hesas.com.tr\/en\/wp-json\/wp\/v2\/media\/1945"}],"wp:attachment":[{"href":"https:\/\/hesas.com.tr\/en\/wp-json\/wp\/v2\/media?parent=1944"}],"wp:term":[{"taxonomy":"product_cat","embeddable":true,"href":"https:\/\/hesas.com.tr\/en\/wp-json\/wp\/v2\/product_cat?post=1944"},{"taxonomy":"product_tag","embeddable":true,"href":"https:\/\/hesas.com.tr\/en\/wp-json\/wp\/v2\/product_tag?post=1944"}],"curies":[{"name":"wp","href":"https:\/\/api.w.org\/{rel}","templated":true}]}}