{"id":1949,"date":"2023-03-19T12:01:23","date_gmt":"2023-03-19T09:01:23","guid":{"rendered":"https:\/\/hesas.com.tr\/?post_type=product&#038;p=1949"},"modified":"2023-03-19T12:28:02","modified_gmt":"2023-03-19T09:28:02","slug":"tarso","status":"publish","type":"product","link":"https:\/\/hesas.com.tr\/en\/product\/tarso\/","title":{"rendered":"TARSO"},"content":{"rendered":"<table class=\"greyGridTable\" style=\"height: 353px;\" width=\"337\">\n<tbody>\n<tr>\n<td>Item Size<\/td>\n<td>110 x 90 x 90 mm<\/td>\n<\/tr>\n<tr>\n<td>Package<\/td>\n<td>Beyaz Karton Kutu<\/td>\n<\/tr>\n<tr>\n<td>Box Size<\/td>\n<td>46 x 19,5 x 44,5 cm<\/td>\n<\/tr>\n<tr>\n<td>Pieces in Box<\/td>\n<td>30 ad.<\/td>\n<\/tr>\n<tr>\n<td>Box Weight<\/td>\n<td>4,3 kg<\/td>\n<\/tr>\n<tr>\n<td>Print Surface<\/td>\n<td>50 x 25 &#8211; 50 x 30 mm<\/td>\n<\/tr>\n<\/tbody>\n<\/table>","protected":false},"excerpt":{"rendered":"<p>\u00dcr\u00fcn Boyutu 110 x 90 x 90 mm Paket Beyaz Karton Kutu Koli Ebat 46 x 19,5 x 44,5 cm Koli \u0130\u00e7i Adet 30 ad. Koli A\u011f\u0131rl\u0131k 4,3 kg Bask\u0131 Y\u00fczeyi 50 x 25 &#8211; 50 x 30 mm<\/p>","protected":false},"featured_media":1953,"template":"","meta":[],"product_cat":[59],"product_tag":[],"acf":[],"_links":{"self":[{"href":"https:\/\/hesas.com.tr\/en\/wp-json\/wp\/v2\/product\/1949"}],"collection":[{"href":"https:\/\/hesas.com.tr\/en\/wp-json\/wp\/v2\/product"}],"about":[{"href":"https:\/\/hesas.com.tr\/en\/wp-json\/wp\/v2\/types\/product"}],"wp:featuredmedia":[{"embeddable":true,"href":"https:\/\/hesas.com.tr\/en\/wp-json\/wp\/v2\/media\/1953"}],"wp:attachment":[{"href":"https:\/\/hesas.com.tr\/en\/wp-json\/wp\/v2\/media?parent=1949"}],"wp:term":[{"taxonomy":"product_cat","embeddable":true,"href":"https:\/\/hesas.com.tr\/en\/wp-json\/wp\/v2\/product_cat?post=1949"},{"taxonomy":"product_tag","embeddable":true,"href":"https:\/\/hesas.com.tr\/en\/wp-json\/wp\/v2\/product_tag?post=1949"}],"curies":[{"name":"wp","href":"https:\/\/api.w.org\/{rel}","templated":true}]}}