{"id":1962,"date":"2023-03-19T12:28:49","date_gmt":"2023-03-19T09:28:49","guid":{"rendered":"https:\/\/hesas.com.tr\/?post_type=product&#038;p=1962"},"modified":"2023-03-19T12:36:17","modified_gmt":"2023-03-19T09:36:17","slug":"basic","status":"publish","type":"product","link":"https:\/\/hesas.com.tr\/en\/product\/basic\/","title":{"rendered":"BASIC"},"content":{"rendered":"<table class=\"greyGridTable\" style=\"height: 353px;\" width=\"337\">\n<tbody>\n<tr>\n<td>Item Size<\/td>\n<td>100 x 100 x 80 mm<\/td>\n<\/tr>\n<tr>\n<td>Package<\/td>\n<td>Naylon Kutu<\/td>\n<\/tr>\n<tr>\n<td>Box Size<\/td>\n<td>46 x 19 x 44 cm<\/td>\n<\/tr>\n<tr>\n<td>Pieces in Box<\/td>\n<td>50 ad.<\/td>\n<\/tr>\n<tr>\n<td>Box Weight<\/td>\n<td>3 kg<\/td>\n<\/tr>\n<tr>\n<td>Print Surface<\/td>\n<td>90 x 21 mm<\/td>\n<\/tr>\n<\/tbody>\n<\/table>","protected":false},"excerpt":{"rendered":"<p>\u00dcr\u00fcn Boyutu 100 x 100 x 80 mm Paket Naylon Kutu Koli Ebat 46 x 19 x 44 cm Koli \u0130\u00e7i Adet 50 ad. Koli A\u011f\u0131rl\u0131k 3 kg Bask\u0131 Y\u00fczeyi 90 x 21 mm<\/p>","protected":false},"featured_media":1963,"template":"","meta":[],"product_cat":[59],"product_tag":[],"acf":[],"_links":{"self":[{"href":"https:\/\/hesas.com.tr\/en\/wp-json\/wp\/v2\/product\/1962"}],"collection":[{"href":"https:\/\/hesas.com.tr\/en\/wp-json\/wp\/v2\/product"}],"about":[{"href":"https:\/\/hesas.com.tr\/en\/wp-json\/wp\/v2\/types\/product"}],"wp:featuredmedia":[{"embeddable":true,"href":"https:\/\/hesas.com.tr\/en\/wp-json\/wp\/v2\/media\/1963"}],"wp:attachment":[{"href":"https:\/\/hesas.com.tr\/en\/wp-json\/wp\/v2\/media?parent=1962"}],"wp:term":[{"taxonomy":"product_cat","embeddable":true,"href":"https:\/\/hesas.com.tr\/en\/wp-json\/wp\/v2\/product_cat?post=1962"},{"taxonomy":"product_tag","embeddable":true,"href":"https:\/\/hesas.com.tr\/en\/wp-json\/wp\/v2\/product_tag?post=1962"}],"curies":[{"name":"wp","href":"https:\/\/api.w.org\/{rel}","templated":true}]}}