{"id":1964,"date":"2023-03-19T12:36:49","date_gmt":"2023-03-19T09:36:49","guid":{"rendered":"https:\/\/hesas.com.tr\/?post_type=product&#038;p=1964"},"modified":"2023-03-19T12:38:49","modified_gmt":"2023-03-19T09:38:49","slug":"organiser","status":"publish","type":"product","link":"https:\/\/hesas.com.tr\/en\/product\/organiser\/","title":{"rendered":"ORGANISER"},"content":{"rendered":"<table class=\"greyGridTable\" style=\"height: 353px;\" width=\"337\">\n<tbody>\n<tr>\n<td>Item Size<\/td>\n<td>170 x 65 x 95 mm<\/td>\n<\/tr>\n<tr>\n<td>Package<\/td>\n<td>Beyaz Karton Kutu<\/td>\n<\/tr>\n<tr>\n<td>Box Size<\/td>\n<td>54 x 30 x 41 cm<\/td>\n<\/tr>\n<tr>\n<td>Pieces in Box<\/td>\n<td>48 ad.<\/td>\n<\/tr>\n<tr>\n<td>Box Weight<\/td>\n<td>15,3 kg<\/td>\n<\/tr>\n<tr>\n<td>Print Surface<\/td>\n<td>130 x 60 mm<\/td>\n<\/tr>\n<\/tbody>\n<\/table>","protected":false},"excerpt":{"rendered":"<p>\u00dcr\u00fcn Boyutu 170 x 65 x 95 mm Paket Beyaz Karton Kutu Koli Ebat 54 x 30 x 41 cm Koli \u0130\u00e7i Adet 48 ad. Koli A\u011f\u0131rl\u0131k 15,3 kg Bask\u0131 Y\u00fczeyi 130 x 60 mm<\/p>","protected":false},"featured_media":1965,"template":"","meta":[],"product_cat":[59],"product_tag":[],"acf":[],"_links":{"self":[{"href":"https:\/\/hesas.com.tr\/en\/wp-json\/wp\/v2\/product\/1964"}],"collection":[{"href":"https:\/\/hesas.com.tr\/en\/wp-json\/wp\/v2\/product"}],"about":[{"href":"https:\/\/hesas.com.tr\/en\/wp-json\/wp\/v2\/types\/product"}],"wp:featuredmedia":[{"embeddable":true,"href":"https:\/\/hesas.com.tr\/en\/wp-json\/wp\/v2\/media\/1965"}],"wp:attachment":[{"href":"https:\/\/hesas.com.tr\/en\/wp-json\/wp\/v2\/media?parent=1964"}],"wp:term":[{"taxonomy":"product_cat","embeddable":true,"href":"https:\/\/hesas.com.tr\/en\/wp-json\/wp\/v2\/product_cat?post=1964"},{"taxonomy":"product_tag","embeddable":true,"href":"https:\/\/hesas.com.tr\/en\/wp-json\/wp\/v2\/product_tag?post=1964"}],"curies":[{"name":"wp","href":"https:\/\/api.w.org\/{rel}","templated":true}]}}