{"id":1966,"date":"2023-03-19T13:04:25","date_gmt":"2023-03-19T10:04:25","guid":{"rendered":"https:\/\/hesas.com.tr\/?post_type=product&#038;p=1966"},"modified":"2023-03-19T13:06:47","modified_gmt":"2023-03-19T10:06:47","slug":"para-tabagi-oval","status":"publish","type":"product","link":"https:\/\/hesas.com.tr\/en\/product\/para-tabagi-oval\/","title":{"rendered":"PARA TABA\u011eI &#8211; OVAL"},"content":{"rendered":"<table class=\"greyGridTable\" style=\"height: 353px;\" width=\"337\">\n<tbody>\n<tr>\n<td>Item Size<\/td>\n<td>\u00d8177 x 27 mm<\/td>\n<\/tr>\n<tr>\n<td>Package<\/td>\n<td>Naylon Kutu<\/td>\n<\/tr>\n<tr>\n<td>Box Size<\/td>\n<td>52,5 x 58,5 x 29,5 cm<\/td>\n<\/tr>\n<tr>\n<td>Pieces in Box<\/td>\n<td>100 ad.<\/td>\n<\/tr>\n<tr>\n<td>Box Weight<\/td>\n<td>18,5 kg<\/td>\n<\/tr>\n<tr>\n<td>Print Surface<\/td>\n<td>\u00d8150 mm<\/td>\n<\/tr>\n<\/tbody>\n<\/table>","protected":false},"excerpt":{"rendered":"<p>\u00dcr\u00fcn Boyutu \u00d8177 x 27 mm Paket Naylon Kutu Koli Ebat 52,5 x 58,5 x 29,5 cm Koli \u0130\u00e7i Adet 100 ad. Koli A\u011f\u0131rl\u0131k 18,5 kg Bask\u0131 Y\u00fczeyi \u00d8150 mm<\/p>","protected":false},"featured_media":1967,"template":"","meta":[],"product_cat":[60],"product_tag":[],"acf":[],"_links":{"self":[{"href":"https:\/\/hesas.com.tr\/en\/wp-json\/wp\/v2\/product\/1966"}],"collection":[{"href":"https:\/\/hesas.com.tr\/en\/wp-json\/wp\/v2\/product"}],"about":[{"href":"https:\/\/hesas.com.tr\/en\/wp-json\/wp\/v2\/types\/product"}],"wp:featuredmedia":[{"embeddable":true,"href":"https:\/\/hesas.com.tr\/en\/wp-json\/wp\/v2\/media\/1967"}],"wp:attachment":[{"href":"https:\/\/hesas.com.tr\/en\/wp-json\/wp\/v2\/media?parent=1966"}],"wp:term":[{"taxonomy":"product_cat","embeddable":true,"href":"https:\/\/hesas.com.tr\/en\/wp-json\/wp\/v2\/product_cat?post=1966"},{"taxonomy":"product_tag","embeddable":true,"href":"https:\/\/hesas.com.tr\/en\/wp-json\/wp\/v2\/product_tag?post=1966"}],"curies":[{"name":"wp","href":"https:\/\/api.w.org\/{rel}","templated":true}]}}