{"id":1971,"date":"2023-03-19T13:08:46","date_gmt":"2023-03-19T10:08:46","guid":{"rendered":"https:\/\/hesas.com.tr\/?post_type=product&#038;p=1971"},"modified":"2023-03-19T13:10:38","modified_gmt":"2023-03-19T10:10:38","slug":"para-tabagi-kare","status":"publish","type":"product","link":"https:\/\/hesas.com.tr\/en\/product\/para-tabagi-kare\/","title":{"rendered":"PARA TABA\u011eI &#8211; KARE"},"content":{"rendered":"<table class=\"greyGridTable\" style=\"height: 353px;\" width=\"337\">\n<tbody>\n<tr>\n<td>Item Size<\/td>\n<td>\u00d8207 x 171 x 27 mm<\/td>\n<\/tr>\n<tr>\n<td>Package<\/td>\n<td>Naylon Kutu<\/td>\n<\/tr>\n<tr>\n<td>Box Size<\/td>\n<td>52,5 x 58,5 x 29,5 cm<\/td>\n<\/tr>\n<tr>\n<td>Pieces in Box<\/td>\n<td>100 ad.<\/td>\n<\/tr>\n<tr>\n<td>Box Weight<\/td>\n<td>18,5 kg<\/td>\n<\/tr>\n<tr>\n<td>Print Surface<\/td>\n<td>152 x 152 mm<\/td>\n<\/tr>\n<\/tbody>\n<\/table>","protected":false},"excerpt":{"rendered":"<p>\u00dcr\u00fcn Boyutu \u00d8207 x 171 x 27 mm Paket Naylon Kutu Koli Ebat 52,5 x 58,5 x 29,5 cm Koli \u0130\u00e7i Adet 100 ad. Koli A\u011f\u0131rl\u0131k 18,5 kg Bask\u0131 Y\u00fczeyi 152 x 152 mm<\/p>","protected":false},"featured_media":1972,"template":"","meta":[],"product_cat":[60],"product_tag":[],"acf":[],"_links":{"self":[{"href":"https:\/\/hesas.com.tr\/en\/wp-json\/wp\/v2\/product\/1971"}],"collection":[{"href":"https:\/\/hesas.com.tr\/en\/wp-json\/wp\/v2\/product"}],"about":[{"href":"https:\/\/hesas.com.tr\/en\/wp-json\/wp\/v2\/types\/product"}],"wp:featuredmedia":[{"embeddable":true,"href":"https:\/\/hesas.com.tr\/en\/wp-json\/wp\/v2\/media\/1972"}],"wp:attachment":[{"href":"https:\/\/hesas.com.tr\/en\/wp-json\/wp\/v2\/media?parent=1971"}],"wp:term":[{"taxonomy":"product_cat","embeddable":true,"href":"https:\/\/hesas.com.tr\/en\/wp-json\/wp\/v2\/product_cat?post=1971"},{"taxonomy":"product_tag","embeddable":true,"href":"https:\/\/hesas.com.tr\/en\/wp-json\/wp\/v2\/product_tag?post=1971"}],"curies":[{"name":"wp","href":"https:\/\/api.w.org\/{rel}","templated":true}]}}