{"id":1975,"date":"2023-03-19T13:13:13","date_gmt":"2023-03-19T10:13:13","guid":{"rendered":"https:\/\/hesas.com.tr\/?post_type=product&#038;p=1975"},"modified":"2023-03-19T13:31:59","modified_gmt":"2023-03-19T10:31:59","slug":"jumbo","status":"publish","type":"product","link":"https:\/\/hesas.com.tr\/en\/product\/jumbo\/","title":{"rendered":"JUMBO"},"content":{"rendered":"<table class=\"greyGridTable\" style=\"height: 353px;\" width=\"337\">\n<tbody>\n<tr>\n<td>Item Size<\/td>\n<td>350 x 97 x 20 mm<\/td>\n<\/tr>\n<tr>\n<td>Package<\/td>\n<td>Beyaz Karton Kutu<\/td>\n<\/tr>\n<tr>\n<td>Box Size<\/td>\n<td>57 x 22 x 47 cm<\/td>\n<\/tr>\n<tr>\n<td>Pieces in Box<\/td>\n<td>100 ad.<\/td>\n<\/tr>\n<tr>\n<td>Box Weight<\/td>\n<td>24,6 kg<\/td>\n<\/tr>\n<tr>\n<td>Print Surface<\/td>\n<td>\u00d865 mm<\/td>\n<\/tr>\n<tr>\n<td>Termometre<\/td>\n<td>-30\u00b0C ila +50\u00b0C mm<\/td>\n<\/tr>\n<\/tbody>\n<\/table>","protected":false},"excerpt":{"rendered":"<p>\u00dcr\u00fcn Boyutu 350 x 97 x 20 mm Paket Beyaz Karton Kutu Koli Ebat 57 x 22 x 47 cm Koli \u0130\u00e7i Adet 100 ad. Koli A\u011f\u0131rl\u0131k 24,6 kg Bask\u0131 Y\u00fczeyi \u00d865 mm Termometre -30\u00b0C ila +50\u00b0C mm<\/p>","protected":false},"featured_media":1981,"template":"","meta":[],"product_cat":[61],"product_tag":[],"acf":[],"_links":{"self":[{"href":"https:\/\/hesas.com.tr\/en\/wp-json\/wp\/v2\/product\/1975"}],"collection":[{"href":"https:\/\/hesas.com.tr\/en\/wp-json\/wp\/v2\/product"}],"about":[{"href":"https:\/\/hesas.com.tr\/en\/wp-json\/wp\/v2\/types\/product"}],"wp:featuredmedia":[{"embeddable":true,"href":"https:\/\/hesas.com.tr\/en\/wp-json\/wp\/v2\/media\/1981"}],"wp:attachment":[{"href":"https:\/\/hesas.com.tr\/en\/wp-json\/wp\/v2\/media?parent=1975"}],"wp:term":[{"taxonomy":"product_cat","embeddable":true,"href":"https:\/\/hesas.com.tr\/en\/wp-json\/wp\/v2\/product_cat?post=1975"},{"taxonomy":"product_tag","embeddable":true,"href":"https:\/\/hesas.com.tr\/en\/wp-json\/wp\/v2\/product_tag?post=1975"}],"curies":[{"name":"wp","href":"https:\/\/api.w.org\/{rel}","templated":true}]}}