{"id":2004,"date":"2023-03-19T13:44:33","date_gmt":"2023-03-19T10:44:33","guid":{"rendered":"https:\/\/hesas.com.tr\/?post_type=product&#038;p=2004"},"modified":"2023-03-19T13:57:34","modified_gmt":"2023-03-19T10:57:34","slug":"bore-kulluk-kare","status":"publish","type":"product","link":"https:\/\/hesas.com.tr\/en\/product\/bore-kulluk-kare\/","title":{"rendered":"BORE K\u00dcLL\u00dcK &#8211; KARE"},"content":{"rendered":"<p>&nbsp;<\/p>\n<table class=\"greyGridTable\" style=\"height: 353px;\" width=\"337\">\n<tbody>\n<tr>\n<td>Item Size<\/td>\n<td>106 x 106 x 52 mm<\/td>\n<\/tr>\n<tr>\n<td>Package<\/td>\n<td>Beyaz Karton Kutu<\/td>\n<\/tr>\n<tr>\n<td>Box Size<\/td>\n<td>55 x 23,5 x 33,5 cm<\/td>\n<\/tr>\n<tr>\n<td>Pieces in Box<\/td>\n<td>60 ad.<\/td>\n<\/tr>\n<tr>\n<td>Box Weight<\/td>\n<td>11,7 kg<\/td>\n<\/tr>\n<tr>\n<td>Print Surface<\/td>\n<td>95 X 23 mm<\/td>\n<\/tr>\n<\/tbody>\n<\/table>","protected":false},"excerpt":{"rendered":"<p>&nbsp; \u00dcr\u00fcn Boyutu 106 x 106 x 52 mm Paket Beyaz Karton Kutu Koli Ebat 55 x 23,5 x 33,5 cm Koli \u0130\u00e7i Adet 60 ad. Koli A\u011f\u0131rl\u0131k 11,7 kg Bask\u0131 Y\u00fczeyi 95 X 23 mm<\/p>","protected":false},"featured_media":2019,"template":"","meta":[],"product_cat":[64],"product_tag":[],"acf":[],"_links":{"self":[{"href":"https:\/\/hesas.com.tr\/en\/wp-json\/wp\/v2\/product\/2004"}],"collection":[{"href":"https:\/\/hesas.com.tr\/en\/wp-json\/wp\/v2\/product"}],"about":[{"href":"https:\/\/hesas.com.tr\/en\/wp-json\/wp\/v2\/types\/product"}],"wp:featuredmedia":[{"embeddable":true,"href":"https:\/\/hesas.com.tr\/en\/wp-json\/wp\/v2\/media\/2019"}],"wp:attachment":[{"href":"https:\/\/hesas.com.tr\/en\/wp-json\/wp\/v2\/media?parent=2004"}],"wp:term":[{"taxonomy":"product_cat","embeddable":true,"href":"https:\/\/hesas.com.tr\/en\/wp-json\/wp\/v2\/product_cat?post=2004"},{"taxonomy":"product_tag","embeddable":true,"href":"https:\/\/hesas.com.tr\/en\/wp-json\/wp\/v2\/product_tag?post=2004"}],"curies":[{"name":"wp","href":"https:\/\/api.w.org\/{rel}","templated":true}]}}