{"id":2011,"date":"2023-03-19T13:54:17","date_gmt":"2023-03-19T10:54:17","guid":{"rendered":"https:\/\/hesas.com.tr\/?post_type=product&#038;p=2011"},"modified":"2023-03-19T14:47:55","modified_gmt":"2023-03-19T11:47:55","slug":"kare-bardakalti","status":"publish","type":"product","link":"https:\/\/hesas.com.tr\/en\/product\/kare-bardakalti\/","title":{"rendered":"SQUARE COASTER"},"content":{"rendered":"<p>&nbsp;<\/p>\n<table class=\"greyGridTable\" style=\"height: 353px;\" width=\"337\">\n<tbody>\n<tr>\n<td>Item Size<\/td>\n<td>101 x 101 x 6 mm<\/td>\n<\/tr>\n<tr>\n<td>Package<\/td>\n<td>Nylon Packet<\/td>\n<\/tr>\n<tr>\n<td>Box Size<\/td>\n<td>46 x 19,5 x 44,5 cm<\/td>\n<\/tr>\n<tr>\n<td>Pieces in Box<\/td>\n<td>250 ad.<\/td>\n<\/tr>\n<tr>\n<td>Box Weight<\/td>\n<td>13,2 kg<\/td>\n<\/tr>\n<tr>\n<td>Print Surface<\/td>\n<td>80 x 80 mm<\/td>\n<\/tr>\n<\/tbody>\n<\/table>","protected":false},"excerpt":{"rendered":"<p>&nbsp; \u00dcr\u00fcn Boyutu 101 x 101 x 6 mm Paket Nylon Paket Koli Ebat 46 x 19,5 x 44,5 cm Koli \u0130\u00e7i Adet 250 ad. Koli A\u011f\u0131rl\u0131k 13,2 kg Bask\u0131 Y\u00fczeyi 80 x 80 mm<\/p>","protected":false},"featured_media":2154,"template":"","meta":[],"product_cat":[62,48],"product_tag":[],"acf":[],"_links":{"self":[{"href":"https:\/\/hesas.com.tr\/en\/wp-json\/wp\/v2\/product\/2011"}],"collection":[{"href":"https:\/\/hesas.com.tr\/en\/wp-json\/wp\/v2\/product"}],"about":[{"href":"https:\/\/hesas.com.tr\/en\/wp-json\/wp\/v2\/types\/product"}],"wp:featuredmedia":[{"embeddable":true,"href":"https:\/\/hesas.com.tr\/en\/wp-json\/wp\/v2\/media\/2154"}],"wp:attachment":[{"href":"https:\/\/hesas.com.tr\/en\/wp-json\/wp\/v2\/media?parent=2011"}],"wp:term":[{"taxonomy":"product_cat","embeddable":true,"href":"https:\/\/hesas.com.tr\/en\/wp-json\/wp\/v2\/product_cat?post=2011"},{"taxonomy":"product_tag","embeddable":true,"href":"https:\/\/hesas.com.tr\/en\/wp-json\/wp\/v2\/product_tag?post=2011"}],"curies":[{"name":"wp","href":"https:\/\/api.w.org\/{rel}","templated":true}]}}