{"id":2045,"date":"2023-03-19T14:04:28","date_gmt":"2023-03-19T11:04:28","guid":{"rendered":"https:\/\/hesas.com.tr\/?post_type=product&#038;p=2045"},"modified":"2023-03-19T14:52:56","modified_gmt":"2023-03-19T11:52:56","slug":"roll-bardakalti","status":"publish","type":"product","link":"https:\/\/hesas.com.tr\/en\/product\/roll-bardakalti\/","title":{"rendered":"ROLL COASTER"},"content":{"rendered":"<p>&nbsp;<\/p>\n<table class=\"greyGridTable\" style=\"height: 353px;\" width=\"337\">\n<tbody>\n<tr>\n<td>Item Size<\/td>\n<td>\u00d895 x 8 mm<\/td>\n<\/tr>\n<tr>\n<td>Package<\/td>\n<td>Nylon Packet<\/td>\n<\/tr>\n<tr>\n<td>Box Size<\/td>\n<td>46 x 19,5 x 44,5 cm<\/td>\n<\/tr>\n<tr>\n<td>Pieces in Box<\/td>\n<td>250 ad.<\/td>\n<\/tr>\n<tr>\n<td>Box Weight<\/td>\n<td>9,9 kg<\/td>\n<\/tr>\n<tr>\n<td>Print Surface<\/td>\n<td>\u00d870 mm<\/td>\n<\/tr>\n<\/tbody>\n<\/table>","protected":false},"excerpt":{"rendered":"<p>&nbsp; \u00dcr\u00fcn Boyutu \u00d895 x 8 mm Paket Nylon Paket Koli Ebat 46 x 19,5 x 44,5 cm Koli \u0130\u00e7i Adet 250 ad. Koli A\u011f\u0131rl\u0131k 9,9 kg Bask\u0131 Y\u00fczeyi \u00d870 mm<\/p>","protected":false},"featured_media":2165,"template":"","meta":[],"product_cat":[62,48],"product_tag":[],"acf":[],"_links":{"self":[{"href":"https:\/\/hesas.com.tr\/en\/wp-json\/wp\/v2\/product\/2045"}],"collection":[{"href":"https:\/\/hesas.com.tr\/en\/wp-json\/wp\/v2\/product"}],"about":[{"href":"https:\/\/hesas.com.tr\/en\/wp-json\/wp\/v2\/types\/product"}],"wp:featuredmedia":[{"embeddable":true,"href":"https:\/\/hesas.com.tr\/en\/wp-json\/wp\/v2\/media\/2165"}],"wp:attachment":[{"href":"https:\/\/hesas.com.tr\/en\/wp-json\/wp\/v2\/media?parent=2045"}],"wp:term":[{"taxonomy":"product_cat","embeddable":true,"href":"https:\/\/hesas.com.tr\/en\/wp-json\/wp\/v2\/product_cat?post=2045"},{"taxonomy":"product_tag","embeddable":true,"href":"https:\/\/hesas.com.tr\/en\/wp-json\/wp\/v2\/product_tag?post=2045"}],"curies":[{"name":"wp","href":"https:\/\/api.w.org\/{rel}","templated":true}]}}