{"id":2055,"date":"2023-03-19T14:07:22","date_gmt":"2023-03-19T11:07:22","guid":{"rendered":"https:\/\/hesas.com.tr\/?post_type=product&#038;p=2055"},"modified":"2023-03-19T14:57:50","modified_gmt":"2023-03-19T11:57:50","slug":"handy-cork-yuvarlak-bardakalti","status":"publish","type":"product","link":"https:\/\/hesas.com.tr\/en\/product\/handy-cork-yuvarlak-bardakalti\/","title":{"rendered":"HANDY CORK ROUND COASTER"},"content":{"rendered":"<p>&nbsp;<\/p>\n<table class=\"greyGridTable\" style=\"height: 353px;\" width=\"337\">\n<tbody>\n<tr>\n<td>Item Size<\/td>\n<td>\u00d8100 x 4 mm<\/td>\n<\/tr>\n<tr>\n<td>Package<\/td>\n<td>PVC Kutu<\/td>\n<\/tr>\n<tr>\n<td>Box Size<\/td>\n<td>43,5 x 27 x 33,5 cm<\/td>\n<\/tr>\n<tr>\n<td>Pieces in Box<\/td>\n<td>600 ad.<\/td>\n<\/tr>\n<tr>\n<td>Box Weight<\/td>\n<td>17,5 kg<\/td>\n<\/tr>\n<tr>\n<td>Print Surface<\/td>\n<td>\u00d8100 mm<\/td>\n<\/tr>\n<\/tbody>\n<\/table>","protected":false},"excerpt":{"rendered":"<p>&nbsp; \u00dcr\u00fcn Boyutu \u00d8100 x 4 mm Paket PVC Kutu Koli Ebat 43,5 x 27 x 33,5 cm Koli \u0130\u00e7i Adet 600 ad. Koli A\u011f\u0131rl\u0131k 17,5 kg Bask\u0131 Y\u00fczeyi \u00d8100 mm<\/p>","protected":false},"featured_media":2168,"template":"","meta":[],"product_cat":[62,48],"product_tag":[],"acf":[],"_links":{"self":[{"href":"https:\/\/hesas.com.tr\/en\/wp-json\/wp\/v2\/product\/2055"}],"collection":[{"href":"https:\/\/hesas.com.tr\/en\/wp-json\/wp\/v2\/product"}],"about":[{"href":"https:\/\/hesas.com.tr\/en\/wp-json\/wp\/v2\/types\/product"}],"wp:featuredmedia":[{"embeddable":true,"href":"https:\/\/hesas.com.tr\/en\/wp-json\/wp\/v2\/media\/2168"}],"wp:attachment":[{"href":"https:\/\/hesas.com.tr\/en\/wp-json\/wp\/v2\/media?parent=2055"}],"wp:term":[{"taxonomy":"product_cat","embeddable":true,"href":"https:\/\/hesas.com.tr\/en\/wp-json\/wp\/v2\/product_cat?post=2055"},{"taxonomy":"product_tag","embeddable":true,"href":"https:\/\/hesas.com.tr\/en\/wp-json\/wp\/v2\/product_tag?post=2055"}],"curies":[{"name":"wp","href":"https:\/\/api.w.org\/{rel}","templated":true}]}}