{"id":2077,"date":"2023-03-19T14:16:48","date_gmt":"2023-03-19T11:16:48","guid":{"rendered":"https:\/\/hesas.com.tr\/?post_type=product&#038;p=2077"},"modified":"2023-03-19T17:11:15","modified_gmt":"2023-03-19T14:11:15","slug":"sekreter-notepad-buyuk","status":"publish","type":"product","link":"https:\/\/hesas.com.tr\/en\/product\/sekreter-notepad-buyuk\/","title":{"rendered":"SEKRETER NOTEPAD B\u00dcY\u00dcK"},"content":{"rendered":"<p>&nbsp;<\/p>\n<table class=\"greyGridTable\" style=\"height: 353px;\" width=\"337\">\n<tbody>\n<tr>\n<td>Item Size<\/td>\n<td>345 x 233 x 15 mm<\/td>\n<\/tr>\n<tr>\n<td>Package<\/td>\n<td>Nylon Packet<\/td>\n<\/tr>\n<tr>\n<td>Box Size<\/td>\n<td>44,5 x 32,5 x 24,7 cm<\/td>\n<\/tr>\n<tr>\n<td>Pieces in Box<\/td>\n<td>50 ad.<\/td>\n<\/tr>\n<tr>\n<td>Box Weight<\/td>\n<td>18,3 kg<\/td>\n<\/tr>\n<tr>\n<td>Print Surface<\/td>\n<td>15 x 180 mm<\/td>\n<\/tr>\n<\/tbody>\n<\/table>","protected":false},"excerpt":{"rendered":"<p>&nbsp; \u00dcr\u00fcn Boyutu 345 x 233 x 15 mm Paket Nylon Paket Koli Ebat 44,5 x 32,5 x 24,7 cm Koli \u0130\u00e7i Adet 50 ad. Koli A\u011f\u0131rl\u0131k 18,3 kg Bask\u0131 Y\u00fczeyi 15 x 180 mm<\/p>","protected":false},"featured_media":0,"template":"","meta":[],"product_cat":[63,48],"product_tag":[],"acf":[],"_links":{"self":[{"href":"https:\/\/hesas.com.tr\/en\/wp-json\/wp\/v2\/product\/2077"}],"collection":[{"href":"https:\/\/hesas.com.tr\/en\/wp-json\/wp\/v2\/product"}],"about":[{"href":"https:\/\/hesas.com.tr\/en\/wp-json\/wp\/v2\/types\/product"}],"wp:attachment":[{"href":"https:\/\/hesas.com.tr\/en\/wp-json\/wp\/v2\/media?parent=2077"}],"wp:term":[{"taxonomy":"product_cat","embeddable":true,"href":"https:\/\/hesas.com.tr\/en\/wp-json\/wp\/v2\/product_cat?post=2077"},{"taxonomy":"product_tag","embeddable":true,"href":"https:\/\/hesas.com.tr\/en\/wp-json\/wp\/v2\/product_tag?post=2077"}],"curies":[{"name":"wp","href":"https:\/\/api.w.org\/{rel}","templated":true}]}}