{"id":2093,"date":"2023-03-19T14:22:57","date_gmt":"2023-03-19T11:22:57","guid":{"rendered":"https:\/\/hesas.com.tr\/?post_type=product&#038;p=2093"},"modified":"2023-03-19T17:08:35","modified_gmt":"2023-03-19T14:08:35","slug":"ikili-kupblok","status":"publish","type":"product","link":"https:\/\/hesas.com.tr\/en\/product\/ikili-kupblok\/","title":{"rendered":"\u0130K\u0130L\u0130 K\u00dcPBLOK"},"content":{"rendered":"<p>&nbsp;<\/p>\n<table class=\"greyGridTable\" style=\"height: 353px;\" width=\"337\">\n<tbody>\n<tr>\n<td>Item Size<\/td>\n<td>105 x 105 x 105 mm<\/td>\n<\/tr>\n<tr>\n<td>Package<\/td>\n<td>Beyaz Karton Kutu<\/td>\n<\/tr>\n<tr>\n<td>Box Size<\/td>\n<td>55 x 23,5 x 33,5 cm<\/td>\n<\/tr>\n<tr>\n<td>Pieces in Box<\/td>\n<td>30 ad.<\/td>\n<\/tr>\n<tr>\n<td>Box Weight<\/td>\n<td>26,1 kg<\/td>\n<\/tr>\n<tr>\n<td>Print Surface<\/td>\n<td>90 x 360 mm<\/td>\n<\/tr>\n<\/tbody>\n<\/table>","protected":false},"excerpt":{"rendered":"<p>&nbsp; \u00dcr\u00fcn Boyutu 105 x 105 x 105 mm Paket Beyaz Karton Kutu Koli Ebat 55 x 23,5 x 33,5 cm Koli \u0130\u00e7i Adet 30 ad. Koli A\u011f\u0131rl\u0131k 26,1 kg Bask\u0131 Y\u00fczeyi 90 x 360 mm<\/p>","protected":false},"featured_media":2203,"template":"","meta":[],"product_cat":[63,48],"product_tag":[],"acf":[],"_links":{"self":[{"href":"https:\/\/hesas.com.tr\/en\/wp-json\/wp\/v2\/product\/2093"}],"collection":[{"href":"https:\/\/hesas.com.tr\/en\/wp-json\/wp\/v2\/product"}],"about":[{"href":"https:\/\/hesas.com.tr\/en\/wp-json\/wp\/v2\/types\/product"}],"wp:featuredmedia":[{"embeddable":true,"href":"https:\/\/hesas.com.tr\/en\/wp-json\/wp\/v2\/media\/2203"}],"wp:attachment":[{"href":"https:\/\/hesas.com.tr\/en\/wp-json\/wp\/v2\/media?parent=2093"}],"wp:term":[{"taxonomy":"product_cat","embeddable":true,"href":"https:\/\/hesas.com.tr\/en\/wp-json\/wp\/v2\/product_cat?post=2093"},{"taxonomy":"product_tag","embeddable":true,"href":"https:\/\/hesas.com.tr\/en\/wp-json\/wp\/v2\/product_tag?post=2093"}],"curies":[{"name":"wp","href":"https:\/\/api.w.org\/{rel}","templated":true}]}}