{"id":2099,"date":"2023-03-19T14:24:47","date_gmt":"2023-03-19T11:24:47","guid":{"rendered":"https:\/\/hesas.com.tr\/?post_type=product&#038;p=2099"},"modified":"2023-03-19T17:07:21","modified_gmt":"2023-03-19T14:07:21","slug":"ikili-kup-kagitlik-kalemlik","status":"publish","type":"product","link":"https:\/\/hesas.com.tr\/en\/product\/ikili-kup-kagitlik-kalemlik\/","title":{"rendered":"\u0130K\u0130L\u0130 K\u00dcP KA\u011eITLIK &#038; KALEML\u0130K"},"content":{"rendered":"<p>&nbsp;<\/p>\n<table class=\"greyGridTable\" style=\"height: 353px;\" width=\"337\">\n<tbody>\n<tr>\n<td>Item Size<\/td>\n<td>105 x 105 x 105 mm<\/td>\n<\/tr>\n<tr>\n<td>Package<\/td>\n<td>Beyaz Karton Kutu<\/td>\n<\/tr>\n<tr>\n<td>Box Size<\/td>\n<td>55 x 23,5 x 33,5 cm<\/td>\n<\/tr>\n<tr>\n<td>Pieces in Box<\/td>\n<td>30 ad.<\/td>\n<\/tr>\n<tr>\n<td>Box Weight<\/td>\n<td>20,45 kg<\/td>\n<\/tr>\n<tr>\n<td>Print Surface<\/td>\n<td>90 x 360 mm<\/td>\n<\/tr>\n<\/tbody>\n<\/table>","protected":false},"excerpt":{"rendered":"<p>&nbsp; \u00dcr\u00fcn Boyutu 105 x 105 x 105 mm Paket Beyaz Karton Kutu Koli Ebat 55 x 23,5 x 33,5 cm Koli \u0130\u00e7i Adet 30 ad. Koli A\u011f\u0131rl\u0131k 20,45 kg Bask\u0131 Y\u00fczeyi 90 x 360 mm<\/p>","protected":false},"featured_media":2202,"template":"","meta":[],"product_cat":[63,48],"product_tag":[],"acf":[],"_links":{"self":[{"href":"https:\/\/hesas.com.tr\/en\/wp-json\/wp\/v2\/product\/2099"}],"collection":[{"href":"https:\/\/hesas.com.tr\/en\/wp-json\/wp\/v2\/product"}],"about":[{"href":"https:\/\/hesas.com.tr\/en\/wp-json\/wp\/v2\/types\/product"}],"wp:featuredmedia":[{"embeddable":true,"href":"https:\/\/hesas.com.tr\/en\/wp-json\/wp\/v2\/media\/2202"}],"wp:attachment":[{"href":"https:\/\/hesas.com.tr\/en\/wp-json\/wp\/v2\/media?parent=2099"}],"wp:term":[{"taxonomy":"product_cat","embeddable":true,"href":"https:\/\/hesas.com.tr\/en\/wp-json\/wp\/v2\/product_cat?post=2099"},{"taxonomy":"product_tag","embeddable":true,"href":"https:\/\/hesas.com.tr\/en\/wp-json\/wp\/v2\/product_tag?post=2099"}],"curies":[{"name":"wp","href":"https:\/\/api.w.org\/{rel}","templated":true}]}}