{"id":2100,"date":"2023-03-19T14:26:07","date_gmt":"2023-03-19T11:26:07","guid":{"rendered":"https:\/\/hesas.com.tr\/?post_type=product&#038;p=2100"},"modified":"2023-03-19T17:06:52","modified_gmt":"2023-03-19T14:06:52","slug":"mini-ikili-kupblok","status":"publish","type":"product","link":"https:\/\/hesas.com.tr\/en\/product\/mini-ikili-kupblok\/","title":{"rendered":"M\u0130N\u0130 \u0130K\u0130L\u0130 K\u00dcPBLOK"},"content":{"rendered":"<p>&nbsp;<\/p>\n<table class=\"greyGridTable\" style=\"height: 353px;\" width=\"337\">\n<tbody>\n<tr>\n<td>Item Size<\/td>\n<td>83 x 83 x 83 mm<\/td>\n<\/tr>\n<tr>\n<td>Package<\/td>\n<td>Beyaz Karton Kutu<\/td>\n<\/tr>\n<tr>\n<td>Box Size<\/td>\n<td>46 x 19,5 x 44,5 cm<\/td>\n<\/tr>\n<tr>\n<td>Pieces in Box<\/td>\n<td>50 ad.<\/td>\n<\/tr>\n<tr>\n<td>Box Weight<\/td>\n<td>21,1 kg<\/td>\n<\/tr>\n<tr>\n<td>Print Surface<\/td>\n<td>70 x 240 mm<\/td>\n<\/tr>\n<\/tbody>\n<\/table>","protected":false},"excerpt":{"rendered":"<p>&nbsp; \u00dcr\u00fcn Boyutu 83 x 83 x 83 mm Paket Beyaz Karton Kutu Koli Ebat 46 x 19,5 x 44,5 cm Koli \u0130\u00e7i Adet 50 ad. Koli A\u011f\u0131rl\u0131k 21,1 kg Bask\u0131 Y\u00fczeyi 70 x 240 mm<\/p>","protected":false},"featured_media":2201,"template":"","meta":[],"product_cat":[63,48],"product_tag":[],"acf":[],"_links":{"self":[{"href":"https:\/\/hesas.com.tr\/en\/wp-json\/wp\/v2\/product\/2100"}],"collection":[{"href":"https:\/\/hesas.com.tr\/en\/wp-json\/wp\/v2\/product"}],"about":[{"href":"https:\/\/hesas.com.tr\/en\/wp-json\/wp\/v2\/types\/product"}],"wp:featuredmedia":[{"embeddable":true,"href":"https:\/\/hesas.com.tr\/en\/wp-json\/wp\/v2\/media\/2201"}],"wp:attachment":[{"href":"https:\/\/hesas.com.tr\/en\/wp-json\/wp\/v2\/media?parent=2100"}],"wp:term":[{"taxonomy":"product_cat","embeddable":true,"href":"https:\/\/hesas.com.tr\/en\/wp-json\/wp\/v2\/product_cat?post=2100"},{"taxonomy":"product_tag","embeddable":true,"href":"https:\/\/hesas.com.tr\/en\/wp-json\/wp\/v2\/product_tag?post=2100"}],"curies":[{"name":"wp","href":"https:\/\/api.w.org\/{rel}","templated":true}]}}