{"id":2107,"date":"2023-03-19T14:29:29","date_gmt":"2023-03-19T11:29:29","guid":{"rendered":"https:\/\/hesas.com.tr\/?post_type=product&#038;p=2107"},"modified":"2023-03-19T14:36:31","modified_gmt":"2023-03-19T11:36:31","slug":"gamma-kulluk","status":"publish","type":"product","link":"https:\/\/hesas.com.tr\/en\/product\/gamma-kulluk\/","title":{"rendered":"GAMMA K\u00dcLL\u00dcK"},"content":{"rendered":"<p>&nbsp;<\/p>\n<table class=\"greyGridTable\" style=\"height: 353px;\" width=\"337\">\n<tbody>\n<tr>\n<td>Item Size<\/td>\n<td>107 x 107 x 47 mm<\/td>\n<\/tr>\n<tr>\n<td>Package<\/td>\n<td>Beyaz Karton Kutu<\/td>\n<\/tr>\n<tr>\n<td>Box Size<\/td>\n<td>55 x 23,5 x 33,5 cm<\/td>\n<\/tr>\n<tr>\n<td>Pieces in Box<\/td>\n<td>60 ad.<\/td>\n<\/tr>\n<tr>\n<td>Box Weight<\/td>\n<td>11,4 kg<\/td>\n<\/tr>\n<tr>\n<td>Print Surface<\/td>\n<td>90 X 25 mm<\/td>\n<\/tr>\n<\/tbody>\n<\/table>","protected":false},"excerpt":{"rendered":"<p>&nbsp; \u00dcr\u00fcn Boyutu 107 x 107 x 47 mm Paket Beyaz Karton Kutu Koli Ebat 55 x 23,5 x 33,5 cm Koli \u0130\u00e7i Adet 60 ad. Koli A\u011f\u0131rl\u0131k 11,4 kg Bask\u0131 Y\u00fczeyi 90 X 25 mm<\/p>","protected":false},"featured_media":2114,"template":"","meta":[],"product_cat":[64],"product_tag":[],"acf":[],"_links":{"self":[{"href":"https:\/\/hesas.com.tr\/en\/wp-json\/wp\/v2\/product\/2107"}],"collection":[{"href":"https:\/\/hesas.com.tr\/en\/wp-json\/wp\/v2\/product"}],"about":[{"href":"https:\/\/hesas.com.tr\/en\/wp-json\/wp\/v2\/types\/product"}],"wp:featuredmedia":[{"embeddable":true,"href":"https:\/\/hesas.com.tr\/en\/wp-json\/wp\/v2\/media\/2114"}],"wp:attachment":[{"href":"https:\/\/hesas.com.tr\/en\/wp-json\/wp\/v2\/media?parent=2107"}],"wp:term":[{"taxonomy":"product_cat","embeddable":true,"href":"https:\/\/hesas.com.tr\/en\/wp-json\/wp\/v2\/product_cat?post=2107"},{"taxonomy":"product_tag","embeddable":true,"href":"https:\/\/hesas.com.tr\/en\/wp-json\/wp\/v2\/product_tag?post=2107"}],"curies":[{"name":"wp","href":"https:\/\/api.w.org\/{rel}","templated":true}]}}