{"id":2138,"date":"2023-03-19T14:37:33","date_gmt":"2023-03-19T11:37:33","guid":{"rendered":"https:\/\/hesas.com.tr\/?post_type=product&#038;p=2138"},"modified":"2023-03-19T16:37:40","modified_gmt":"2023-03-19T13:37:40","slug":"galaksi-kalemlik-kagitlik","status":"publish","type":"product","link":"https:\/\/hesas.com.tr\/en\/product\/galaksi-kalemlik-kagitlik\/","title":{"rendered":"GALAKS\u0130 KALEML\u0130K &#8211; KA\u011eITLIK"},"content":{"rendered":"<p>&nbsp;<\/p>\n<table class=\"greyGridTable\" style=\"height: 353px;\" width=\"337\">\n<tbody>\n<tr>\n<td>Item Size<\/td>\n<td>172 x 86 x 54 mm<\/td>\n<\/tr>\n<tr>\n<td>Package<\/td>\n<td>Gri Metalik Karton Kutu<\/td>\n<\/tr>\n<tr>\n<td>Box Size<\/td>\n<td>54 x 30 x 41 cm<\/td>\n<\/tr>\n<tr>\n<td>Pieces in Box<\/td>\n<td>50 ad.<\/td>\n<\/tr>\n<tr>\n<td>Box Weight<\/td>\n<td>11,5 kg<\/td>\n<\/tr>\n<tr>\n<td>Print Surface<\/td>\n<td>50 x 80 mm<\/td>\n<\/tr>\n<\/tbody>\n<\/table>","protected":false},"excerpt":{"rendered":"<p>&nbsp; \u00dcr\u00fcn Boyutu 172 x 86 x 54 mm Paket Gri Metalik Karton Kutu Koli Ebat 54 x 30 x 41 cm Koli \u0130\u00e7i Adet 50 ad. Koli A\u011f\u0131rl\u0131k 11,5 kg Bask\u0131 Y\u00fczeyi 50 x 80 mm<\/p>","protected":false},"featured_media":2192,"template":"","meta":[],"product_cat":[63,48],"product_tag":[],"acf":[],"_links":{"self":[{"href":"https:\/\/hesas.com.tr\/en\/wp-json\/wp\/v2\/product\/2138"}],"collection":[{"href":"https:\/\/hesas.com.tr\/en\/wp-json\/wp\/v2\/product"}],"about":[{"href":"https:\/\/hesas.com.tr\/en\/wp-json\/wp\/v2\/types\/product"}],"wp:featuredmedia":[{"embeddable":true,"href":"https:\/\/hesas.com.tr\/en\/wp-json\/wp\/v2\/media\/2192"}],"wp:attachment":[{"href":"https:\/\/hesas.com.tr\/en\/wp-json\/wp\/v2\/media?parent=2138"}],"wp:term":[{"taxonomy":"product_cat","embeddable":true,"href":"https:\/\/hesas.com.tr\/en\/wp-json\/wp\/v2\/product_cat?post=2138"},{"taxonomy":"product_tag","embeddable":true,"href":"https:\/\/hesas.com.tr\/en\/wp-json\/wp\/v2\/product_tag?post=2138"}],"curies":[{"name":"wp","href":"https:\/\/api.w.org\/{rel}","templated":true}]}}