{"id":2139,"date":"2023-03-19T14:39:01","date_gmt":"2023-03-19T11:39:01","guid":{"rendered":"https:\/\/hesas.com.tr\/?post_type=product&#038;p=2139"},"modified":"2023-03-19T14:41:12","modified_gmt":"2023-03-19T11:41:12","slug":"omega-kulluk","status":"publish","type":"product","link":"https:\/\/hesas.com.tr\/en\/product\/omega-kulluk\/","title":{"rendered":"OMEGA K\u00dcLL\u00dcK"},"content":{"rendered":"<p>&nbsp;<\/p>\n<table class=\"greyGridTable\" style=\"height: 353px;\" width=\"337\">\n<tbody>\n<tr>\n<td>Item Size<\/td>\n<td>\u00d8103 x 43 mm<\/td>\n<\/tr>\n<tr>\n<td>Package<\/td>\n<td>Beyaz Karton Kutu<\/td>\n<\/tr>\n<tr>\n<td>Box Size<\/td>\n<td>46 x 19,5 x 44,5 cm<\/td>\n<\/tr>\n<tr>\n<td>Pieces in Box<\/td>\n<td>60 ad.<\/td>\n<\/tr>\n<tr>\n<td>Box Weight<\/td>\n<td>7,75 kg<\/td>\n<\/tr>\n<tr>\n<td>Print Surface<\/td>\n<td>19 X 300 mm<\/td>\n<\/tr>\n<\/tbody>\n<\/table>","protected":false},"excerpt":{"rendered":"<p>&nbsp; \u00dcr\u00fcn Boyutu \u00d8103 x 43 mm Paket Beyaz Karton Kutu Koli Ebat 46 x 19,5 x 44,5 cm Koli \u0130\u00e7i Adet 60 ad. Koli A\u011f\u0131rl\u0131k 7,75 kg Bask\u0131 Y\u00fczeyi 19 X 300 mm<\/p>","protected":false},"featured_media":2145,"template":"","meta":[],"product_cat":[64],"product_tag":[],"acf":[],"_links":{"self":[{"href":"https:\/\/hesas.com.tr\/en\/wp-json\/wp\/v2\/product\/2139"}],"collection":[{"href":"https:\/\/hesas.com.tr\/en\/wp-json\/wp\/v2\/product"}],"about":[{"href":"https:\/\/hesas.com.tr\/en\/wp-json\/wp\/v2\/types\/product"}],"wp:featuredmedia":[{"embeddable":true,"href":"https:\/\/hesas.com.tr\/en\/wp-json\/wp\/v2\/media\/2145"}],"wp:attachment":[{"href":"https:\/\/hesas.com.tr\/en\/wp-json\/wp\/v2\/media?parent=2139"}],"wp:term":[{"taxonomy":"product_cat","embeddable":true,"href":"https:\/\/hesas.com.tr\/en\/wp-json\/wp\/v2\/product_cat?post=2139"},{"taxonomy":"product_tag","embeddable":true,"href":"https:\/\/hesas.com.tr\/en\/wp-json\/wp\/v2\/product_tag?post=2139"}],"curies":[{"name":"wp","href":"https:\/\/api.w.org\/{rel}","templated":true}]}}