{"id":2150,"date":"2023-03-19T14:43:20","date_gmt":"2023-03-19T11:43:20","guid":{"rendered":"https:\/\/hesas.com.tr\/?post_type=product&#038;p=2150"},"modified":"2023-03-19T14:44:43","modified_gmt":"2023-03-19T11:44:43","slug":"bingo-kulluk","status":"publish","type":"product","link":"https:\/\/hesas.com.tr\/en\/product\/bingo-kulluk\/","title":{"rendered":"BINGO K\u00dcLL\u00dcK"},"content":{"rendered":"<p>&nbsp;<\/p>\n<table class=\"greyGridTable\" style=\"height: 353px;\" width=\"337\">\n<tbody>\n<tr>\n<td>Item Size<\/td>\n<td>\u00d892 x 34 mm<\/td>\n<\/tr>\n<tr>\n<td>Package<\/td>\n<td>Beyaz Karton Kutu<\/td>\n<\/tr>\n<tr>\n<td>Box Size<\/td>\n<td>45 x 33 x 25 cm<\/td>\n<\/tr>\n<tr>\n<td>Pieces in Box<\/td>\n<td>100 ad.<\/td>\n<\/tr>\n<tr>\n<td>Koli A\u011f\u0131rl\u0131k9<\/td>\n<td>\u00a0kg<\/td>\n<\/tr>\n<tr>\n<td>Print Surface<\/td>\n<td>16 X 280 mm<\/td>\n<\/tr>\n<\/tbody>\n<\/table>","protected":false},"excerpt":{"rendered":"<p>&nbsp; \u00dcr\u00fcn Boyutu \u00d892 x 34 mm Paket Beyaz Karton Kutu Koli Ebat 45 x 33 x 25 cm Koli \u0130\u00e7i Adet 100 ad. Koli A\u011f\u0131rl\u0131k9 \u00a0kg Bask\u0131 Y\u00fczeyi 16 X 280 mm<\/p>","protected":false},"featured_media":2152,"template":"","meta":[],"product_cat":[64],"product_tag":[],"acf":[],"_links":{"self":[{"href":"https:\/\/hesas.com.tr\/en\/wp-json\/wp\/v2\/product\/2150"}],"collection":[{"href":"https:\/\/hesas.com.tr\/en\/wp-json\/wp\/v2\/product"}],"about":[{"href":"https:\/\/hesas.com.tr\/en\/wp-json\/wp\/v2\/types\/product"}],"wp:featuredmedia":[{"embeddable":true,"href":"https:\/\/hesas.com.tr\/en\/wp-json\/wp\/v2\/media\/2152"}],"wp:attachment":[{"href":"https:\/\/hesas.com.tr\/en\/wp-json\/wp\/v2\/media?parent=2150"}],"wp:term":[{"taxonomy":"product_cat","embeddable":true,"href":"https:\/\/hesas.com.tr\/en\/wp-json\/wp\/v2\/product_cat?post=2150"},{"taxonomy":"product_tag","embeddable":true,"href":"https:\/\/hesas.com.tr\/en\/wp-json\/wp\/v2\/product_tag?post=2150"}],"curies":[{"name":"wp","href":"https:\/\/api.w.org\/{rel}","templated":true}]}}