{"id":2157,"date":"2023-03-19T14:47:51","date_gmt":"2023-03-19T11:47:51","guid":{"rendered":"https:\/\/hesas.com.tr\/?post_type=product&#038;p=2157"},"modified":"2023-03-19T16:21:27","modified_gmt":"2023-03-19T13:21:27","slug":"rozet-80130","status":"publish","type":"product","link":"https:\/\/hesas.com.tr\/en\/product\/rozet-80130\/","title":{"rendered":"BADGE - 80130"},"content":{"rendered":"<p>&nbsp;<\/p>\n<p>&nbsp;<\/p>\n<table class=\"greyGridTable\" style=\"height: 80px;\" width=\"337\">\n<tbody>\n<tr>\n<td>Item Size<\/td>\n<td>\u00d814 mm<\/td>\n<\/tr>\n<\/tbody>\n<\/table>","protected":false},"excerpt":{"rendered":"<p>&nbsp; &nbsp; \u00dcr\u00fcn Boyutu \u00d814 mm<\/p>","protected":false},"featured_media":2188,"template":"","meta":[],"product_cat":[51],"product_tag":[],"acf":[],"_links":{"self":[{"href":"https:\/\/hesas.com.tr\/en\/wp-json\/wp\/v2\/product\/2157"}],"collection":[{"href":"https:\/\/hesas.com.tr\/en\/wp-json\/wp\/v2\/product"}],"about":[{"href":"https:\/\/hesas.com.tr\/en\/wp-json\/wp\/v2\/types\/product"}],"wp:featuredmedia":[{"embeddable":true,"href":"https:\/\/hesas.com.tr\/en\/wp-json\/wp\/v2\/media\/2188"}],"wp:attachment":[{"href":"https:\/\/hesas.com.tr\/en\/wp-json\/wp\/v2\/media?parent=2157"}],"wp:term":[{"taxonomy":"product_cat","embeddable":true,"href":"https:\/\/hesas.com.tr\/en\/wp-json\/wp\/v2\/product_cat?post=2157"},{"taxonomy":"product_tag","embeddable":true,"href":"https:\/\/hesas.com.tr\/en\/wp-json\/wp\/v2\/product_tag?post=2157"}],"curies":[{"name":"wp","href":"https:\/\/api.w.org\/{rel}","templated":true}]}}