{"id":983,"date":"2023-01-11T20:55:10","date_gmt":"2023-01-11T17:55:10","guid":{"rendered":"https:\/\/hesas.com.tr\/?post_type=product&#038;p=983"},"modified":"2023-01-11T20:56:08","modified_gmt":"2023-01-11T17:56:08","slug":"pop-metal-series-oval","status":"publish","type":"product","link":"https:\/\/hesas.com.tr\/en\/product\/pop-metal-series-oval\/","title":{"rendered":"Pop Metal Series Oval"},"content":{"rendered":"<p>&nbsp;<\/p>\n<table class=\"greyGridTable\" style=\"height: 353px;\" width=\"337\">\n<tbody>\n<tr>\n<td>Item Size<\/td>\n<td>100 x 30 x 10 mm<\/td>\n<\/tr>\n<tr>\n<td>Print Surface<\/td>\n<td>17 x 37 mm<\/td>\n<\/tr>\n<tr>\n<td>Package<\/td>\n<td>Small Box<\/td>\n<\/tr>\n<tr>\n<td>Box Size<\/td>\n<td>32 x 21 x 36 cm<\/td>\n<\/tr>\n<tr>\n<td>Pieces in Box<\/td>\n<td>500 ad.<\/td>\n<\/tr>\n<tr>\n<td>Box Weight<\/td>\n<td>14,5 kg<\/td>\n<\/tr>\n<tr>\n<td>Plating<\/td>\n<td>Chrome<\/td>\n<\/tr>\n<\/tbody>\n<\/table>","protected":false},"excerpt":{"rendered":"<p>&nbsp; \u00dcr\u00fcn Boyutu 100 x 30 x 10 mm Bask\u0131 Y\u00fczeyi 17 x 37 mm Paket K\u00fc\u00e7\u00fck Kutu Koli Ebat 32 x 21 x 36 cm Koli \u0130\u00e7i Adet 500 ad. Koli A\u011f\u0131rl\u0131k 14,5 kg Kaplama Krom<\/p>","protected":false},"featured_media":984,"template":"","meta":[],"product_cat":[46,52,70],"product_tag":[],"acf":[],"_links":{"self":[{"href":"https:\/\/hesas.com.tr\/en\/wp-json\/wp\/v2\/product\/983"}],"collection":[{"href":"https:\/\/hesas.com.tr\/en\/wp-json\/wp\/v2\/product"}],"about":[{"href":"https:\/\/hesas.com.tr\/en\/wp-json\/wp\/v2\/types\/product"}],"wp:featuredmedia":[{"embeddable":true,"href":"https:\/\/hesas.com.tr\/en\/wp-json\/wp\/v2\/media\/984"}],"wp:attachment":[{"href":"https:\/\/hesas.com.tr\/en\/wp-json\/wp\/v2\/media?parent=983"}],"wp:term":[{"taxonomy":"product_cat","embeddable":true,"href":"https:\/\/hesas.com.tr\/en\/wp-json\/wp\/v2\/product_cat?post=983"},{"taxonomy":"product_tag","embeddable":true,"href":"https:\/\/hesas.com.tr\/en\/wp-json\/wp\/v2\/product_tag?post=983"}],"curies":[{"name":"wp","href":"https:\/\/api.w.org\/{rel}","templated":true}]}}