{"id":992,"date":"2023-01-11T21:00:52","date_gmt":"2023-01-11T18:00:52","guid":{"rendered":"https:\/\/hesas.com.tr\/?post_type=product&#038;p=992"},"modified":"2023-01-11T21:01:52","modified_gmt":"2023-01-11T18:01:52","slug":"elan-series-triplet","status":"publish","type":"product","link":"https:\/\/hesas.com.tr\/en\/product\/elan-series-triplet\/","title":{"rendered":"Elan Series Triplet"},"content":{"rendered":"<p>&nbsp;<\/p>\n<table class=\"greyGridTable\" style=\"height: 353px;\" width=\"337\">\n<tbody>\n<tr>\n<td>Item Size<\/td>\n<td>70 x 33 x 10 mm<\/td>\n<\/tr>\n<tr>\n<td>Print Surface<\/td>\n<td>\u00d824 mm<\/td>\n<\/tr>\n<tr>\n<td>Package<\/td>\n<td>Small Box<\/td>\n<\/tr>\n<tr>\n<td>Box Size<\/td>\n<td>32 x 21 x 36 cm<\/td>\n<\/tr>\n<tr>\n<td>Pieces in Box<\/td>\n<td>500 ad.<\/td>\n<\/tr>\n<tr>\n<td>Box Weight<\/td>\n<td>16 kg<\/td>\n<\/tr>\n<tr>\n<td>Plating<\/td>\n<td>Nickel<\/td>\n<\/tr>\n<\/tbody>\n<\/table>","protected":false},"excerpt":{"rendered":"<p>&nbsp; \u00dcr\u00fcn Boyutu 70 x 33 x 10 mm Bask\u0131 Y\u00fczeyi \u00d824 mm Paket K\u00fc\u00e7\u00fck Kutu Koli Ebat 32 x 21 x 36 cm Koli \u0130\u00e7i Adet 500 ad. Koli A\u011f\u0131rl\u0131k 16 kg Kaplama Nikel<\/p>","protected":false},"featured_media":993,"template":"","meta":[],"product_cat":[46,71,52],"product_tag":[],"acf":[],"_links":{"self":[{"href":"https:\/\/hesas.com.tr\/en\/wp-json\/wp\/v2\/product\/992"}],"collection":[{"href":"https:\/\/hesas.com.tr\/en\/wp-json\/wp\/v2\/product"}],"about":[{"href":"https:\/\/hesas.com.tr\/en\/wp-json\/wp\/v2\/types\/product"}],"wp:featuredmedia":[{"embeddable":true,"href":"https:\/\/hesas.com.tr\/en\/wp-json\/wp\/v2\/media\/993"}],"wp:attachment":[{"href":"https:\/\/hesas.com.tr\/en\/wp-json\/wp\/v2\/media?parent=992"}],"wp:term":[{"taxonomy":"product_cat","embeddable":true,"href":"https:\/\/hesas.com.tr\/en\/wp-json\/wp\/v2\/product_cat?post=992"},{"taxonomy":"product_tag","embeddable":true,"href":"https:\/\/hesas.com.tr\/en\/wp-json\/wp\/v2\/product_tag?post=992"}],"curies":[{"name":"wp","href":"https:\/\/api.w.org\/{rel}","templated":true}]}}